{"id":2019323,"date":"2020-06-01T17:17:00","date_gmt":"2020-06-01T17:17:00","guid":{"rendered":"https:\/\/mariettanegueruela.com\/?post_type=product&#038;p=2019323"},"modified":"2021-11-23T17:10:15","modified_gmt":"2021-11-23T17:10:15","slug":"el-placer-de-pintar","status":"publish","type":"product","link":"https:\/\/forloveatart.com\/en\/producto\/el-placer-de-pintar\/","title":{"rendered":"El placer de pintar"},"content":{"rendered":"<p>Pintura al \u00f3leo sobre lienzo que mide 73 cm. de alto y 100 cm. de ancho, realizada en 2017, enmarcada en list\u00f3n lacado en blanco.<\/p>\n<p>Este cuadro forma parte de lo que la autora denomina retrato de una artista o deseos del artista.<\/p>\n<p>El artista est\u00e1 presente sin estarlo, con la actitud de estar pintando en el lugar que desea.<\/p>\n<p>Sinfon\u00eda de azules y verdes rotos por el amarillo de los limones.<\/p>\n<p>Esta serie de cuadros se realizan entre el a\u00f1o 2017 y 2018 y parten del deseo, la a\u00f1oranza y la necesidad del color azul, pintados por instinto y por placer y la necesidad de escapar a esos para\u00edsos en los que la contemplaci\u00f3n del mar producen un efecto beneficioso para el alma. El mar grabado en la retina de mis a\u00f1os vividos a orillas del Mediterr\u00e1neo.<\/p>\n<p>Estos cuadros se pueden incluir en el denominado\u00a0\u201cNuevo Realismo M\u00e1gico\u201d .<\/p>\n","protected":false},"excerpt":{"rendered":"<p>Pintura al \u00f3leo sobre lienzo que mide 73 cm. de alto y 100 cm. de ancho, realizada en 2017, enmarcada en list\u00f3n lacado en blanco.<\/p>\n<p>Este cuadro forma parte de lo que la autora denomina retrato de una artista o deseos del artista.<\/p>\n<p>Sinfon\u00eda de azules y verdes rotos por el amarillo de los limones.<\/p>\n<p>Estos cuadros se pueden incluir en el denominado\u00a0\u201cNuevo Realismo M\u00e1gico\u201d .<\/p>\n","protected":false},"featured_media":2019338,"template":"","meta":[],"product_brand":[],"product_cat":[614,622,177],"product_tag":[141,152,140,133,154],"class_list":{"0":"post-2019323","1":"product","2":"type-product","3":"status-publish","4":"has-post-thumbnail","6":"product_cat-artistas","7":"product_cat-marietta-negueruela","8":"product_cat-paintings","9":"product_tag-arte-contemporaneo","10":"product_tag-bodegones","11":"product_tag-nueva-figuracion","12":"product_tag-realismo-magico","13":"product_tag-surrealismo","14":"product_shipping_class-caja","17":"instock","18":"sold-individually","19":"shipping-taxable","20":"purchasable","21":"product-type-simple"},"_links":{"self":[{"href":"https:\/\/forloveatart.com\/en\/wp-json\/wp\/v2\/product\/2019323","targetHints":{"allow":["GET"]}}],"collection":[{"href":"https:\/\/forloveatart.com\/en\/wp-json\/wp\/v2\/product"}],"about":[{"href":"https:\/\/forloveatart.com\/en\/wp-json\/wp\/v2\/types\/product"}],"version-history":[{"count":0,"href":"https:\/\/forloveatart.com\/en\/wp-json\/wp\/v2\/product\/2019323\/revisions"}],"wp:featuredmedia":[{"embeddable":true,"href":"https:\/\/forloveatart.com\/en\/wp-json\/wp\/v2\/media\/2019338"}],"wp:attachment":[{"href":"https:\/\/forloveatart.com\/en\/wp-json\/wp\/v2\/media?parent=2019323"}],"wp:term":[{"taxonomy":"product_brand","embeddable":true,"href":"https:\/\/forloveatart.com\/en\/wp-json\/wp\/v2\/product_brand?post=2019323"},{"taxonomy":"product_cat","embeddable":true,"href":"https:\/\/forloveatart.com\/en\/wp-json\/wp\/v2\/product_cat?post=2019323"},{"taxonomy":"product_tag","embeddable":true,"href":"https:\/\/forloveatart.com\/en\/wp-json\/wp\/v2\/product_tag?post=2019323"}],"curies":[{"name":"wp","href":"https:\/\/api.w.org\/{rel}","templated":true}]}}