{"id":2019373,"date":"2020-06-03T12:02:56","date_gmt":"2020-06-03T12:02:56","guid":{"rendered":"https:\/\/mariettanegueruela.com\/?post_type=product&#038;p=2019373"},"modified":"2021-11-23T09:58:15","modified_gmt":"2021-11-23T09:58:15","slug":"campos-de-lavanda","status":"publish","type":"product","link":"https:\/\/forloveatart.com\/en\/producto\/campos-de-lavanda\/","title":{"rendered":"Campos de lavanda"},"content":{"rendered":"<p>Pintura al \u00f3leo sobre madera, que mide 100 cm. de alto y 40 cm. de ancho enmarcado en madera natural.<\/p>\n<p>Pertenece a la serie de paisajes geom\u00e9tricos inspirados en los campos de Castilla.<\/p>\n<p>Obra reciente de la artista en la que se pueden contemplar las estaciones del a\u00f1o.<\/p>\n<p>Esta pintura pertenece al invierno y se caracteriza por la utilizaci\u00f3n de colores fr\u00edos.. Se realiz\u00f3 en el invierno de 2019.<\/p>\n<p>Se puede contemplar una linea de horizonte que divide el cuadro en dos de la que parte un punto de fuga.<\/p>\n<p>Arte contempor\u00e1neo dentro del nuevo movimiento denominado \u00bb Nuevo realismo m\u00e1gico\u00bb<\/p>\n","protected":false},"excerpt":{"rendered":"<p>Pintura al \u00f3leo sobre madera, que mide 100 cm. de alto y 40 cm. de ancho enmarcado en madera natural.<\/p>\n<p>Pertenece a la serie de paisajes geom\u00e9tricos inspirados en los campos de Castilla.<\/p>\n<p>Obra reciente de la artista en la que se pueden contemplar las estaciones del a\u00f1o.<\/p>\n<p>Esta pintura pertenece al invierno.<\/p>\n<p>Se puede contemplar una linea de horizonte que divide el cuadro en dos de la que parte un punto de fuga.<\/p>\n<p>Arte contempor\u00e1neo dentro del nuevo movimiento denominado \u00bb Nuevo realismo m\u00e1gico\u00bb<\/p>\n","protected":false},"featured_media":2019374,"template":"","meta":[],"product_brand":[],"product_cat":[614,622,177],"product_tag":[141,148,140,149,133],"class_list":{"0":"post-2019373","1":"product","2":"type-product","3":"status-publish","4":"has-post-thumbnail","6":"product_cat-artistas","7":"product_cat-marietta-negueruela","8":"product_cat-paintings","9":"product_tag-arte-contemporaneo","10":"product_tag-cubismo","11":"product_tag-nueva-figuracion","12":"product_tag-paisaje-castellano","13":"product_tag-realismo-magico","14":"product_shipping_class-caja","15":"pa_artistas-verificados-marietta-negueruela","16":"pa_disciplina-pintura","17":"pa_estilo-pintura-metafisica","18":"pa_orientacion-vertical","19":"pa_tecnica-oleo","20":"pa_tema-paisaje","23":"instock","24":"sold-individually","25":"shipping-taxable","26":"purchasable","27":"product-type-simple"},"_links":{"self":[{"href":"https:\/\/forloveatart.com\/en\/wp-json\/wp\/v2\/product\/2019373","targetHints":{"allow":["GET"]}}],"collection":[{"href":"https:\/\/forloveatart.com\/en\/wp-json\/wp\/v2\/product"}],"about":[{"href":"https:\/\/forloveatart.com\/en\/wp-json\/wp\/v2\/types\/product"}],"version-history":[{"count":0,"href":"https:\/\/forloveatart.com\/en\/wp-json\/wp\/v2\/product\/2019373\/revisions"}],"wp:featuredmedia":[{"embeddable":true,"href":"https:\/\/forloveatart.com\/en\/wp-json\/wp\/v2\/media\/2019374"}],"wp:attachment":[{"href":"https:\/\/forloveatart.com\/en\/wp-json\/wp\/v2\/media?parent=2019373"}],"wp:term":[{"taxonomy":"product_brand","embeddable":true,"href":"https:\/\/forloveatart.com\/en\/wp-json\/wp\/v2\/product_brand?post=2019373"},{"taxonomy":"product_cat","embeddable":true,"href":"https:\/\/forloveatart.com\/en\/wp-json\/wp\/v2\/product_cat?post=2019373"},{"taxonomy":"product_tag","embeddable":true,"href":"https:\/\/forloveatart.com\/en\/wp-json\/wp\/v2\/product_tag?post=2019373"}],"curies":[{"name":"wp","href":"https:\/\/api.w.org\/{rel}","templated":true}]}}