{"id":2019440,"date":"2020-06-08T17:52:31","date_gmt":"2020-06-08T17:52:31","guid":{"rendered":"https:\/\/mariettanegueruela.com\/?post_type=product&#038;p=2019440"},"modified":"2021-11-23T10:36:34","modified_gmt":"2021-11-23T10:36:34","slug":"verde-claro","status":"publish","type":"product","link":"https:\/\/forloveatart.com\/en\/producto\/verde-claro\/","title":{"rendered":"Verde Claro"},"content":{"rendered":"<p><b>La caja de l\u00e1pices de colores<\/b>.<\/p>\n<p>Este proyecto da comienzo en el invierno de 2019, dentro de la nueva serie de la artista denominada paisajes geom\u00e9tricos.<\/p>\n<p>Marietta Negueruela se ha distinguido siempre por la importancia del color en su obra, y en esta serie pretende rendir homenaje a la vez al color y a Castilla.<\/p>\n<p>Son cuadros pintados al \u00f3leo sobre madera del mismo formato de 30 X 40 cm. Y cada uno con un color y sus diversas tonalidades; el tema: el paisaje, lo fundamental: el color.<\/p>\n<p>En palabras de la pintora este proyecto es infinito. La primera obra comienza con el blanco, amarillo,naranja&#8230; y as\u00ed sucesivamente.<\/p>\n<p>En palabras de la artista:<\/p>\n<p><em><i>\u201c<\/i><\/em><em><i>Una de las im\u00e1genes clavadas en mi retina,<\/i><\/em><strong><em><b><i>\u00a0La caja de\u00a0<\/i><\/b><\/em><\/strong><em><i><b>l\u00e1pices\u00a0de colores<\/b><\/i><\/em><em><i>,<\/i><\/em><em><i>\u00a0normalmente te sol\u00edan regalar<\/i><\/em><em><i>\u00a0Alpino<\/i><\/em><em><i>, que alegr\u00eda me produc\u00eda y me produce contemplar esas maravillosas cajas de pinturas de colores, ordenadas, sin estrenar, pasar la mano y <\/i><\/em><em><i>removerlas<\/i><\/em><em><i>\u00a0por encima y el tacto de la madera\u2026<\/i><\/em><\/p>\n<p><em><i>Maravillosos recuerdos, hace a\u00f1os realic\u00e9 varias acuarelas para rendir homenaje a mi vieja caja de acuarelas y ahora comienzo este proyecta a las cajas de pinturas de colores.<\/i><\/em><em><i>\u201d<\/i><\/em><\/p>\n<p>Esta primera representaci\u00f3n son doce cuadros en los que tienen que ir colgados en el orden de la caja de pinturillas con poca distancia entre ellos. Blanco, Amarillo, Naranja, Rojo, Rosa, Violeta, Verde Claro(esmeralda),Verde Oscuro(Viridiana),Azul Claro, Azul Cobalto, Gris y Marr\u00f3n.<\/p>\n<p><b>MARIETTA NEGUERUELA <\/b><\/p>\n<p><b>Formaci\u00f3n <\/b><\/p>\n<p>Segovia &#8211; Escuela de Artes y Oficios. 1981.<\/p>\n<p>Sargadelos &#8211; Curso de Cer\u00e1mica agosto 1981.<\/p>\n<p>Madrid &#8211; Escuela deCer\u00e1mica.1982.<\/p>\n<p>Mil\u00e1n- Academia de Bellas Artes de Brera. 1982-85.<\/p>\n<p>Madrid- Talleres de Arte Actual con Julio Le Parc<\/p>\n<p>Palma de Mallorca -Taller Escoc\u00e9s de Grabado, fundaci\u00f3n Mir\u00f3. 1993.<\/p>\n<p><b>EXPOSICIONES INDIVIDUALES <\/b><\/p>\n<p>1984\u00a0 Galer\u00eda Fax Simile, Mil\u00e1n.<\/p>\n<p>1984 Sala de Exposiciones Delegaci\u00f3n de Cultura, Palencia.<\/p>\n<p>1985 Galer\u00eda Moriarty, Madrid.<\/p>\n<p>1988 Galer\u00eda T\u00e9rmino, Madrid.<\/p>\n<p>1989 Galer\u00eda 4 Gats. Palma de Mallorca.<\/p>\n<p>1990 Sala Caja Espa\u00f1a, Palencia.<\/p>\n<p>1991 Galer\u00eda Gloria de Prada, Barcelona.<\/p>\n<p>1991 Galer\u00eda B\u00e1rcena y C\u00eda., Madrid.<\/p>\n<p>1993 Galer\u00eda Sephira, Madrid.<\/p>\n<p>1996 Galer\u00eda Atelier, Mallorca.<\/p>\n<p>1996 Galer\u00eda Evelio Gayubo, Valladolid.<\/p>\n<p>2003 Galer\u00eda Can Pinos, Palma de Mallorca.<\/p>\n<p>2003\u00a0 Colegio de Arquitectos de Palencia<\/p>\n<p>2004 Galer\u00eda G.M.N. &#038; C\u00eda., Palencia.<\/p>\n<p>2010 Galer\u00eda Sard\u00f3n, Le\u00f3n<\/p>\n<p>2010 Venta Bofard, Fr\u00f3mista (Palencia).<\/p>\n<p>2015 30 A\u00f1os de Pintura Palencia<\/p>\n<p>2019 Galer\u00eda Feel &#038; Flow, Madrid.<\/p>\n<p>2019 Arte-Mayor 44, Palencia.<\/p>\n<p>2020 Galer\u00eda La Maleta, Valladolid.<\/p>\n<p><b>EXPOSICIONES COLECTIVAS <\/b><\/p>\n<p>1982 Mostra Giovanni Artisti della Academia di Brera. Estudio Garibaldi. Mil\u00e1n.<\/p>\n<p>1982 Donna 82. Galer\u00eda Falsaperla. Mil\u00e1n.<\/p>\n<p>1983 Mostra Giovanni Artisti della Academia di Brera.<\/p>\n<p>Estudio Garibaldi. Mil\u00e1n<\/p>\n<p>1982 Donna 83. Galer\u00eda Falsaperla, Mil\u00e1n.<\/p>\n<p>1984 Fiori Chiari, Fiori Oscuri. Galer\u00eda Falsaperla. Mil\u00e1n.<\/p>\n<p>1984 Las Ciudades. Galer\u00eda Moriarty. Madrid.<\/p>\n<p>1985 Muestra de Arte Joven de Madrid, Madrid.<\/p>\n<p>1985 Expo Aire 85. Palencia.<\/p>\n<p>1983 Premios Arganzuela. Casa del reloj. Madrid.<\/p>\n<p>1984 Exposici\u00f3n de Pintura de Fuenlabrada. Madrid.<\/p>\n<p>1986 Muestra de Pintura. Concejal\u00eda de Tetu\u00e1n. Madrid.<\/p>\n<p>1987 C\u00edrculo de Bellas Artes. Talleres de Arte Actual. Madrid.<\/p>\n<p>1988 Sexteto Madrile\u00f1o. Galer\u00eda Fac Simile. Mil\u00e1n.<\/p>\n<p>1987 Arte Joven de Ayer y de Hoy. Itinerante Por Castilla y Le\u00f3n<\/p>\n<p>1987\u00a0 A Tres Bandas. Ermua (Vizcaya)<\/p>\n<p>1989 Centro Alberto S\u00e1nchez. Tres en Raya. Madrid.<\/p>\n<p>1991 Galer\u00eda B\u00e1rcena Bergruem. Marzo. Madrid.<\/p>\n<p>1991 Galer\u00eda B\u00e1rcena Bergruem. Madrid.<\/p>\n<p>1992 Premios Ciudad de Palencia. Palencia.<\/p>\n<p>1992 Naturalezas. Madrid.<\/p>\n<p>2000 25 a\u00f1os de Pintura en Palencia. Palencia.<\/p>\n<p>2003 Premios de Artes Pl\u00e1sticas Ciudad de Palencia<\/p>\n<p>2004 Galer\u00eda Teresa Cuadrado. Valladolid.<\/p>\n<p>2005 ARCALE, Feria de Arte Contempor\u00e1neo. Valladolid.<\/p>\n<p>2006 MARB ART, Feria de Arte Contempor\u00e1neo. Marbella (M\u00e1laga)<\/p>\n<p>2006 Galer\u00eda G.M.N. &#038; C\u00eda. Palencia<\/p>\n<p>2007 Feria de Arte Contempor\u00e1neo de Sevilla, Galer\u00eda Ra del Rey.<\/p>\n<p>2006 Galer\u00eda Ra del Rey Madrid<\/p>\n<p>2006 Galer\u00eda Sard\u00f3n Le\u00f3n<\/p>\n<p>2007 ARCALE- Feria de Arte Contempor\u00e1neo de Castilla y Le\u00f3n, Valladolid.<\/p>\n<p>2007 Galer\u00eda BERNESGA. Le\u00f3n<\/p>\n<p>2007 Galer\u00eda G.M.N. &#038; C\u00eda. Palencia<\/p>\n<p>2008 Galer\u00eda G.M.N. &#038; C\u00eda. Iniciaci\u00f3n al Coleccionismo. Palencia.<\/p>\n<p>2008 Galer\u00eda G.M.N. &#038; C\u00eda. Iniciaci\u00f3n al Coleccionismo, Palencia.<\/p>\n<p>2009 Galer\u00eda G.M.N. &#038; C\u00eda. Iniciaci\u00f3n al Coleccionismo. Palencia.<\/p>\n<p>2011 Galer\u00eda de arte Rafael, Valladolid.<\/p>\n<p>2013 Feria de Arte Contempor\u00e1neo Arteando. Ir\u00fan.<\/p>\n<p>2013 Galer\u00eda de Arte Gaud\u00ed, Madrid<\/p>\n<p>2014 Feria de Arte Contempor\u00e1neo ArteandO. Ir\u00fan<\/p>\n<p>2014 Feria de Arte Contempor\u00e1neo. Biarritz.<\/p>\n<p>2015 Feria de Arte Contempor\u00e1neo, Salamanca.<\/p>\n<p>2015 Galer\u00eda Arte-Mayor44, Palencia.<\/p>\n<p>2016 Galer\u00eda Arte-Mayor44 ,Palencia.<\/p>\n<p>2018 Galer\u00eda Feel &#038; Flow , Madrid<\/p>\n<p>2019 Galer\u00eda Arte-Mayor 44, Palencia<\/p>\n","protected":false},"excerpt":{"rendered":"<p>Este cuadro pertenece a una serie llamada &#8220;<span style=\"color: #339966;\" data-mce-style=\"color: #339966;\"><strong><em>Caja de L\u00e1pices de Colores<\/em><\/strong><\/span>&#8221; son cuadros pintados al \u00f3leo sobre madera de 30 cm. de alto por 40 cm. de largo, con marco blanco.<\/p>\n<p>El cuadro representa un paisaje geom\u00e9trico de color verde.<\/p>\n<p>El estudio de los colores con sus infinitos tonos.<\/p>\n","protected":false},"featured_media":2021128,"template":"","meta":[],"product_brand":[],"product_cat":[614,622,177],"product_tag":[141,140,149,714,133],"class_list":{"0":"post-2019440","1":"product","2":"type-product","3":"status-publish","4":"has-post-thumbnail","6":"product_cat-artistas","7":"product_cat-marietta-negueruela","8":"product_cat-paintings","9":"product_tag-arte-contemporaneo","10":"product_tag-nueva-figuracion","11":"product_tag-paisaje-castellano","12":"product_tag-paisaje-metafisico","13":"product_tag-realismo-magico","14":"product_shipping_class-caja","15":"pa_artistas-verificados-marietta-negueruela","16":"pa_disciplina-pintura","17":"pa_estilo-geometrico","18":"pa_orientacion-horizontal","19":"pa_tecnica-oleo","20":"pa_tema-paisaje","23":"instock","24":"sold-individually","25":"shipping-taxable","26":"purchasable","27":"product-type-simple"},"_links":{"self":[{"href":"https:\/\/forloveatart.com\/en\/wp-json\/wp\/v2\/product\/2019440","targetHints":{"allow":["GET"]}}],"collection":[{"href":"https:\/\/forloveatart.com\/en\/wp-json\/wp\/v2\/product"}],"about":[{"href":"https:\/\/forloveatart.com\/en\/wp-json\/wp\/v2\/types\/product"}],"version-history":[{"count":1,"href":"https:\/\/forloveatart.com\/en\/wp-json\/wp\/v2\/product\/2019440\/revisions"}],"predecessor-version":[{"id":2021134,"href":"https:\/\/forloveatart.com\/en\/wp-json\/wp\/v2\/product\/2019440\/revisions\/2021134"}],"wp:featuredmedia":[{"embeddable":true,"href":"https:\/\/forloveatart.com\/en\/wp-json\/wp\/v2\/media\/2021128"}],"wp:attachment":[{"href":"https:\/\/forloveatart.com\/en\/wp-json\/wp\/v2\/media?parent=2019440"}],"wp:term":[{"taxonomy":"product_brand","embeddable":true,"href":"https:\/\/forloveatart.com\/en\/wp-json\/wp\/v2\/product_brand?post=2019440"},{"taxonomy":"product_cat","embeddable":true,"href":"https:\/\/forloveatart.com\/en\/wp-json\/wp\/v2\/product_cat?post=2019440"},{"taxonomy":"product_tag","embeddable":true,"href":"https:\/\/forloveatart.com\/en\/wp-json\/wp\/v2\/product_tag?post=2019440"}],"curies":[{"name":"wp","href":"https:\/\/api.w.org\/{rel}","templated":true}]}}