{"id":2019442,"date":"2020-06-08T18:10:30","date_gmt":"2020-06-08T18:10:30","guid":{"rendered":"https:\/\/mariettanegueruela.com\/?post_type=product&#038;p=2019442"},"modified":"2021-11-23T10:34:11","modified_gmt":"2021-11-23T10:34:11","slug":"rosa","status":"publish","type":"product","link":"https:\/\/forloveatart.com\/en\/producto\/rosa\/","title":{"rendered":"rosa"},"content":{"rendered":"<p>Este cuadro pertenece a una serie llamada &#8220;Caja de pinturillas&#8221; son cuadros pintados al \u00f3leo sobre madera de 30 X 40 cm. con marco blanco.<\/p>\n<p>El cuadro representa un paisaje geom\u00e9trico de color rosa.<\/p>\n<p>Una de las im\u00e1genes clavadas en mi retina, La caja de pinturillas normalmente Alpino que te sol\u00edan regalar, que alegr\u00eda me produc\u00eda y me produce contemplar esas maravillosas cajas de pinturas de colores, ordenadas, sin estrenar, pasar la mano y moverlas por encima y el tacto de la madera\u2026<\/p>\n<p>Maravillosos recuerdos, hace a\u00f1os realic\u00e9 varias acuarelas para rendir homenaje a mi vieja caja de acuarelas y ahora comienzo este proyecta a las cajas de pinturas de colores.<\/p>\n<p>El estudio de los colores con sus infinitos tonos.<\/p>\n","protected":false},"excerpt":{"rendered":"<p>Este cuadro pertenece a una serie llamada &#8220;Caja de pinturillas&#8221; son cuadros pintados al \u00f3leo sobre madera de 30 X 40 cm. con marco blanco.<\/p>\n<p>El cuadro representa un paisaje geom\u00e9trico de color rosa.<\/p>\n<p>El estudio de los colores con sus infinitos tonos.<\/p>\n","protected":false},"featured_media":2023447,"template":"","meta":[],"product_brand":[],"product_cat":[614,622,177],"product_tag":[141,140,149,133],"class_list":{"0":"post-2019442","1":"product","2":"type-product","3":"status-publish","4":"has-post-thumbnail","6":"product_cat-artistas","7":"product_cat-marietta-negueruela","8":"product_cat-paintings","9":"product_tag-arte-contemporaneo","10":"product_tag-nueva-figuracion","11":"product_tag-paisaje-castellano","12":"product_tag-realismo-magico","13":"product_shipping_class-caja","14":"pa_artistas-verificados-marietta-negueruela","15":"pa_disciplina-pintura","16":"pa_estilo-geometrico","17":"pa_orientacion-horizontal","18":"pa_tecnica-oleo","19":"pa_tema-paisaje","22":"instock","23":"sold-individually","24":"shipping-taxable","25":"purchasable","26":"product-type-simple"},"_links":{"self":[{"href":"https:\/\/forloveatart.com\/en\/wp-json\/wp\/v2\/product\/2019442","targetHints":{"allow":["GET"]}}],"collection":[{"href":"https:\/\/forloveatart.com\/en\/wp-json\/wp\/v2\/product"}],"about":[{"href":"https:\/\/forloveatart.com\/en\/wp-json\/wp\/v2\/types\/product"}],"version-history":[{"count":0,"href":"https:\/\/forloveatart.com\/en\/wp-json\/wp\/v2\/product\/2019442\/revisions"}],"wp:featuredmedia":[{"embeddable":true,"href":"https:\/\/forloveatart.com\/en\/wp-json\/wp\/v2\/media\/2023447"}],"wp:attachment":[{"href":"https:\/\/forloveatart.com\/en\/wp-json\/wp\/v2\/media?parent=2019442"}],"wp:term":[{"taxonomy":"product_brand","embeddable":true,"href":"https:\/\/forloveatart.com\/en\/wp-json\/wp\/v2\/product_brand?post=2019442"},{"taxonomy":"product_cat","embeddable":true,"href":"https:\/\/forloveatart.com\/en\/wp-json\/wp\/v2\/product_cat?post=2019442"},{"taxonomy":"product_tag","embeddable":true,"href":"https:\/\/forloveatart.com\/en\/wp-json\/wp\/v2\/product_tag?post=2019442"}],"curies":[{"name":"wp","href":"https:\/\/api.w.org\/{rel}","templated":true}]}}