{"id":2019570,"date":"2020-06-17T11:00:31","date_gmt":"2020-06-17T11:00:31","guid":{"rendered":"https:\/\/mariettanegueruela.com\/?post_type=product&#038;p=2019570"},"modified":"2021-11-09T10:01:45","modified_gmt":"2021-11-09T10:01:45","slug":"primavera-en-mallorca","status":"publish","type":"product","link":"https:\/\/forloveatart.com\/en\/producto\/primavera-en-mallorca\/","title":{"rendered":"Primavera en Mallorca"},"content":{"rendered":"<p>Pintura acr\u00edlica sobre lienzo enmarcada con moldura natural.<\/p>\n<p>Mide 100 cm. de alto y 100 cm. de ancho.<\/p>\n<p>Esta pintura pertenece a la ultima etapa que la artista pasa en la isla de Mallorca, una pintura colorista, siempre con el estudio del color y de las inmensas tonalidades. A\u00f1oranza del campo y de la naturaleza, cuadros que est\u00e1n dentro del cuadro. Esta etapa se caracteriza por la construcci\u00f3n del cuadrado y del rect\u00e1ngulo, siempre hay un motivo central y al rededor se establece un discurso con ornamentaci\u00f3n o letras relacionado con ese motivo.<\/p>\n<p>El motivo central es un paisaje de Calvia en febrero, donde la artista quiere resaltar lo maravilloso que es ese mes en la isla, siempre con la primavera adelantada y una luz deslumbrante recalcando en que los colores aunque parezcan excesivos son reales. En los cuadrados que enmarcan el motivo central hay dos que contin\u00faan con el paisaje y los otros son reproducciones de esas florecillas que enmoquetan el campo.<\/p>\n<p>Todo el cuadro logra una sinfon\u00eda de verdes y amarillos de gran armon\u00eda.<\/p>\n","protected":false},"excerpt":{"rendered":"<p>Pintura acr\u00edlica sobre lienzo enmarcada con moldura natural.<\/p>\n<p>Mide 100 cm. de alto y 100 cm. de ancho.<\/p>\n<p>El motivo central es un paisaje de Calvia en febrero, donde la artista quiere resaltar lo maravilloso que es ese mes en la isla, siempre con la primavera adelantada y una luz deslumbrante recalcando en que los colores aunque parezcan excesivos son reales. En los cuadrados que enmarcan el motivo central hay dos que contin\u00faan con el paisaje y los otros son reproducciones de esas florecillas que enmoquetan el campo.<\/p>\n<p>Todo el cuadro logra una sinfon\u00eda de verdes y amarillos de gran armon\u00eda.<\/p>\n","protected":false},"featured_media":2023427,"template":"","meta":[],"product_brand":[],"product_cat":[614,622,177],"product_tag":[141,161,156,133],"class_list":{"0":"post-2019570","1":"product","2":"type-product","3":"status-publish","4":"has-post-thumbnail","6":"product_cat-artistas","7":"product_cat-marietta-negueruela","8":"product_cat-paintings","9":"product_tag-arte-contemporaneo","10":"product_tag-paisaje-mallorquin","11":"product_tag-pintura-narrativa","12":"product_tag-realismo-magico","13":"product_shipping_class-caja","14":"pa_artistas-verificados-marietta-negueruela","15":"pa_disciplina-pintura","16":"pa_estilo-figurativo","17":"pa_orientacion-cuadrado","18":"pa_tecnica-acrilico","19":"pa_tema-paisaje","22":"instock","23":"sold-individually","24":"shipping-taxable","25":"purchasable","26":"product-type-simple"},"_links":{"self":[{"href":"https:\/\/forloveatart.com\/en\/wp-json\/wp\/v2\/product\/2019570","targetHints":{"allow":["GET"]}}],"collection":[{"href":"https:\/\/forloveatart.com\/en\/wp-json\/wp\/v2\/product"}],"about":[{"href":"https:\/\/forloveatart.com\/en\/wp-json\/wp\/v2\/types\/product"}],"version-history":[{"count":0,"href":"https:\/\/forloveatart.com\/en\/wp-json\/wp\/v2\/product\/2019570\/revisions"}],"wp:featuredmedia":[{"embeddable":true,"href":"https:\/\/forloveatart.com\/en\/wp-json\/wp\/v2\/media\/2023427"}],"wp:attachment":[{"href":"https:\/\/forloveatart.com\/en\/wp-json\/wp\/v2\/media?parent=2019570"}],"wp:term":[{"taxonomy":"product_brand","embeddable":true,"href":"https:\/\/forloveatart.com\/en\/wp-json\/wp\/v2\/product_brand?post=2019570"},{"taxonomy":"product_cat","embeddable":true,"href":"https:\/\/forloveatart.com\/en\/wp-json\/wp\/v2\/product_cat?post=2019570"},{"taxonomy":"product_tag","embeddable":true,"href":"https:\/\/forloveatart.com\/en\/wp-json\/wp\/v2\/product_tag?post=2019570"}],"curies":[{"name":"wp","href":"https:\/\/api.w.org\/{rel}","templated":true}]}}