{"id":2020006,"date":"2020-10-22T16:31:22","date_gmt":"2020-10-22T16:31:22","guid":{"rendered":"https:\/\/forloveatart.com\/?post_type=product&#038;p=2020006"},"modified":"2020-12-06T13:11:20","modified_gmt":"2020-12-06T13:11:20","slug":"todavia-queda-un-rincon","status":"publish","type":"product","link":"https:\/\/forloveatart.com\/en\/producto\/todavia-queda-un-rincon\/","title":{"rendered":"Todav\u00eda queda un rinc\u00f3n"},"content":{"rendered":"<p>Cuadro pintado al acr\u00edlico sobre lienzo, mide 81 cm. de alto por 100 cm. de largo. Obra caracter\u00edstica del artista mallorqu\u00edn Antonio Llabres Campins, que sumerge todo su mundo en una atm\u00f3sfera muy particular y sus personajes en un mundo on\u00edrico.<\/p>\n","protected":false},"excerpt":{"rendered":"<p>Cuadro pintado al acr\u00edlico sobre lienzo, mide 81 cm. de alto por 100 cm. de largo. Obra caracter\u00edstica del artista mallorqu\u00edn Antonio Llabres Campins, que sumerge todo su mundo en una atm\u00f3sfera muy particular y sus personajes en un mundo on\u00edrico.<\/p>\n","protected":false},"featured_media":2020001,"template":"","meta":[],"product_brand":[],"product_cat":[624,614,177],"product_tag":[141,168,148,142,145,140,161,163,133],"class_list":{"0":"post-2020006","1":"product","2":"type-product","3":"status-publish","4":"has-post-thumbnail","6":"product_cat-antonio-llabres-campins","7":"product_cat-artistas","8":"product_cat-paintings","9":"product_tag-arte-contemporaneo","10":"product_tag-arte-moderno-pintura","11":"product_tag-cubismo","12":"product_tag-expresionismo","13":"product_tag-fauvismo","14":"product_tag-nueva-figuracion","15":"product_tag-paisaje-mallorquin","16":"product_tag-pintura-colorista","17":"product_tag-realismo-magico","20":"instock","21":"sold-individually","22":"shipping-taxable","23":"purchasable","24":"product-type-simple"},"_links":{"self":[{"href":"https:\/\/forloveatart.com\/en\/wp-json\/wp\/v2\/product\/2020006","targetHints":{"allow":["GET"]}}],"collection":[{"href":"https:\/\/forloveatart.com\/en\/wp-json\/wp\/v2\/product"}],"about":[{"href":"https:\/\/forloveatart.com\/en\/wp-json\/wp\/v2\/types\/product"}],"version-history":[{"count":0,"href":"https:\/\/forloveatart.com\/en\/wp-json\/wp\/v2\/product\/2020006\/revisions"}],"wp:featuredmedia":[{"embeddable":true,"href":"https:\/\/forloveatart.com\/en\/wp-json\/wp\/v2\/media\/2020001"}],"wp:attachment":[{"href":"https:\/\/forloveatart.com\/en\/wp-json\/wp\/v2\/media?parent=2020006"}],"wp:term":[{"taxonomy":"product_brand","embeddable":true,"href":"https:\/\/forloveatart.com\/en\/wp-json\/wp\/v2\/product_brand?post=2020006"},{"taxonomy":"product_cat","embeddable":true,"href":"https:\/\/forloveatart.com\/en\/wp-json\/wp\/v2\/product_cat?post=2020006"},{"taxonomy":"product_tag","embeddable":true,"href":"https:\/\/forloveatart.com\/en\/wp-json\/wp\/v2\/product_tag?post=2020006"}],"curies":[{"name":"wp","href":"https:\/\/api.w.org\/{rel}","templated":true}]}}