{"id":2020026,"date":"2020-10-22T18:27:06","date_gmt":"2020-10-22T18:27:06","guid":{"rendered":"https:\/\/forloveatart.com\/?post_type=product&#038;p=2020026"},"modified":"2020-12-06T13:11:15","modified_gmt":"2020-12-06T13:11:15","slug":"esperanza","status":"publish","type":"product","link":"https:\/\/forloveatart.com\/en\/producto\/esperanza\/","title":{"rendered":"Esperanza"},"content":{"rendered":"<p>Cuadro pintado al \u00f3leo sobre lienzo, mide 33 cm. de alto por 41 cm. de largo. Obra caracter\u00edstica del artista mallorqu\u00edn Antonio Llabres Campins, que sumerge todo su mundo en una atm\u00f3sfera muy particular y sus personajes en un mundo on\u00edrico.<\/p>\n","protected":false},"excerpt":{"rendered":"<p>Cuadro pintado al \u00f3leo sobre lienzo, mide 33 cm. de alto por 41 cm. de largo. Obra caracter\u00edstica del artista mallorqu\u00edn Antonio Llabres Campins, que sumerge todo su mundo en una atm\u00f3sfera muy particular y sus personajes en un mundo on\u00edrico.<\/p>\n","protected":false},"featured_media":2019982,"template":"","meta":[],"product_brand":[],"product_cat":[624,614,177],"product_tag":[173,141,168,148,142,145,140,133],"class_list":{"0":"post-2020026","1":"product","2":"type-product","3":"status-publish","4":"has-post-thumbnail","6":"product_cat-antonio-llabres-campins","7":"product_cat-artistas","8":"product_cat-paintings","9":"product_tag-acrilico","10":"product_tag-arte-contemporaneo","11":"product_tag-arte-moderno-pintura","12":"product_tag-cubismo","13":"product_tag-expresionismo","14":"product_tag-fauvismo","15":"product_tag-nueva-figuracion","16":"product_tag-realismo-magico","19":"instock","20":"sold-individually","21":"shipping-taxable","22":"product-type-simple"},"_links":{"self":[{"href":"https:\/\/forloveatart.com\/en\/wp-json\/wp\/v2\/product\/2020026","targetHints":{"allow":["GET"]}}],"collection":[{"href":"https:\/\/forloveatart.com\/en\/wp-json\/wp\/v2\/product"}],"about":[{"href":"https:\/\/forloveatart.com\/en\/wp-json\/wp\/v2\/types\/product"}],"version-history":[{"count":0,"href":"https:\/\/forloveatart.com\/en\/wp-json\/wp\/v2\/product\/2020026\/revisions"}],"wp:featuredmedia":[{"embeddable":true,"href":"https:\/\/forloveatart.com\/en\/wp-json\/wp\/v2\/media\/2019982"}],"wp:attachment":[{"href":"https:\/\/forloveatart.com\/en\/wp-json\/wp\/v2\/media?parent=2020026"}],"wp:term":[{"taxonomy":"product_brand","embeddable":true,"href":"https:\/\/forloveatart.com\/en\/wp-json\/wp\/v2\/product_brand?post=2020026"},{"taxonomy":"product_cat","embeddable":true,"href":"https:\/\/forloveatart.com\/en\/wp-json\/wp\/v2\/product_cat?post=2020026"},{"taxonomy":"product_tag","embeddable":true,"href":"https:\/\/forloveatart.com\/en\/wp-json\/wp\/v2\/product_tag?post=2020026"}],"curies":[{"name":"wp","href":"https:\/\/api.w.org\/{rel}","templated":true}]}}