{"id":2020034,"date":"2020-10-25T12:55:14","date_gmt":"2020-10-25T12:55:14","guid":{"rendered":"https:\/\/forloveatart.com\/?post_type=product&#038;p=2020034"},"modified":"2020-12-16T08:36:13","modified_gmt":"2020-12-16T08:36:13","slug":"2020034","status":"publish","type":"product","link":"https:\/\/forloveatart.com\/en\/producto\/2020034\/","title":{"rendered":"Bien protegido"},"content":{"rendered":"<p>Cuadro pintado al acr\u00edlico sobre madera, mide 24 cm. de alto por 19 cm. de largo. Obra caracter\u00edstica del artista mallorqu\u00edn Antonio Llabres Campins, que sumerge todo su mundo en una atm\u00f3sfera muy particular y sus personajes en un mundo on\u00edrico.<\/p>\n","protected":false},"excerpt":{"rendered":"<p>Cuadro pintado al acr\u00edlico sobre madera, mide 24 cm. de alto por 19 cm. de largo. Obra caracter\u00edstica del artista mallorqu\u00edn Antonio Llabres Campins, que sumerge todo su mundo en una atm\u00f3sfera muy particular y sus personajes en un mundo on\u00edrico.<\/p>\n","protected":false},"featured_media":2019977,"template":"","meta":[],"product_brand":[],"product_cat":[624,614,592],"product_tag":[173,141,168,163,133],"class_list":{"0":"post-2020034","1":"product","2":"type-product","3":"status-publish","4":"has-post-thumbnail","6":"product_cat-antonio-llabres-campins","7":"product_cat-artistas","8":"product_cat-iniciacion-al-coleccionismo","9":"product_tag-acrilico","10":"product_tag-arte-contemporaneo","11":"product_tag-arte-moderno-pintura","12":"product_tag-pintura-colorista","13":"product_tag-realismo-magico","14":"product_shipping_class-caja","17":"instock","18":"sold-individually","19":"shipping-taxable","20":"purchasable","21":"product-type-simple"},"_links":{"self":[{"href":"https:\/\/forloveatart.com\/en\/wp-json\/wp\/v2\/product\/2020034","targetHints":{"allow":["GET"]}}],"collection":[{"href":"https:\/\/forloveatart.com\/en\/wp-json\/wp\/v2\/product"}],"about":[{"href":"https:\/\/forloveatart.com\/en\/wp-json\/wp\/v2\/types\/product"}],"version-history":[{"count":0,"href":"https:\/\/forloveatart.com\/en\/wp-json\/wp\/v2\/product\/2020034\/revisions"}],"wp:featuredmedia":[{"embeddable":true,"href":"https:\/\/forloveatart.com\/en\/wp-json\/wp\/v2\/media\/2019977"}],"wp:attachment":[{"href":"https:\/\/forloveatart.com\/en\/wp-json\/wp\/v2\/media?parent=2020034"}],"wp:term":[{"taxonomy":"product_brand","embeddable":true,"href":"https:\/\/forloveatart.com\/en\/wp-json\/wp\/v2\/product_brand?post=2020034"},{"taxonomy":"product_cat","embeddable":true,"href":"https:\/\/forloveatart.com\/en\/wp-json\/wp\/v2\/product_cat?post=2020034"},{"taxonomy":"product_tag","embeddable":true,"href":"https:\/\/forloveatart.com\/en\/wp-json\/wp\/v2\/product_tag?post=2020034"}],"curies":[{"name":"wp","href":"https:\/\/api.w.org\/{rel}","templated":true}]}}