{"id":2020048,"date":"2020-10-27T10:51:18","date_gmt":"2020-10-27T10:51:18","guid":{"rendered":"https:\/\/forloveatart.com\/?post_type=product&#038;p=2020048"},"modified":"2020-12-06T13:49:17","modified_gmt":"2020-12-06T13:49:17","slug":"abracemonos","status":"publish","type":"product","link":"https:\/\/forloveatart.com\/en\/producto\/abracemonos\/","title":{"rendered":"Abrac\u00e9monos"},"content":{"rendered":"<p>Antoni Llabr\u00e9s Campins es un artista que se dedica a la pintura porque le gusta ver su entorno como si fuera un teatro de marionetes. As\u00ed, puede hacerse suya la realidad y manejarla como a \u00e9l le antoje, per\u00f2 tambi\u00e9n construir con colores las formas que, \u00a0seg\u00fan su gozo deberia tener. Todo este juego personal lo consigue el artista con la pr\u00e1ctica, no de los principios de la construcci\u00f3n de las formas seg\u00fan la teoria del claroscuro o del trompel\u00b4oeil, sin\u00f3 siguiendo las indicacions de los maestros del cubismo: las formas de las cosas corresponen a sus valores crom\u00e1ticos, es decir, cada forma est\u00e0 construida por un color, por una intenci\u00f3n crom\u00e0tica. Al hacerlo as\u00ed, Llabr\u00e9s Campins consigue crear unos frisos de rica intensidad de color y, en conjunto, hacernos sentir la emoci\u00f3n por la via estrictamente pl\u00e1stica de lo que nos relata, que es la vida, el entorno, y el paisaje de las ciudades y pueblos- que parece que se mantienen anclados en un tiempo indefinido- de la isla de Mallorca. \u00bfIngenuidad? No, juego pl\u00e1stico estricto con significaciones subsidi\u00e1rias<\/p>\n<p>Arnau Puig<!--more--><\/p>\n<p>Barcelona, 18\/03\/1999<\/p>\n<p><strong><b>Antoni Llabr\u00e9s Campins<\/b><\/strong><\/p>\n<p>Mallorca, 1965.<\/p>\n<p><strong><b>\u00a0<\/b><\/strong><strong><b>Exposiciones individuales<\/b><\/strong><\/p>\n<p>1989 \u00a0Escuela Libre del Mediterr\u00e1neo, Palma, Mallorca.<\/p>\n<p>1990 \u00a0Sala de exposiciones de &#8220;La Caixa&#8221;, Santa Mar\u00eda del Cam\u00ed, Mallorca.<\/p>\n<p>Sala de Arte Calvi\u00e1, Casino de Mallorca, Calvi\u00e1, Mallorca.<\/p>\n<p>1992 \u00a0Galer\u00eda Brondo, Palma, Mallorca.<\/p>\n<p>1994 \u00a0Joan Oliver &#8220;Maneu&#8221; Galeria d\u00b4Art, Palma, Mallorca.<\/p>\n<p>1995 \u00a0Feria Interart, Valencia. Stand Joan Oliver &#8220;Maneu&#8221; Galeria d\u00b4Art, Palma, Mallorca.<\/p>\n<p>Galer\u00eda Mabel V\u00e1zquez, Lleida.<\/p>\n<p>1996 \u00a0Feria Interart, Valencia. Stand Joan Oliver &#8220;Maneu&#8221; Galeria d\u00b4Art, Palma, Mallorca.<\/p>\n<p>1998 \u00a0Sala Rebull, Reus, Tarragona.<\/p>\n<p>Galer\u00eda Afinsa-Trindade, Porto, Portugal.<\/p>\n<p>Sala de Exposiciones Afinsa, Lisboa, Portugal.<\/p>\n<p>Galer\u00eda Puchol, Valencia.<\/p>\n<p>1999 \u00a0Joan Oliver &#8220;Maneu&#8221; Galer\u00eda de Arte y Galer\u00eda Mediterr\u00e1nea (exposici\u00f3n simult\u00e1nea), Palma \u00a0\u00a0\u00a0\u00a0\u00a0\u00a0\u00a0de Mallorca.<\/p>\n<p>Espai Mallorca, Barcelona.<\/p>\n<p>Galer\u00eda CC-22, Madrid.<\/p>\n<p>2000 \u00a0Trindade Galer\u00eda de Arte, Oporto, Portugal.<\/p>\n<p>Galer\u00eda Ta\u00fcll, Barcelona.<\/p>\n<p>2001 \u00a0Galer\u00eda CC-22, Madrid.<\/p>\n<p>2002 \u00a0Joan Oliver &#8220;Maneu&#8221; Galeria d\u00b4Art, Palma, Mallorca.<\/p>\n<p>Qu\u00e0sars Galeria d\u00b4Art, Manacor, Mallorca.<\/p>\n<p>2003 \u00a0Ca\u00b4n Janer Galeria d\u00b4Art, Inca, Mallorca.<\/p>\n<p>2004 \u00a0Galeria Tuset, Barcelona.<\/p>\n<p>2005 \u00a0Galer\u00eda CC-22, Madrid.<\/p>\n<p>2006 \u00a0Joan Oliver &#8220;Maneu&#8221;, Palma, Mallorca.<\/p>\n<p>2007 \u00a0Galer\u00eda CC-22, Madrid.<\/p>\n<p>Galer\u00eda de Arte Marietta Negueruela, Palencia.<\/p>\n<p>2008 \u00a0Galer\u00eda Ocho, Capdepera, Mallorca.<\/p>\n<p>2008 \u00a0Art Galeria Vernissage, Castelldefels, Barcelona<\/p>\n<p>2008 \u00a0Galer\u00eda Marim\u00f3n, Ca\u00b4n Picafort, Mallorca.<\/p>\n<p>2009 \u00a0Galer\u00eda Rac\u00f3 98, Soller, Mallorca.<\/p>\n<p>2012 \u00a0Feria Sta. Maria del cam\u00ed, Mallorca.<\/p>\n<p>2013 \u00a0Biblioteca Cas Metge Rei, Sala Cultural. Santa Maria del cami, Islas Baleares.<\/p>\n<p>2016 \u00a0Camin Art, Santa Maria del cami, Islas Baleares.<\/p>\n<p>2017 \u00a0Celler Jaume de puntir\u00f3, Santa Maria del cami. Islas Baleares.<\/p>\n<p><strong><b>Exposiciones colectivas <\/b><\/strong><\/p>\n<p>1990 \u00a09-EX, Colegio Lu\u00eds Vives, Palma, Mallorca.<\/p>\n<p>Lladr\u00f3 Art Gallery, Nueva York, EE.UU.<\/p>\n<p>1991 \u00a0Lladr\u00f3 Art Gallery, Nueva York, EE.UU.<\/p>\n<p>Galer\u00eda \u00c1gora 3, Sitges, Barcelona.<\/p>\n<p>XII Certamen de Pintura Vila de Santa Mar\u00eda del Cam\u00ed (Tercer premio), Mallorca<\/p>\n<p>1992 \u00a0Lladr\u00f3 Art Gallery, Nueva York, EE.UU.<\/p>\n<p>Galer\u00edas Comas, Barcelona.<\/p>\n<p>Galer\u00eda \u00c1gora 3, Sitges, Barcelona.<\/p>\n<p>Galer\u00eda Bearn, Palma, Mallorca.<\/p>\n<p>1993 \u00a0Galer\u00eda Brondo, Palma, Mallorca.<\/p>\n<p>Feria Interart, Valencia. Stand Galer\u00eda Matissos, Colonia Sant Jordi, Mallorca.<\/p>\n<p>XIV Certamen de Pintura Vila de Santa Mar\u00eda del Cam\u00ed (primer premio), Mallorca.<\/p>\n<p>1994 \u00a0Joan Oliver &#8220;Maneu&#8221; Galeria d\u00b4Art, Palma, Mallorca.<\/p>\n<p>Feria Interart, Valencia. Stand Joan Oliver &#8220;Maneu&#8221; Galeria D\u00b4Art, Palma, Mallorca.<\/p>\n<p>Feria Interart, Toulouse. Stand Joan Oliver &#8220;Maneu&#8221; Galeria D\u00b4Art, Palma, Mallorca.<\/p>\n<p>1995 \u00a0Feria de Brocanters y Galeristas, Stand Joan Oliver &#8220;Maneu&#8221; Galeria D\u00b4Art, Palma, Mallorca.<\/p>\n<p>12 anys damunt paper, Joan Oliver &#8220;Maneu&#8221; Galeria D\u00b4Art, Palma, Mallorca.<\/p>\n<p>VII Concurso de Pintura de la XI Mostra de Cuina Mallorquina (primer premio), Palma, \u00a0\u00a0Mallorca.<\/p>\n<p>1996 \u00a0Feria de Brocanters y Galeristas, Stand Joan Oliver &#8220;Maneu&#8221; Galeria D\u00b4Art, Palma, Mallorca.<\/p>\n<p>Magic in Art, Museum F\u00fcr das F\u00fcrstentum, L\u00fcnenburg, Alemania.<\/p>\n<p>VI Concurso Internacional de Pintura Fundaci\u00f3n Barcel\u00f3, (acc\u00e9sit), Palma, Mallorca.<\/p>\n<p>Artexpo, Feria de Barcelona, Stand Joan Oliver &#8220;Maneu&#8221; Galeria D\u00b4Art, Palma, Mallorca.<\/p>\n<p>XII Concurso de Pintura de Andratx (primer premio), Mallorca.<\/p>\n<p>1997 \u00a0Galer\u00eda Mediterr\u00e0nea, Santany\u00ed, Mallorca.<\/p>\n<p>Artexpo, Feria de Barcelona, Stand Joan Oliver &#8220;Maneu&#8221; Galeria D\u00b4Art, Palma, Mallorca.<\/p>\n<p>1998 \u00a0Seleccionado XXV Certamen Internacional de Artes Pl\u00e1sticas del Ayuntamiento de Pollen\u00e7a, Mallorca.<\/p>\n<p>Artexpo. Feria de Arte de Barcelona, Stand Joan Oliver &#8220;Maneu&#8221;. Barcelona.<\/p>\n<p>Artexpo. Feria de Arte de Barcelona, Stand Gemma Gimeno Art. Barcelona.<\/p>\n<p>Talleres Mir\u00f3. Fundaci\u00f3n Pilar y Joan Mir\u00f3 en Mallorca. Palma de Mallorca.<\/p>\n<p>Mac 21. Feria de Arte de Marbella, Stand Galer\u00eda Mediterr\u00e1nea. M\u00e1laga.<\/p>\n<p>1999 \u00a0Giovanne pittura delle Baleari, Loreto Arte Novantanove, Loreto, Italia.<\/p>\n<p>Artexpo, Feria de Barcelona, Stand Joan Oliver &#8220;Maneu&#8221; Galeria D\u00b4Art, Barcelona.<\/p>\n<p>Artexpo, Feria de Barcelona, Stand Gemma Gimeno Art, Barcelona.<\/p>\n<p>2000 \u00a0Arte Santander, Stand Galer\u00eda CC-22, Santander.<\/p>\n<p>Feria Inerart. Stand Galer\u00eda Qu\u00e0sars. Valencia.<\/p>\n<p>Artexpo. Feria de Arte de Barcelona, Stand Joan Oliver &#8220;Maneu&#8221;. Barcelona.<\/p>\n<p>V Aniversario Galer\u00eda CC-22. Madrid.<\/p>\n<p>Lineart Gent. Stand Galer\u00eda Qu\u00e0sars. B\u00e9lgica.<\/p>\n<p>2001 \u00a0Arte Santander, Stand Galer\u00eda CC-22, Santander.<\/p>\n<p>Interart\u00b401, Valencia. Stand Joan Oliver &#8220;Maneu&#8221; Galeria D\u00b4Art, Valencia.<\/p>\n<p>Artexpo, Feria de Barcelona, Stand Joan Oliver &#8220;Maneu&#8221; Galer\u00eda D\u00b4Art y Gemma Gimeno Art, Barcelona.<\/p>\n<p>2002 \u00a0Ses obres. 40 artistas mallorquines. Mardavall Hotel &amp; Spa, Mallorca. Galleria Lazzaro by Corsi. Mil\u00e1n.<\/p>\n<p>Artexpo, Feria de Barcelona, Stand Joan Oliver &#8220;Maneu&#8221; Galeria D\u00b4Art, Barcelona.<\/p>\n<p>Lineart, Stand Galer\u00eda Qu\u00e1sars, B\u00e9lgica.<\/p>\n<p>2003 \u00a0Maneu Punt d\u00b4Art, Palma, Mallorca.<\/p>\n<p>2004 \u00a0Arte Santander, Stand Galer\u00eda Qu\u00e1sars, Santander.<\/p>\n<p>2005 \u00a0Gemma Gimeno Art, Barcelona.<\/p>\n<p>2006 \u00a0Fundaci\u00f3 Tren d\u00b4Art, Palma, Mallorca.<\/p>\n<p>Galer\u00eda Trindade, Porto, Portugal.<\/p>\n<p>Real Club N\u00e1utico, Palma, Mallorca.<\/p>\n<p>2007 \u00a0Feria de Arte Arcade, Stand Galer\u00eda de Arte Marieta Negruela, Valladolid.<\/p>\n<p>Galer\u00eda de Arte Bernesga, Le\u00f3n.<\/p>\n<p>2008 Galer\u00eda Rac\u00f3 98, Soller, Mallorca.<\/p>\n<p>2008 Art per a la vida (Itinerante, serigrafias), Projecte home Balears, Islas Baleares.<\/p>\n<p>2009 Galer\u00eda Rac\u00f3 98, Soller, Mallorca.<\/p>\n<p>2009 Espacio de arte Marta Mena, Valencia.<\/p>\n<p>2009 Interpretant Ramon Llull, l\u2019amic i l\u2019amat (Itinerante), Gobierno Balear, Islas Baleares.<\/p>\n<p>2010 Galer\u00eda Rac\u00f3 98, Soller, Mallorca.<\/p>\n<p>2010 Interpretant Ram\u00f3n LLull, l\u2019amic i l\u2019amat (itinerante), Gobierno Balear, Berl\u00edn, Mosc\u00fa,\u2026<\/p>\n<p>2011 Galeria de arte \u00a0Marietta Negueruela, Palencia.<\/p>\n<p>2012 Galeria de arte \u00a0Marietta Negueruela, Palencia.<\/p>\n<p>2015 Galeria Arte Mayor 44, Palencia.<\/p>\n<p>2016 Interpretant Ramon Llull, l\u2019amic i l\u2019amat (Itinerante), Gobierno Balear, Islas Baleares.<\/p>\n<p>2019 Art per a la vida (Itinerante, serigrafias), Projecte home Balears, Islas Baleares.<\/p>\n<p>&nbsp;<\/p>\n","protected":false},"excerpt":{"rendered":"<p>Pintura acr\u00edlica sobre papel que mide 20 cm. de alto por 50 cm. de largo. Obra caracter\u00edstica del artista mallorqu\u00edn Antonio Llabres Campins, que sumerge todo su mundo en una atm\u00f3sfera muy particular y sus personajes en un mundo on\u00edrico.<\/p>\n","protected":false},"featured_media":2019970,"template":"","meta":[],"product_brand":[],"product_cat":[177],"product_tag":[173,141,168,140,133],"class_list":{"0":"post-2020048","1":"product","2":"type-product","3":"status-publish","4":"has-post-thumbnail","6":"product_cat-paintings","7":"product_tag-acrilico","8":"product_tag-arte-contemporaneo","9":"product_tag-arte-moderno-pintura","10":"product_tag-nueva-figuracion","11":"product_tag-realismo-magico","14":"instock","15":"sold-individually","16":"shipping-taxable","17":"purchasable","18":"product-type-simple"},"_links":{"self":[{"href":"https:\/\/forloveatart.com\/en\/wp-json\/wp\/v2\/product\/2020048","targetHints":{"allow":["GET"]}}],"collection":[{"href":"https:\/\/forloveatart.com\/en\/wp-json\/wp\/v2\/product"}],"about":[{"href":"https:\/\/forloveatart.com\/en\/wp-json\/wp\/v2\/types\/product"}],"version-history":[{"count":0,"href":"https:\/\/forloveatart.com\/en\/wp-json\/wp\/v2\/product\/2020048\/revisions"}],"wp:featuredmedia":[{"embeddable":true,"href":"https:\/\/forloveatart.com\/en\/wp-json\/wp\/v2\/media\/2019970"}],"wp:attachment":[{"href":"https:\/\/forloveatart.com\/en\/wp-json\/wp\/v2\/media?parent=2020048"}],"wp:term":[{"taxonomy":"product_brand","embeddable":true,"href":"https:\/\/forloveatart.com\/en\/wp-json\/wp\/v2\/product_brand?post=2020048"},{"taxonomy":"product_cat","embeddable":true,"href":"https:\/\/forloveatart.com\/en\/wp-json\/wp\/v2\/product_cat?post=2020048"},{"taxonomy":"product_tag","embeddable":true,"href":"https:\/\/forloveatart.com\/en\/wp-json\/wp\/v2\/product_tag?post=2020048"}],"curies":[{"name":"wp","href":"https:\/\/api.w.org\/{rel}","templated":true}]}}