{"id":2020052,"date":"2020-10-27T11:03:14","date_gmt":"2020-10-27T11:03:14","guid":{"rendered":"https:\/\/forloveatart.com\/?post_type=product&#038;p=2020052"},"modified":"2020-12-06T13:49:16","modified_gmt":"2020-12-06T13:49:16","slug":"no-te-oigo","status":"publish","type":"product","link":"https:\/\/forloveatart.com\/en\/producto\/no-te-oigo\/","title":{"rendered":"\u00a1 No te oigo !"},"content":{"rendered":"<p>Pintura acr\u00edlica sobre papel que mide 16,5 cm. de alto por 50 cm. de largo. Obra caracter\u00edstica del artista mallorqu\u00edn Antonio Llabres Campins, que sumerge todo su mundo en una atm\u00f3sfera muy particular y sus personajes en un mundo on\u00edrico.<\/p>\n","protected":false},"excerpt":{"rendered":"<p>Pintura acr\u00edlica sobre papel que mide 16,5 cm. de alto por 50 cm. de largo. Obra caracter\u00edstica del artista mallorqu\u00edn Antonio Llabres Campins, que sumerge todo su mundo en una atm\u00f3sfera muy particular y sus personajes en un mundo on\u00edrico.<\/p>\n","protected":false},"featured_media":2019966,"template":"","meta":[],"product_brand":[],"product_cat":[177],"product_tag":[173,141,168,140,133],"class_list":{"0":"post-2020052","1":"product","2":"type-product","3":"status-publish","4":"has-post-thumbnail","6":"product_cat-paintings","7":"product_tag-acrilico","8":"product_tag-arte-contemporaneo","9":"product_tag-arte-moderno-pintura","10":"product_tag-nueva-figuracion","11":"product_tag-realismo-magico","14":"instock","15":"sold-individually","16":"shipping-taxable","17":"purchasable","18":"product-type-simple"},"_links":{"self":[{"href":"https:\/\/forloveatart.com\/en\/wp-json\/wp\/v2\/product\/2020052","targetHints":{"allow":["GET"]}}],"collection":[{"href":"https:\/\/forloveatart.com\/en\/wp-json\/wp\/v2\/product"}],"about":[{"href":"https:\/\/forloveatart.com\/en\/wp-json\/wp\/v2\/types\/product"}],"version-history":[{"count":0,"href":"https:\/\/forloveatart.com\/en\/wp-json\/wp\/v2\/product\/2020052\/revisions"}],"wp:featuredmedia":[{"embeddable":true,"href":"https:\/\/forloveatart.com\/en\/wp-json\/wp\/v2\/media\/2019966"}],"wp:attachment":[{"href":"https:\/\/forloveatart.com\/en\/wp-json\/wp\/v2\/media?parent=2020052"}],"wp:term":[{"taxonomy":"product_brand","embeddable":true,"href":"https:\/\/forloveatart.com\/en\/wp-json\/wp\/v2\/product_brand?post=2020052"},{"taxonomy":"product_cat","embeddable":true,"href":"https:\/\/forloveatart.com\/en\/wp-json\/wp\/v2\/product_cat?post=2020052"},{"taxonomy":"product_tag","embeddable":true,"href":"https:\/\/forloveatart.com\/en\/wp-json\/wp\/v2\/product_tag?post=2020052"}],"curies":[{"name":"wp","href":"https:\/\/api.w.org\/{rel}","templated":true}]}}