{"id":2020143,"date":"2020-11-19T17:41:54","date_gmt":"2020-11-19T17:41:54","guid":{"rendered":"https:\/\/forloveatart.com\/?post_type=product&#038;p=2020143"},"modified":"2021-03-29T18:28:48","modified_gmt":"2021-03-29T18:28:48","slug":"dibujo-i","status":"publish","type":"product","link":"https:\/\/forloveatart.com\/en\/producto\/dibujo-i\/","title":{"rendered":"Dibujo I"},"content":{"rendered":"<p><strong>Bel\u00e9n Gonz\u00e1lez<\/strong><\/p>\n<p>Valladolid<\/p>\n<p>Licenciada en Bellas Artes y en Historia del Arte<\/p>\n<p>Cursos del Doctorado y en la Escuela de Artes Aplicadas y Oficios Art\u00edsticos. Docencia en varias instituciones.<\/p>\n<p>Obra en varias colecciones internacionales p\u00fablicas y privadas. Obra en diferentes lugares p\u00fablicos.<\/p>\n<p><strong><b>PREMIOS 2007.<\/b><\/strong><\/p>\n<p>I Certamen de Artes Pl\u00e1sticas \u201cFundaci\u00f3n Villalar-Castilla y Le\u00f3n\u201d. Valladolid. Acc\u00e9sit de Escultura<\/p>\n<p><strong><b>2005.<\/b><\/strong><\/p>\n<p>Proyecto ganador del Concurso para la figura de Monse\u00f1or Carlos Amigo. Medina de Rioseco. Valladolid.<\/p>\n<p><\/p>\n<p><strong><b>1999.<\/b><\/strong><\/p>\n<p>P\u00e1mpana de Oro de la LX Exposici\u00f3n Nacional de Artes Pl\u00e1sticas de Valdepe\u00f1as (Ciudad Real) II Certamen de Artes Pl\u00e1sticas \u201cSala El Brocense\u201d. C\u00e1ceres. Premio de adquisici\u00f3n.<\/p>\n<p>2\u00ba Premio Lorenzo el Magn\u00edfico. \u201cII Biennale Internazionale dell\u00b4Arte Contemporanea\u201d. Florencia.<\/p>\n<p><strong><b>1998.<\/b><\/strong><\/p>\n<p>Certamen de Artes Pl\u00e1sticas \u201cSala el Brocense\u201d. C\u00e1ceres. Premio de adquisici\u00f3n. Premio \u201cRacimos\u201d del Exmo. Ayuntamiento de Serrada. Valladolid.<\/p>\n<p>Proyecto ganador del Concurso para la Isla de Soto. Santa Marta de Tormes (Salamanca) .<\/p>\n<p><strong><b>1997.<\/b><\/strong><\/p>\n<p>Proyecto ganador del Concurso para la Remodelaci\u00f3n de la Plaza Mayor de Cist\u00e9rniga. (Valladolid).<\/p>\n<p><strong><b>1995.<\/b><\/strong><\/p>\n<p>Premio Ciudad de Valladolid de Escultura. Monumento al Bailar\u00edn Vicente Escudero.<\/p>\n<p><strong><b>1992.<\/b><\/strong><\/p>\n<p>Premio Santa Luc\u00eda. &#8220;Proyectos para un Espacio&#8221;. Compa\u00f1\u00eda de Seguros Santa Luc\u00eda S.A. Palma de Mallorca.<\/p>\n<p><strong><b>1990.<\/b><\/strong><\/p>\n<p>Premio Daniel V\u00e1zquez D\u00edaz . Secci\u00f3n Escultura. Excma. Diputaci\u00f3n Provincial de Huelva.<\/p>\n<p><strong><b>1985.<\/b><\/strong><\/p>\n<p>Premio del Concurso de Carteles del V Oto\u00f1o Musical. Excma. Diputaci\u00f3n de C\u00e1ceres .<\/p>\n<p><strong><b>1983.<\/b><\/strong><\/p>\n<p>Premio \u00a0Laureano \u00a0Ponce \u00a0de Escultura. I Concurso \u00a0de Escultura \u00a0\u00a0de la Universidad Complutense de Madrid.<\/p>\n<p>BECAS, TALLERES, SEMINARIOS, CURSOS, SUBVENCIONES. 2002.<\/p>\n<p>Curso de pintura con Daniel Quintero. Fundaci\u00f3n Marcelino Bot\u00edn. Santander.<\/p>\n<p><strong><b>1999.<\/b><\/strong><\/p>\n<p>Kisslegger Kunstwoche. Taller de Pintura Kisslegg. Alemania.<\/p>\n<p>Curso \u201cArte con la Naturaleza\u201d. Percepci\u00f3n de Paisaje. Hermann Prigann y Vera David. Huerta. Salamanca.<\/p>\n<p>Curso de Pintura y Escultura (Relieve). Director: Antonio L\u00f3pez Garc\u00eda. Jerez de la Frontera. C\u00e1diz.<\/p>\n<p>Ayuda para la promoci\u00f3n del Arte Espa\u00f1ol y apoyo a las nuevas tendencias. Direcci\u00f3n General de BBAA Ministerio de Cultura. Para la participaci\u00f3n en Kisslegger kunstw\u00f6che.<\/p>\n<p>Ayuda de la Excma.Diputaci\u00f3n de Valladolid para la participaci\u00f3n en la II Biennale Internazionale dell\u00b4Arte Contemporanea Firenze 1999.<\/p>\n<p>Ayuda de la Junta de Castilla y Le\u00f3n para la participaci\u00f3n en la II Biennale Internazionale dell\u00b4Arte Contemporanea Firenze 1999.<\/p>\n<p>Subvenci\u00f3n de la Direcci\u00f3n General de Bellas Artes del Ministerio de Cultura para la participaci\u00f3n en la II Biennale de Florencia.<\/p>\n<p><strong><b>1998.<\/b><\/strong><\/p>\n<p>3\u00ba Curso \u00a0\u00a0\u201cEL OFICIO DEL ARTISTA\u201d Fondo Social Europeo Junta de Castilla y Le\u00f3n. Palencia. Mil\u00e1n. Venecia.<\/p>\n<p>Curso \u00a0de \u00a0Grabado con Alberto Valverde Fundaci\u00f3n Municipal de Cultura. Ayuntamiento de Valladolid.<\/p>\n<p>Seminario \u201cCultura y Ecolog\u00eda\u201d. Bodo Rau. Pe\u00f1aranda de Bracamonte. Salamanca.<\/p>\n<p><strong><b>1997.<\/b><\/strong><\/p>\n<p>2\u00ba Curso \u201cEL OFICIO DEL ARTISTA\u201d Fondo Social Europeo Junta de Castilla y Le\u00f3n. Palencia. Curso de Grabado con Alberto Valverde. Valladolid. Escuela Municipal de Grabado.<\/p>\n<p>Ayuda para la promoci\u00f3n del Arte Espa\u00f1ol en el extranjero de la Direcci\u00f3n General de Bellas Artes del Ministerio de Cultura para la participaci\u00f3n en la I \u201cBiennale dell\u00b4Arte Contemporanea\u201d de Florencia (Italia).<\/p>\n<p>Ayuda de viaje de la Direcci\u00f3n General de Bellas Artes del Ministerio de Cultura para la participaci\u00f3n en la I \u201cBiennale dell\u00b4Arte Contemporanea\u201d de Florencia (Italia).<\/p>\n<p><strong><b>1996.<\/b><\/strong><\/p>\n<p>Taller de Escultura con Sergi Aguilar. Fundaci\u00f3n Marcelino Bot\u00edn. Villa Iris. Santander.<\/p>\n<p>1\u00ba \u00a0Curso \u00a0\u201cEL \u00a0OFICIO DEL ARTISTA\u201d Fondo Social Europeo Junta de Castilla y Le\u00f3n. Salamanca- Valencia.<\/p>\n<p>Curso de Grabado con Alberto Valverde. Valladolid. Escuela Municipal de Grabado. Seminario \u201cEl Arte como Conocimiento\u201d . Fundaci\u00f3n Municipal de Cultura. Valladolid.<\/p>\n<p>Congreso \u201cEl Espa\u00f1ol y los Medios de Comunicaci\u00f3n\u201d. IV Centenario de la Ciudad de Valladolid\u201d.<\/p>\n<p><strong><b>1995.<\/b><\/strong><\/p>\n<p>Seminario \u201cApreciaci\u00f3n del Arte Contempor\u00e1neo\u201d Fundaci\u00f3n Municipal de Cultura. Encuentro \u201cEl proceso de Escribir\u201d. Universidad Internacional Men\u00e9ndez y Pelayo. Santander.<\/p>\n<p><strong><b>\u00a0<\/b><\/strong><strong><b>1993.<\/b><\/strong><\/p>\n<p>Beca-Taller con Daniel Quintero de la Universidad Complutense de Madrid en colaboraci\u00f3n con el C\u00edrculo de B.B.A.A.<\/p>\n<p><strong><b>1979.<\/b><\/strong><\/p>\n<p>Engish Speaking Board Certify.<\/p>\n<p>Curso de Aptitud Pedag\u00f3gica. Universidad de Valladolid.<\/p>\n<p><strong><b>EXPOSICIONES INDIVIDUALES 2012<\/b><\/strong><\/p>\n<p>Esculturas en la Facultad de Filosof\u00eda y Letras. Universidad de Valladolid<\/p>\n<p><strong><b>2007<\/b><\/strong><\/p>\n<p>Museo de San Francisco. Medina de Rioseco. Vallladolid<\/p>\n<p><strong><b>2006.<\/b><\/strong><\/p>\n<p>Galer\u00eda Rafael. Valladolid.<\/p>\n<p><strong><b>1999.<\/b><\/strong><\/p>\n<p>Galer\u00eda Artegraf\u00eda. Madrid.<\/p>\n<p><strong><b>1998.<\/b><\/strong><\/p>\n<p>Galer\u00eda Espacio 36. Zamora.<\/p>\n<p><strong><b>1996.<\/b><\/strong><\/p>\n<p>Casa de los Picos. Segovia.<\/p>\n<p><strong><b>1995.<\/b><\/strong><\/p>\n<p>Exposici\u00f3n Itinerante en Palencia, \u00c1vila, Zamora, Medina del Campo \u00a0y Valladolid. (Caja de Ahorros de Salamanca y Soria).<\/p>\n<p>Galer\u00eda Castilla. Valladolid. Galer\u00eda Evelio Gayubo. Valladolid<\/p>\n<p><strong><b>1992.<\/b><\/strong><\/p>\n<p>Galer\u00eda Evelio Gayubo. Valladolid.<\/p>\n<p><strong><b>1991.<\/b><\/strong><\/p>\n<p>Sala de Arte &#8220;El Brocense&#8221;. Exma. Diputaci\u00f3n Provincial de C\u00e1ceres.<\/p>\n<p>Esculturas y Dibujos. Exposici\u00f3n individual en el Museo P\u00e9rez Comendador-Leroux. Herv\u00e1s. C\u00e1ceres.<\/p>\n<p><strong><b>1990.<\/b><\/strong><\/p>\n<p>Exposici\u00f3n de Esculturas y Dibujos. Torre\u00f3n de Lozoya. Segovia.<\/p>\n<p><strong><b>1986.<\/b><\/strong><\/p>\n<p>Portada de la Revista &#8220;Alc\u00e1ntara&#8221; N\u00famero 7. C\u00e1ceres.<\/p>\n<p><strong><b>1984.<\/b><\/strong><\/p>\n<p>Sala de Arte del Colegio Oficial de M\u00e9dicos de C\u00e1ceres.<\/p>\n<p><strong><b>EXPOSICIONES COLECTIVAS 2018\/2019<\/b><\/strong><\/p>\n<p>Espacio SIAM. Palencia<\/p>\n<p><strong><b>2016<\/b><\/strong><\/p>\n<p>galer\u00eda Arte Mayor. Palencia<\/p>\n<p><strong><b>2015<\/b><\/strong><\/p>\n<p>Galer\u00eda Arte Mayor. Palencia.<\/p>\n<p><strong><b>2014<\/b><\/strong><\/p>\n<p>Feria de Arte Contempor\u00e1neo Arteando. Ir\u00fan. Feria de Arte Contempor\u00e1neo. Biarritz.<\/p>\n<p><strong><b>2013<\/b><\/strong><\/p>\n<p>Galer\u00eda de Arte Gaud\u00ed. Madrid<\/p>\n<p>Feria de Arte Contempor\u00e1neo Arteando. Ir\u00fan<\/p>\n<p><strong><b>2011<\/b><\/strong><\/p>\n<p>Galer\u00eda Rafael. Valladolid.<\/p>\n<p><strong><b>2010<\/b><\/strong><\/p>\n<p>Galer\u00eda G.M.N y C\u00eda. Palencia.<\/p>\n<p><strong><b>2009<\/b><\/strong><\/p>\n<p>Galer\u00eda G.M.N y C\u00eda. Palencia.<\/p>\n<p><strong><b>2008<\/b><\/strong><\/p>\n<p>Iniciaci\u00f3n al Coleccionismo. Galer\u00eda Marietta Negueruela. Palencia.<\/p>\n<p><strong><b>2007<\/b><\/strong><\/p>\n<p>ARCALE. Feria de Arte de Castilla y Le\u00f3n. Galer\u00eda L\u00ednea de Arte. Valladolid. Galer\u00eda Marietta Negueruela. Palencia.<\/p>\n<p>Galer\u00eda de Arte Bernesga. Le\u00f3n. Galer\u00eda Ra del Rey. Madrid.<\/p>\n<p>Art Aspace. Valladolid.<\/p>\n<p><strong><b>2006<\/b><\/strong><\/p>\n<p>ARCALE. Feria de Arte de Castilla y Le\u00f3n. Galer\u00eda L\u00ednea de Arte. Galer\u00eda Rafael. Valladolid. MARBART. Feria de Arte de Marbella (M\u00e1laga). Galer\u00eda Marietta Negueruela.<\/p>\n<p>Galer\u00eda Marietta Negueruela. Palencia. Art Aspace. Valladolid.<\/p>\n<p>Carpeta de Grabados \u201cAm\u00e9rica, un viaje de ida y vuelta\u201d.Galer\u00eda Rafael. Valladolid. Ilustraciones para la editorial Cosas Azules. Valladolid.<\/p>\n<p>Exposici\u00f3n del Premio de Dibujo Gregorio Prieto. Museo de la Ciudad de Madrid. Madrid. Exposici\u00f3n del Premio de Dibujo Gregorio Prieto. Valdepe\u00f1as (Ciudad Real).<\/p>\n<p><strong><b>2005<\/b><\/strong><\/p>\n<p>Art Aspace. Valladolid.<\/p>\n<p><strong><b>2004<\/b><\/strong><\/p>\n<p>Arte en el Canal. Palencia. Exposici\u00f3n de esculturas flotantes. Exposici\u00f3n de Escultura al Aire Libre. Palencia.<\/p>\n<p>Valdepe\u00f1as, 65 a\u00f1os de Historia. Exposici\u00f3n itinerante. Toledo. Ciudad Real. Albacete.<\/p>\n<p><strong><b>2002<\/b><\/strong><\/p>\n<p>28\u00ba Congr\u00e8s International de la M\u00e9daille d\u2019Art. Monnaie de Par\u00eds. Par\u00eds, Francia.<\/p>\n<p><strong><b>\u00a0<\/b><\/strong><strong><b>2001<\/b><\/strong><\/p>\n<p>Ilustraciones para Huerga y Fierro.<\/p>\n<p><strong><b>2000.<\/b><\/strong><\/p>\n<p>Exposici\u00f3n del Premio de Dibujo Gregorio Prieto. Museo de la Ciudad de Madrid. Madrid. Exposici\u00f3n en apoyo a la Revista L\u00e1piz. Sala de Columnas del C\u00edrculo de Bellas Artes. Madrid. II Premio Navarra de Escultura. Museo de Navarra. Pamplona.<\/p>\n<p>27th Congreso FIDEM. Weimar. Alemania.<\/p>\n<p>Premio \u00a0Victorio \u00a0Macho de Escultura. Fundaci\u00f3n D\u00edaz Caneja. Excm. Ayuntamiento de Palencia. Palencia.<\/p>\n<p>Exposici\u00f3n de proyectos seleccionados para el Monumento a los Donantes de \u00d3rganos. M\u00e1laga.<\/p>\n<p><strong><b>\u00a0<\/b><\/strong><strong><b>1999.<\/b><\/strong><\/p>\n<p>LX Exposici\u00f3n Nacional de Artes Pl\u00e1sticas. Valdepe\u00f1as. (Ciudad Real).<\/p>\n<p>I Premio Nacional de Escultura FUNDACI\u00d3N CONFEMETAL MUSEO DE LA CIUDAD. MADRID. \u201cEn torno al retrato\u201d. Fundaci\u00f3n Ana Jim\u00e9nez. Valladolid.<\/p>\n<p>Grabados. Fundaci\u00f3n Ana Jimen\u00e9z. Valladolid.<\/p>\n<p>Exposici\u00f3n del II Certamen de Artes Pl\u00e1sticas. \u201cSala El Brocense\u201d Museo Guayasam\u00edn. C\u00e1ceres. Exposici\u00f3n Premio Navarra de Escultura. Museo de Pamplona. Pamplona.<\/p>\n<p>Exposici\u00f3n del Premio de Dibujo Gregorio Prieto. Valdepe\u00f1as (Ciudad Real). II Biennale Internazionale dell\u00b4Arte Contemporanea. Florencia.<\/p>\n<p><strong><b>\u00a0<\/b><\/strong><strong><b>1998.<\/b><\/strong><\/p>\n<p>Certamen de Artes Pl\u00e1sticas. \u201cSala el Brocense\u201d. Museo de Guayasam\u00edn. C\u00e1ceres. Exposici\u00f3n de Grabado. Sala Revilla &#8211; Ayuntamiento de Valladolid. Valladolid.<\/p>\n<p><strong><b>1997.<\/b><\/strong><\/p>\n<p>V Bienal Uni\u00f3n Fenosa. La Coru\u00f1a.<\/p>\n<p>Exposici\u00f3n de Grabado. Sala Revilla. Ayuntamiento de Valladolid. Valladolid.<\/p>\n<p>Artes Conceptes \u201cEscultores de Valladolid en Barcelona\u201d. Generalitat de Catalu\u00f1a. Excma. Diputaci\u00f3n de Valladolid.<\/p>\n<p>I Biennale Internazionale dell\u00b4Arte Contempor\u00e1nea. Florencia. Artistas por la Tolerancia. Exma. Diputaci\u00f3n de Valladolid.<\/p>\n<p>\u201cPremio Fray Luis de Le\u00f3n\u201d. Junta de Castilla y Le\u00f3n. Valladolid. Monasterio del Prado.<\/p>\n<p><strong><b>1996.<\/b><\/strong><\/p>\n<p>&#8220;Vivo y Coleando&#8221;. Sala de las Francesas. Ayuntamiento de Valladolid. Valladolid. Exposici\u00f3n de Grabado. Sala Revilla. Ayuntamiento de Valladolid. Valladolid. &#8220;Premios Villa de Madrid&#8221;. Centro Conde Duque. Ayuntamiento de Madrid.<\/p>\n<p>Exposici\u00f3n de Escultura del Taller de Sergi Aguilar. Fundaci\u00f3n Marcelino Bot\u00edn. Santander. Artecampos. Medina de Rioseco. Valladolid.<\/p>\n<p><strong><b>1995.<\/b><\/strong><\/p>\n<p>IV Bienal Uni\u00f3n Fenosa. La Coru\u00f1a.<\/p>\n<p>Premio \u201cCarlos Haes\u201d de Pintura y Escultura del Colegio de Ingenieros de Caminos de Madrid.<\/p>\n<p><strong><b>1994.<\/b><\/strong><\/p>\n<p>Exposici\u00f3n itinerante en Castilla y Le\u00f3n &#8220;Premio Caja Espa\u00f1a&#8221;. Exposici\u00f3n &#8220;XII Premio Penagos de Dibujo&#8221;. Mapfre Vida. Madrid-Sevilla. Biennale Internazionale del Bronzetto Dantesco. Ravenna (Italia).<\/p>\n<p><strong><b>1993.<\/b><\/strong><\/p>\n<p>ARCO&#8217;93.<\/p>\n<p>Master de Golf de Augusta. Atlanta U.S.A.<\/p>\n<p>Premio &#8220;Caja Espa\u00f1a&#8221; de Escultura 1993. Exposici\u00f3n itinerante en Castilla y Le\u00f3n.<\/p>\n<p><strong><b>1992.<\/b><\/strong><\/p>\n<p>III Bienal de Artes Pl\u00e1sticas Cultural Rioja. Logro\u00f1o.<\/p>\n<p>LIII Exposici\u00f3n Nacional de Artes Pl\u00e1sticas de Valdepe\u00f1as Bienal&#8217;92 de Pintura y Escultura, Ciudad de Almer\u00eda. (Almer\u00eda). Concurso Santa Luc\u00eda. &#8220;Proyectos para un Espacio&#8221;.<\/p>\n<p>Compa\u00f1\u00eda de Seguros Santa Luc\u00eda S.A. Palma de Mallorca.<\/p>\n<p><strong><b>1991.<\/b><\/strong><\/p>\n<p>&#8220;Premio Valladolid de Escultura&#8221;. Caja Espa\u00f1a. Valladolid. Exposici\u00f3n Itinerante en Castilla y Le\u00f3n.<\/p>\n<p>X Convocatoria Premio Penagos de Dibujo 1991. Fundaci\u00f3n Cultural Mapfre Vida. Madrid.<\/p>\n<p><strong><b>1990.<\/b><\/strong><\/p>\n<p>Premio Daniel V\u00e1zquez D\u00edaz de Pintura y Escultura. Exma. Diputaci\u00f3n Provincial de Huelva.<\/p>\n<p>Premios Villa de Madrid. Centro Cultural Conde Duque \u00a0(Premio Mariano Benlliure de Escultura).<\/p>\n<p><strong><b>1988.<\/b><\/strong><\/p>\n<p>VIII Biennale Internazionale del Bronzetto Dantesco. Ravenna. (Italia).<\/p>\n<p><strong><b>\u00a0<\/b><\/strong><strong><b>1987.<\/b><\/strong><\/p>\n<p>Exposici\u00f3n Ib\u00e9rica de Arte Moderno (E.I.A.M.). Campo Maior. (Portugal). Exposici\u00f3n Ib\u00e9rica de Arte Moderno (E.I.A.M.). (C\u00e1ceres).<\/p>\n<p>Premio \u201cValladolid&#8221; de Escultura. Caja de Ahorros Provincial. (Valladolid).<\/p>\n<p><strong><b>1986.<\/b><\/strong><\/p>\n<p>IX Certamen Nacional de Artes Pl\u00e1sticas Villa de Torrej\u00f3n de Ardoz. (Madrid).<\/p>\n<p>Premio Tom\u00e1s Francisco Prieto de Medallas de \u00a0la \u00a0F\u00e1brica \u00a0Nacional \u00a0de Moneda y Timbre. \u00a0(Madrid). VIII Bienal de Escultura Ib\u00e9rica Contempor\u00e1nea &#8220;Ciudad de Zamora&#8221;. (Zamora).<\/p>\n<p>Arte Actual. Muestra de Artes Pl\u00e1sticas. Biblioteca Municipal. (C\u00e1ceres).<\/p>\n<p>Sal\u00f3n de Oto\u00f1o de Pintura. Caja de Ahorros de Plasencia. Plasencia. (C\u00e1ceres).<\/p>\n<p><strong><b>1985.<\/b><\/strong><\/p>\n<p>Exposici\u00f3n Colectiva. Iglesia de San Mart\u00edn. Plasencia. (C\u00e1ceres).<\/p>\n<p>Premio Tom\u00e1s Francisco Prieto de Medallas de la F\u00e1brica Nacional de Moneda y Timbre. (Madrid). Exposici\u00f3n Colectiva en la Sala de Arte &#8220;El Brocense&#8221;. (C\u00e1ceres).<\/p>\n<p>Certamen de Escultura del Banco Vitalicio. (Barcelona).<\/p>\n<p>Concurso de Trofeos del Colegio Oficial de Arquitectos de Madrid. (Madrid). Concurso de Medallas del Colegio Oficial de Arquitectos de Madrid. (Madrid). Colectiva Septiembre-Santander. Museo Municipal de Bellas Artes de Santander. XXIV Premi de Dibuix Joan Mir\u00f3. (Barcelona).<\/p>\n<p>XLVI Exposici\u00f3n Nacional de Artes Pl\u00e1sticas de Valdepe\u00f1as. (Ciudad Real). Exposici\u00f3n Internacional de Medalla F.I.D.E.M. (Estocolmo)<\/p>\n<p>I Bienal D&#8217;Art F\u00fatbol Club Barcelona.<\/p>\n<p>Sal\u00f3n de Oto\u00f1o de Pintura. Plasencia. (C\u00e1ceres). Concurso de Carteles del V Oto\u00f1o Musical. (C\u00e1ceres).<\/p>\n<p><strong><b>1984.<\/b><\/strong><\/p>\n<p>Certamen de Escultura &#8220;Arganda del Rey&#8221;. Madrid.<\/p>\n<p>Premio Tom\u00e1s Francisco Prieto de Medallas de la F\u00e1brica Nacional de Moneda y Timbre de (Madrid). Certamen de Medalla &#8220;Numisma&#8221;. (Madrid).<\/p>\n<p>XLIV Exposici\u00f3n de Artes Pl\u00e1sticas de Valdepe\u00f1as. Ciudad Real.<\/p>\n<p><strong><b>1983.<\/b><\/strong><\/p>\n<p>I Bienal de Pintura y Escultura de la Universidad Polit\u00e9cnica de Madrid. I Concurso de Escultura de la Universidad Complutense de Madrid.<\/p>\n<p><strong><b>1979.<\/b><\/strong><\/p>\n<p>Concurso de Pintura &#8220;Aranda de Duero&#8221; Caja Ahorros de Burgos. Aranda de Duero, (Burgos).<\/p>\n<p><strong><b>1976.<\/b><\/strong><\/p>\n<p>Primera Exposici\u00f3n de Arte Universitario. Museo de Pintura. Valladolid.<\/p>\n<p><strong><b>OBRA PERMANENTE<\/b><\/strong><\/p>\n<p>Banco de Cr\u00e9dito Local. (Valladolid).<\/p>\n<p>Caja de Ahorros y Monte de Piedad de Segovia. Casa de Cervantes. Valladolid.<\/p>\n<p>Excma. Diputaci\u00f3n Provincial de Valladolid. Excma. Diputaci\u00f3n Provincial de C\u00e1ceres.<\/p>\n<p>Excma. Diputaci\u00f3n Provincial de Huelva.<\/p>\n<p>Fondos de la Facultad de B.B.A.A. de San Fernando. Universidad Complutense. (Madrid). Fundaci\u00f3n Miguel Delibes. Valladolid.<\/p>\n<p>Galer\u00eda Capa. (Madrid).<\/p>\n<p>Galer\u00eda de Arte Rafael. Valladolid. Galer\u00eda Evelio Gayubo de Valladolid. Junta de Castilla y Le\u00f3n (Valladolid). Meseta S.A. Valladolid.<\/p>\n<p>Museo de la F\u00e1brica Nacional de Moneda y Timbre. Museo de la Universidad de Valladolid.<\/p>\n<p>Museo de Ravenna. Biennale Internazionale del Bronzetto Dantesco. (Italia). Museo Guayasam\u00edn. C\u00e1ceres.<\/p>\n<p>Museo Municipal de Valdepe\u00f1as (Ciudad Real). Nuevo Edificio de los Juzgados. Salamanca.<\/p>\n<p>Nuevo Edificio de los Juzgados. Valladolid.<\/p>\n<p>Real Academia de la Pur\u00edsima Concepci\u00f3n. Valladolid. Universidad de Alcal\u00e1 de Henares.<\/p>\n<p>Universidad de Valladolid.<\/p>\n<p><strong><b>OBRA EN ESPACIOS P\u00daBLICOS<\/b><\/strong><\/p>\n<p>Casa de Cervantes. Valladolid<\/p>\n<p>Compa\u00f1\u00eda de Seguros Santa Luc\u00eda. Palma de Mallorca. Excmo. Ayuntamiento de Cist\u00e9rniga. Valladolid.<\/p>\n<p>Excmo. Ayuntamiento de Medina de Rioseco (Valladolid). Excmo. Ayuntamiento de Valladolid.<\/p>\n<p>Exmo. Ayuntamiento de Laguna de Duero (Valladolid).<\/p>\n<p>Urbanizaci\u00f3n Riviera del Sol. Mijas, M\u00e1laga<\/p>\n<p><\/p>\n","protected":false},"excerpt":{"rendered":"<p>Bel\u00e9n Gonz\u00e1lez, dibujo grafito lacado sobre madera D.M<\/p>\n<p>Esta secci\u00f3n re\u00fane\u00a0 artistas de primera fila, todos el mismo formato( 19 X 24 Cm, en tablero de D M de 10 mil\u00edmetros)\u00a0 y todos al mismo Precio 200 \u20ac.<\/p>\n<p>Estar\u00e1n representadas diversas tendencias del arte contempor\u00e1neo.<\/p>\n<p>Todos ellos han decidido participar en esta propuesta, a pesar de sus cotizaciones,<\/p>\n<p>con la idea de potenciar el coleccionismo.<\/p>\n<p><strong><b>Cuando compras tu primer cuadro, ya te conviertes en coleccionista<\/b><\/strong>.<\/p>\n<p>Con esta iniciativa, pretendemos que sea algo natural \u00a0adquirir una obra de arte,<\/p>\n<p>disfrutar de las obras de arte en tu propia casa y acercarse a artistas de gran calidad.<\/p>\n<p>Esta formula nos permite a todos poder poseer firmas que en otras ocasiones<\/p>\n<p>son m\u00e1s costosas, y as\u00ed iniciar o complementar nuestra propia colecci\u00f3n.<\/p>\n<p>Los cuadros se presentan sin marco.<\/p>\n<p><\/p>\n","protected":false},"featured_media":2020144,"template":"","meta":[],"product_brand":[],"product_cat":[600,614,592],"product_tag":[141,602,140,133],"class_list":{"0":"post-2020143","1":"product","2":"type-product","3":"status-publish","4":"has-post-thumbnail","6":"product_cat-dibujo","7":"product_cat-artistas","8":"product_cat-iniciacion-al-coleccionismo","9":"product_tag-arte-contemporaneo","10":"product_tag-dibujo-grafito","11":"product_tag-nueva-figuracion","12":"product_tag-realismo-magico","13":"product_shipping_class-caja","14":"pa_artistas-verificados-belen-gonzalez","15":"pa_disciplina-dibujo","16":"pa_estilo-realismo-magico","17":"pa_orientacion-horizontal","18":"pa_tecnica-grafito","19":"pa_tecnica-madera-lacada","20":"pa_tema-figura","23":"instock","24":"sold-individually","25":"shipping-taxable","26":"purchasable","27":"product-type-simple"},"_links":{"self":[{"href":"https:\/\/forloveatart.com\/en\/wp-json\/wp\/v2\/product\/2020143","targetHints":{"allow":["GET"]}}],"collection":[{"href":"https:\/\/forloveatart.com\/en\/wp-json\/wp\/v2\/product"}],"about":[{"href":"https:\/\/forloveatart.com\/en\/wp-json\/wp\/v2\/types\/product"}],"version-history":[{"count":1,"href":"https:\/\/forloveatart.com\/en\/wp-json\/wp\/v2\/product\/2020143\/revisions"}],"predecessor-version":[{"id":2020491,"href":"https:\/\/forloveatart.com\/en\/wp-json\/wp\/v2\/product\/2020143\/revisions\/2020491"}],"wp:featuredmedia":[{"embeddable":true,"href":"https:\/\/forloveatart.com\/en\/wp-json\/wp\/v2\/media\/2020144"}],"wp:attachment":[{"href":"https:\/\/forloveatart.com\/en\/wp-json\/wp\/v2\/media?parent=2020143"}],"wp:term":[{"taxonomy":"product_brand","embeddable":true,"href":"https:\/\/forloveatart.com\/en\/wp-json\/wp\/v2\/product_brand?post=2020143"},{"taxonomy":"product_cat","embeddable":true,"href":"https:\/\/forloveatart.com\/en\/wp-json\/wp\/v2\/product_cat?post=2020143"},{"taxonomy":"product_tag","embeddable":true,"href":"https:\/\/forloveatart.com\/en\/wp-json\/wp\/v2\/product_tag?post=2020143"}],"curies":[{"name":"wp","href":"https:\/\/api.w.org\/{rel}","templated":true}]}}