{"id":2020145,"date":"2020-11-19T17:45:26","date_gmt":"2020-11-19T17:45:26","guid":{"rendered":"https:\/\/forloveatart.com\/?post_type=product&#038;p=2020145"},"modified":"2021-06-09T11:13:52","modified_gmt":"2021-06-09T11:13:52","slug":"dibujo-ii","status":"publish","type":"product","link":"https:\/\/forloveatart.com\/en\/producto\/dibujo-ii\/","title":{"rendered":"Dibujo II"},"content":{"rendered":"<p><strong>Bel\u00e9n Gonz\u00e1lez<\/strong><\/p>\n<p>Valladolid<\/p>\n<p>Licenciada en Bellas Artes y en Historia del Arte<\/p>\n<p>Cursos del Doctorado y en la Escuela de Artes Aplicadas y Oficios Art\u00edsticos. Docencia en varias instituciones.<\/p>\n<p>Obra en varias colecciones internacionales p\u00fablicas y privadas. Obra en diferentes lugares p\u00fablicos.<\/p>\n<p><br data-mce-bogus=\"1\"><\/p>\n<p><br data-mce-bogus=\"1\"><\/p>\n","protected":false},"excerpt":{"rendered":"<p>Bel\u00e9n Gonz\u00e1lez, dibujo grafito\u00a0 sobre madera lacada\u00a0 D.M. Mide 19 cm. de alto por 24 cm. de largo.<\/p>\n<p>Esta secci\u00f3n re\u00fane\u00a0 artistas de primera fila, todos el mismo formato( 19 X 24 Cm, en tablero de D M de 10 mil\u00edmetros)\u00a0 y todos al mismo Precio 200 \u20ac.<\/p>\n<p>Estar\u00e1n representadas diversas tendencias del arte contempor\u00e1neo.<\/p>\n<p>Todos ellos han decidido participar en esta propuesta, a pesar de sus cotizaciones,<\/p>\n<p>con la idea de potenciar el coleccionismo.<\/p>\n<p><strong><b>Cuando compras tu primer cuadro, ya te conviertes en coleccionista<\/b><\/strong>.<\/p>\n<p>Con esta iniciativa, pretendemos que sea algo natural \u00a0adquirir una obra de arte,<\/p>\n<p>disfrutar de las obras de arte en tu propia casa y acercarse a artistas de gran calidad.<\/p>\n<p>Esta formula nos permite a todos poder poseer firmas que en otras ocasiones<\/p>\n<p>son m\u00e1s costosas, y as\u00ed iniciar o complementar nuestra propia colecci\u00f3n.<\/p>\n<p>Los cuadros se presentan sin marco.<\/p>\n","protected":false},"featured_media":2020135,"template":"","meta":[],"product_brand":[],"product_cat":[600,614,616],"product_tag":[141,602,133],"class_list":{"0":"post-2020145","1":"product","2":"type-product","3":"status-publish","4":"has-post-thumbnail","6":"product_cat-dibujo","7":"product_cat-artistas","8":"product_cat-belen-gonzalez","9":"product_tag-arte-contemporaneo","10":"product_tag-dibujo-grafito","11":"product_tag-realismo-magico","12":"product_shipping_class-caja","13":"pa_artistas-verificados-belen-gonzalez","14":"pa_disciplina-dibujo","15":"pa_estilo-realismo-magico","16":"pa_orientacion-horizontal","17":"pa_tecnica-grafito","18":"pa_tecnica-madera-lacada","19":"pa_tema-figura","22":"instock","23":"sold-individually","24":"shipping-taxable","25":"purchasable","26":"product-type-simple"},"_links":{"self":[{"href":"https:\/\/forloveatart.com\/en\/wp-json\/wp\/v2\/product\/2020145","targetHints":{"allow":["GET"]}}],"collection":[{"href":"https:\/\/forloveatart.com\/en\/wp-json\/wp\/v2\/product"}],"about":[{"href":"https:\/\/forloveatart.com\/en\/wp-json\/wp\/v2\/types\/product"}],"version-history":[{"count":2,"href":"https:\/\/forloveatart.com\/en\/wp-json\/wp\/v2\/product\/2020145\/revisions"}],"predecessor-version":[{"id":2023209,"href":"https:\/\/forloveatart.com\/en\/wp-json\/wp\/v2\/product\/2020145\/revisions\/2023209"}],"wp:featuredmedia":[{"embeddable":true,"href":"https:\/\/forloveatart.com\/en\/wp-json\/wp\/v2\/media\/2020135"}],"wp:attachment":[{"href":"https:\/\/forloveatart.com\/en\/wp-json\/wp\/v2\/media?parent=2020145"}],"wp:term":[{"taxonomy":"product_brand","embeddable":true,"href":"https:\/\/forloveatart.com\/en\/wp-json\/wp\/v2\/product_brand?post=2020145"},{"taxonomy":"product_cat","embeddable":true,"href":"https:\/\/forloveatart.com\/en\/wp-json\/wp\/v2\/product_cat?post=2020145"},{"taxonomy":"product_tag","embeddable":true,"href":"https:\/\/forloveatart.com\/en\/wp-json\/wp\/v2\/product_tag?post=2020145"}],"curies":[{"name":"wp","href":"https:\/\/api.w.org\/{rel}","templated":true}]}}