{"id":2020152,"date":"2020-11-19T18:22:44","date_gmt":"2020-11-19T18:22:44","guid":{"rendered":"https:\/\/forloveatart.com\/?post_type=product&#038;p=2020152"},"modified":"2021-06-09T11:09:00","modified_gmt":"2021-06-09T11:09:00","slug":"la-bailarina-sonadora","status":"publish","type":"product","link":"https:\/\/forloveatart.com\/en\/producto\/la-bailarina-sonadora\/","title":{"rendered":"La bailarina so\u00f1adora"},"content":{"rendered":"<p><strong>Bel\u00e9n Gonz\u00e1lez<\/strong><\/p>\n<p>Valladolid<\/p>\n<p>Licenciada en Bellas Artes y en Historia del Arte<\/p>\n<p>Cursos del Doctorado y en la Escuela de Artes Aplicadas y Oficios Art\u00edsticos. Docencia en varias instituciones.<\/p>\n<p>Obra en varias colecciones internacionales p\u00fablicas y privadas. Obra en diferentes lugares p\u00fablicos.<\/p>\n<p><br data-mce-bogus=\"1\"><\/p>\n<p><br data-mce-bogus=\"1\"><\/p>\n<p><br data-mce-bogus=\"1\"><\/p>\n<p><\/p>\n","protected":false},"excerpt":{"rendered":"<p>Bronce a la cera perdida.\u00a0Dimensiones: 20 x 18 x 26 cm. Peana de acero cort\u00e9n<\/p>\n","protected":false},"featured_media":2020153,"template":"","meta":[],"product_brand":[],"product_cat":[180,614,616],"product_tag":[141,660,133],"class_list":{"0":"post-2020152","1":"product","2":"type-product","3":"status-publish","4":"has-post-thumbnail","6":"product_cat-sculpture","7":"product_cat-artistas","8":"product_cat-belen-gonzalez","9":"product_tag-arte-contemporaneo","10":"product_tag-escultura-de-bronce","11":"product_tag-realismo-magico","12":"product_shipping_class-caja","15":"instock","16":"sold-individually","17":"shipping-taxable","18":"purchasable","19":"product-type-simple"},"_links":{"self":[{"href":"https:\/\/forloveatart.com\/en\/wp-json\/wp\/v2\/product\/2020152","targetHints":{"allow":["GET"]}}],"collection":[{"href":"https:\/\/forloveatart.com\/en\/wp-json\/wp\/v2\/product"}],"about":[{"href":"https:\/\/forloveatart.com\/en\/wp-json\/wp\/v2\/types\/product"}],"version-history":[{"count":2,"href":"https:\/\/forloveatart.com\/en\/wp-json\/wp\/v2\/product\/2020152\/revisions"}],"predecessor-version":[{"id":2023207,"href":"https:\/\/forloveatart.com\/en\/wp-json\/wp\/v2\/product\/2020152\/revisions\/2023207"}],"wp:featuredmedia":[{"embeddable":true,"href":"https:\/\/forloveatart.com\/en\/wp-json\/wp\/v2\/media\/2020153"}],"wp:attachment":[{"href":"https:\/\/forloveatart.com\/en\/wp-json\/wp\/v2\/media?parent=2020152"}],"wp:term":[{"taxonomy":"product_brand","embeddable":true,"href":"https:\/\/forloveatart.com\/en\/wp-json\/wp\/v2\/product_brand?post=2020152"},{"taxonomy":"product_cat","embeddable":true,"href":"https:\/\/forloveatart.com\/en\/wp-json\/wp\/v2\/product_cat?post=2020152"},{"taxonomy":"product_tag","embeddable":true,"href":"https:\/\/forloveatart.com\/en\/wp-json\/wp\/v2\/product_tag?post=2020152"}],"curies":[{"name":"wp","href":"https:\/\/api.w.org\/{rel}","templated":true}]}}