{"id":2020228,"date":"2020-11-21T12:41:03","date_gmt":"2020-11-21T12:41:03","guid":{"rendered":"https:\/\/forloveatart.com\/?post_type=product&#038;p=2020228"},"modified":"2021-04-19T08:36:39","modified_gmt":"2021-04-19T08:36:39","slug":"pepinillos","status":"publish","type":"product","link":"https:\/\/forloveatart.com\/en\/producto\/pepinillos\/","title":{"rendered":"Pepinillos"},"content":{"rendered":"<p>\u201cPlata Ruiz\u201d nace en Valladolid 1979. Desde temprana edad asiste a las clases del pintor GONMAR,<\/p>\n<p>donde practica el dibujo y las distintas t\u00e9cnicas de la pintura. De los 20 a los 24 a\u00f1os asiste a las clases de<\/p>\n<p>grabado de la \u201cFundaci\u00f3n de Cultura\u201c de Valladolid, impartidas por el grabador Alberto Valverde. A los 24<\/p>\n<p>a\u00f1os recibe una beca para asistir a las clases del prestigioso pintor Antonio L\u00f3pez, a los 26 realiza un curso<\/p>\n<p>de Comisariado de exposiciones por la Junta de Castilla y Le\u00f3n, a los 27 firma un contrato con la C\u00e1mara<\/p>\n<p>Nacional de las Artes de M\u00e9xico (CANARTES) para su representaci\u00f3n en dicho pa\u00eds durante ese mismo a\u00f1o<\/p>\n<p>y realiza un Curso de Serigraf\u00eda impartido por Jos\u00e9 Ram\u00f3n V\u00e1zquez (Galer\u00eda Ajolote) en Guadalajara<\/p>\n<p>(M\u00e9xico), a los 28 le nombran miembro honor\u00edfico del Circulo de Bellas Artes de Venezuela, a los 29 parte<\/p>\n<p>de la directiva de dicha Fundaci\u00f3n y a los 33 recibe el Premio Nacional de Arte Emergente Cristobal<\/p>\n<p>Gabarr\u00f3n.<\/p>\n<p>Actualmente en pintura sigue la corriente hiperrealista que alterna con el grabado, y retrato a pastel y<\/p>\n<p>carboncillo. Tambi\u00e9n realiza carteles para grupos de m\u00fasica, e ilustra fancines deportivos, culturales y de<\/p>\n<p>ocio.<\/p>\n<p><b>FORMACION <\/b><\/p>\n<p><b>2010 <\/b>Pintura mural a la Grisalla (por la Junta de Castilla y Le\u00f3n).<\/p>\n<p><b>2007 <\/b>Curso de Serigraf\u00eda impartido por Jos\u00e9 Ram\u00f3n V\u00e1zquez en Guadalajara (M\u00e9xico).<\/p>\n<p><b>2006 <\/b>Titulo de Comisariado de Exposiciones (por la Junta de Castilla y Le\u00f3n).<\/p>\n<p><b> 2004 <\/b>Beca de la Caja Extremadura para realizar el curso impartido por el pintor Antonio L\u00f3pez Garc\u00eda en<\/p>\n<p>Plasencia (C\u00e1ceres).<\/p>\n<p><b>2002\/05<\/b>Cursos de grabado de la Fundaci\u00f3n Municipal de Cultura impartidos por el grabador y<\/p>\n<p>pintor Alberto Valverde.<\/p>\n<p><b>1990\/98 <\/b>Asiste a las clases del pintor GONMAR.<\/p>\n<p><b>EXPOSICIONES INDIVIDUALES <\/b><\/p>\n<p><b>2018 <\/b>D\u00e1rsena (A Coru\u00f1a).<\/p>\n<p><b>2017 <\/b>Galer\u00eda Pinceladas Itinerantes (Valladolid)<\/p>\n<p><b>2015 <\/b>D\u00e1rsena (A Coru\u00f1a).<\/p>\n<p>Galer\u00eda Provenza (Francia)<\/p>\n<p><b>2014 <\/b>BBVA (Valladolid).<\/p>\n<p><b>2013 <\/b>BBVA (Valladolid).<\/p>\n<p><b>2012 <\/b>Museo Fundaci\u00f3n Crist\u00f3bal Gabarr\u00f3n (Mula, Murcia)<\/p>\n<p>BBVA (Oviedo).<\/p>\n<p>Galer\u00eda Provenza (Francia)<\/p>\n<p><b>2011 <\/b>BBVA (Valladolid).<\/p>\n<p>Galer\u00eda Rafael (Valladolid)<\/p>\n<p><b>2010 <\/b>Obra Social Caja Espa\u00f1a (Valladolid)<\/p>\n<p>Obra Social Caja Espa\u00f1a (Palencia)<\/p>\n<p>Obra Social Caja Espa\u00f1a (Zamora)<\/p>\n<p>Obra Social Caja Espa\u00f1a (Le\u00f3n)<\/p>\n<p>Obra Social Caja Espa\u00f1a (Ponferrada)<\/p>\n<p><b>2009 <\/b>Galer\u00eda de arte Siglo XXI (Valladolid)<\/p>\n<p>Palacio de congresos de Guadalajara (M\u00e9xico)<\/p>\n<p><b>2008 <\/b>BBVA (Valladolid).<\/p>\n<p>Espacio para el Arte OBRA SOCIAL CAJA MADRID (MADRID)<\/p>\n<p><b>2007 <\/b>Galer\u00eda de Arte Contempor\u00e1neo Ajolote en Guadalajara (M\u00e9xico).<\/p>\n<p><b>2006 <\/b>BBVA (Valladolid).<\/p>\n<p><b>2005 <\/b>Caja Circulo (Valladolid).<\/p>\n<p>Sala \u2013 Museo de Vicente de Espona (Marbella).<\/p>\n<p><b>2004 <\/b>R. U. Alfonso VIII (Valladolid).<\/p>\n<p>Galer\u00eda de Arte VAN GESTEL (Marbella).<\/p>\n<p><b>2003 <\/b>Sala Municipal de Quintanilla de On\u00e9simo (Valladolid).<\/p>\n<p>BMV de Aranda de Duero (Burgos).<\/p>\n<p>Sala municipal \u201cLa Ermita\u201d de Tudela de Duero (Valladolid).<\/p>\n<p><b>1999 <\/b>Galer\u00eda de Arte Garc\u00eda (Palencia).<\/p>\n<p><b>1998 <\/b>BMV de Aranda de Duero (Burgos).<b>EXPOSICIONES COLECTIVAS <\/b><\/p>\n<p><b>2019 <\/b>CERTAMEN NACIONAL ACOR. Sala Las Francesas. (Valladolid)<\/p>\n<p><b>2018 <\/b>CERTAMEN NACIONAL ACOR. Sala Las Francesas. (Valladolid)<\/p>\n<p><b>2017 \u201c<\/b>Exposici\u00f3n obra mexicana\u201d en el Certamen Internacional de Cortos Ciudad de Soria<\/p>\n<p><b>2016 <\/b>Sala municipal de Toledo<\/p>\n<p><b>2015 <\/b>Sala Teatro Calder\u00f3n. (Valladolid)<\/p>\n<p><b>2014 <\/b>Fundacion Crist\u00f3bal Gabarr\u00f3n (New York, EEUU)<\/p>\n<p>CERTAMEN NACIONAL ACOR. Sala Teatro Calder\u00f3n. (Valladolid)<\/p>\n<p>Bodegas Valbusenda (Toro, Zamora)<\/p>\n<p><b>2013 <\/b>Palencia<\/p>\n<p>Museo Fundaci\u00f3n Crist\u00f3bal Gabarr\u00f3n (New York, EEUU)<\/p>\n<p><b>2012 <\/b>Galer\u00eda Marietta Negeruela (Palencia)<\/p>\n<p>Galer\u00eda Marietta Negeruela (Madrid)<\/p>\n<p>Museo del Calzado de Elda (Alicante)<\/p>\n<p>Sala de exposiciones del Centre cultural de Petrer (Alicante)<\/p>\n<p>Subasta de Arte SMI 2012 en Palacio Municipal de Guadalajara (M\u00e9xico)<\/p>\n<p><b>2011 <\/b>Galer\u00eda Rafael (Valladolid)<\/p>\n<p><b>2010 <\/b>Villa Massoury (Gran premio de F1 de M\u00f3naco)<\/p>\n<p><b>2009 <\/b>CERTAMEN NACIONAL ACOR. Sala Teatro Calder\u00f3n. (Valladolid)<\/p>\n<p>The America\u2019s Art Museum (Miami, EEUU)<\/p>\n<p>Galer\u00eda Pers Polis (Le\u00f3n)<\/p>\n<p>Galer\u00eda Global Art (Barcelona)<\/p>\n<p>Galer\u00eda Este (Santander)<\/p>\n<p>Palacio Pimentel<\/p>\n<p>Exposici\u00f3n de primavera, Galer\u00eda de arte Siglo XXI (Valladolid)<\/p>\n<p>Galer\u00eda Ajolote, Guadalajara, Jalisco (M\u00e9xico).<\/p>\n<p><b>2008 <\/b>ACOR. Sala Teatro Calder\u00f3n. (Valladolid)<\/p>\n<p>Galer\u00eda Paz Feliz (Madrid)<\/p>\n<p>Galer\u00eda de arte SIGLO XXI (Valladolid).<\/p>\n<p>Exposici\u00f3n itinerante \u201cLa vi\u00f1a y el vino\u201d por las diversas Salas Culturales de Caja Espa\u00f1a<\/p>\n<p><b>2007<\/b> Exposici\u00f3n itinerante \u201cLa vi\u00f1a y el vino\u201d por las diversas Salas Culturales de Caja Espa\u00f1a<\/p>\n<p>Sal\u00f3n de Oto\u00f1o de Valladolid.<\/p>\n<p>Subasta de Arte en beneficio de los Museos y Galer\u00edas de Guadalajara. Jalisco (M\u00e9xico).<\/p>\n<p>Centro de Negocios de Expo Guadalajara, Jalisco (M\u00e9xico).<\/p>\n<p>Hotel Hilton. Guadalajara, Jalisco (M\u00e9xico).<\/p>\n<p>CANARTES (C\u00e1mara Nacional de las Artes de M\u00e9xico) Guadalajara, Jalisco (M\u00e9xico).<\/p>\n<p>Espacio 07 en Expo Guadalajara, Jalisco (M\u00e9xico).<\/p>\n<p>Art. Miami 2007. Feria Internacional de Arte Contempor\u00e1neo en Miami Beach (EEUU).<\/p>\n<p><b>2006 <\/b>HAF. Feria Internacional de Arte Contempor\u00e1neo de Holanda en La Haya (HOLANDA).<\/p>\n<p>Galer\u00eda d\u2019Art VI\u00d1UELA &#038; DE IBARRA (Barcelona)<\/p>\n<p>Sala Caja Burgos de Aranda de Duero (Burgos).<\/p>\n<p><b>2005 <\/b>X Feria Internacional de Arte Contempor\u00e1neo de Vendas Novas en Lisboa (PORTUGAL).<\/p>\n<p>Sal\u00f3n de oto\u00f1o de Valladolid.<\/p>\n<p>De Grabado Calcogr\u00e1fico. Sala Municipal de Exposiciones, Valladolid.<\/p>\n<p>XII Feria de Arte Contempor\u00e1neo de Serrada (Valladolid).<\/p>\n<p><b>2004 <\/b>Sala AGORA de Cambrils (Tarragona).<\/p>\n<p>Concejal\u00eda de juventud de Palencia.<\/p>\n<p>De Grabado Calcogr\u00e1fico. Sala Municipal de Exposiciones, Valladolid.<\/p>\n<p>Hotel Ribera de Duero de Pe\u00f1afiel (Valladolid).<\/p>\n<p>Concejal\u00eda de Juventud de Lugo.<\/p>\n<p>Sala de Exposiciones Casa Revilla de Valladolid.<\/p>\n<p><b>2003<\/b> Casa de Galicia (Valladolid).<\/p>\n<p>De Grabado Calcogr\u00e1fico. Sala Municipal de Exposiciones, Valladolid.<\/p>\n<p>Landete (Cuenca).<\/p>\n<p>Sala de Exposiciones La Briquetera de Venta de Ba\u00f1os (Valladolid).<\/p>\n<p><b>2002<\/b> IX Feria de Arte Contempor\u00e1neo de Serrada (Valladolid).<\/p>\n<p><b>2000 <\/b>VII Feria de Arte Contempor\u00e1neo de Serrada (Valladolid).<\/p>\n<p><b>1998 <\/b>V Feria de Arte Contempor\u00e1neo de Serrada (Valladolid).<\/p>\n<p>Taller de Oto\u00f1o de la Uni\u00f3n Art\u00edstica de Valladolid.<\/p>\n<p><b>1997 <\/b>Taller de Oto\u00f1o de Valladolid.<\/p>\n<p><b>1996 <\/b>Taller de Oto\u00f1o de Valladolid.<\/p>\n<p>Estaci\u00f3n Campo Grande (Valladolid) con \u201cGrupo ARTESA\u201d.<\/p>\n<p><b>1995 <\/b>Taller de Oto\u00f1o de Valladolid.<\/p>\n<p><b>1994<\/b> Taller de la Uni\u00f3n Art\u00edstica Vallisoletana.<b>PREMIOS <\/b><\/p>\n<p><b>2015 <\/b>Finalista Certamen Nacional de Pintura ACOR (Valladolid).<\/p>\n<p><b>2014 <\/b>Tercer Premio Certamen Nacional de Pintura de Valbusenda (Toro, Zamora)<\/p>\n<p>Finalista Certamen Nacional de Pintura ACOR (Valladolid).<\/p>\n<p><b>2013 <\/b>Segundo Premio Palencia<\/p>\n<p>Primer Premio Certamen Nacional de Fotograf\u00eda de Toledo<\/p>\n<p><b>2012 <\/b>Premio Arte Emergente, Fundaci\u00f3n Crist\u00f3bal Gabarr\u00f3n (Mula, Murcia)<\/p>\n<p>Finalista, Certamen de Minicuadros \u201cHuestes de Cad\u00ed\u201d (Alicante)<\/p>\n<p><b>2011 <\/b>Finalista y Menci\u00f3n, Certamen Germ\u00e1n Calvo ciudad de Palencia<\/p>\n<p><b>2009 <\/b>Menci\u00f3n de Honor, Certamen Nacional de Pintura ACOR (Valladolid).<\/p>\n<p><b>2008 <\/b>Finalista Certamen Nacional de Pintura ACOR (Valladolid).<\/p>\n<p><b>2007 <\/b>Finalista Certamen Nacional bienal de Caja Espa\u00f1a \u201cLa vi\u00f1a y el vino\u201d.<\/p>\n<p><b>2006 <\/b>Primer Premio. Concurso de Casas Regionales de Castilla y Le\u00f3n. Toledo.<\/p>\n<p><b>2005 <\/b>Acc\u00e9sit. Sal\u00f3n de Oto\u00f1o de Valladolid.<\/p>\n<p><b>2004 <\/b>Finalista. Certamen Nacional de Pintura Villa de Cambrils.<\/p>\n<p>Finalista. V Certamen Nacional de Pintura de Pe\u00f1afiel.<\/p>\n<p>Primer Premio. I Certamen Nacional de Pintura AGORA de Lugo.<\/p>\n<p><b>2003 <\/b>Primer Premio. Concurso de Pintura Federaci\u00f3n de Casas Regionales Castilla y Le\u00f3n.<\/p>\n<p>Finalista. IV Certamen Nacional de Pintura de Pe\u00f1afiel.<\/p>\n<p>Tercer Premio de Pintura R\u00e1pida en Campaspero (Valladolid).<\/p>\n<p>Tercer Premio de Pintura R\u00e1pida en Castrillo de Duero (Valladolid)<\/p>\n<p>Finalista. IV Concurso Nacional de Pintura de Landete (Cuenca)<\/p>\n<p><b>2002 <\/b>Finalista. III Concurso Nacional de Pintura de Venta de Ba\u00f1os.<\/p>\n<p><b>1998<\/b> Acc\u00e9sit. Taller de Oto\u00f1o de la Uni\u00f3n Art\u00edstica de Valladolid.<\/p>\n<p><b>1997 <\/b>Segundo Acc\u00e9sit. Taller de Oto\u00f1o de Valladolid.<\/p>\n<p><b>1996 <\/b>Paleta de Plata y Menci\u00f3n de Honor. Taller de Oto\u00f1o de Valladolid.<\/p>\n<p><b>1995 <\/b>Menci\u00f3n de Honor. Taller de Oto\u00f1o de Valladolid.<\/p>\n<p><b>1993 <\/b>Segundo Premio joven. X Concurso Nacional de Pintura R\u00e1pida de Valladolid.<\/p>\n<p><b>1992 <\/b>Menci\u00f3n especial, Concurso de Pintura R\u00e1pida de Fr\u00f3mista. Palencia.<\/p>\n<p>C\u00f3mic premiado por Valladolid para el Concurso Nacional de C\u00f3mic y<\/p>\n<p>editado en la revisa \u201cTodos necesitamos leer\u201d.<\/p>\n<p><b>1986 <\/b>Segundo Premio de dibujo de Castilla y Le\u00f3n.<\/p>\n<p><b>SUS OBRAS FIGURAN EN <\/b><\/p>\n<p>Portada del libro \u201cMI ABUELO DIXIT\u201d de Antonio J. Fernandez.<\/p>\n<p>Portada e interior del libro \u201cEL DESTINO DE LOS DIAS\u201d de Aniano Gago.<\/p>\n<p>Cortometraje \u201cElena Durmiendo\u201d de Jorge Vallejo.<\/p>\n<p>Museo Fundaci\u00f3n Crist\u00f3bal Gabarr\u00f3n (New York, EEUU)<\/p>\n<p>Ayuntamiento de Valladolid.<\/p>\n<p>Ayuntamiento de Campaspero. Valladolid.<\/p>\n<p>Ayuntamiento de Castrillo de Duero. Valladolid.<\/p>\n<p>Ayuntamiento de Lugo.<\/p>\n<p>Federaci\u00f3n de Casas Regionales Castilla y Le\u00f3n. Valladolid.<\/p>\n<p>Casa de Castilla y Le\u00f3n en Palma de Mallorca.<\/p>\n<p>Casa de Castilla y Le\u00f3n en Toledo.<\/p>\n<p>Casa-Museo Vicente de Espona. Marbella<\/p>\n<p>Colecciones Privadas en Espa\u00f1a, Londres, M\u00e9xico y EEUU<\/p>\n","protected":false},"excerpt":{"rendered":"<p>Pintura al \u00f3leo sobre lienzo encolado en madera, mide 45 cm. de alto por 30 cm. de largo.<\/p>\n","protected":false},"featured_media":2020229,"template":"","meta":[],"product_brand":[],"product_cat":[177,614,634],"product_tag":[141,168,130,169,636],"class_list":{"0":"post-2020228","1":"product","2":"type-product","3":"status-publish","4":"has-post-thumbnail","6":"product_cat-paintings","7":"product_cat-artistas","8":"product_cat-plata-ruiz","9":"product_tag-arte-contemporaneo","10":"product_tag-arte-moderno-pintura","11":"product_tag-hiperrealismo","12":"product_tag-oleo","13":"product_tag-pop-art","14":"product_shipping_class-caja","15":"pa_artistas-verificados-plata-ruiz","16":"pa_disciplina-pintura","17":"pa_estilo-hiperrealismo","18":"pa_orientacion-vertical","19":"pa_tecnica-oleo","20":"pa_tema-naturaleza-muerta","23":"instock","24":"sold-individually","25":"shipping-taxable","26":"purchasable","27":"product-type-simple"},"_links":{"self":[{"href":"https:\/\/forloveatart.com\/en\/wp-json\/wp\/v2\/product\/2020228","targetHints":{"allow":["GET"]}}],"collection":[{"href":"https:\/\/forloveatart.com\/en\/wp-json\/wp\/v2\/product"}],"about":[{"href":"https:\/\/forloveatart.com\/en\/wp-json\/wp\/v2\/types\/product"}],"version-history":[{"count":1,"href":"https:\/\/forloveatart.com\/en\/wp-json\/wp\/v2\/product\/2020228\/revisions"}],"predecessor-version":[{"id":2020519,"href":"https:\/\/forloveatart.com\/en\/wp-json\/wp\/v2\/product\/2020228\/revisions\/2020519"}],"wp:featuredmedia":[{"embeddable":true,"href":"https:\/\/forloveatart.com\/en\/wp-json\/wp\/v2\/media\/2020229"}],"wp:attachment":[{"href":"https:\/\/forloveatart.com\/en\/wp-json\/wp\/v2\/media?parent=2020228"}],"wp:term":[{"taxonomy":"product_brand","embeddable":true,"href":"https:\/\/forloveatart.com\/en\/wp-json\/wp\/v2\/product_brand?post=2020228"},{"taxonomy":"product_cat","embeddable":true,"href":"https:\/\/forloveatart.com\/en\/wp-json\/wp\/v2\/product_cat?post=2020228"},{"taxonomy":"product_tag","embeddable":true,"href":"https:\/\/forloveatart.com\/en\/wp-json\/wp\/v2\/product_tag?post=2020228"}],"curies":[{"name":"wp","href":"https:\/\/api.w.org\/{rel}","templated":true}]}}