{"id":2020323,"date":"2020-11-26T16:50:59","date_gmt":"2020-11-26T16:50:59","guid":{"rendered":"https:\/\/forloveatart.com\/?post_type=product&#038;p=2020323"},"modified":"2021-04-20T06:12:57","modified_gmt":"2021-04-20T06:12:57","slug":"catedral-de-salamanca","status":"publish","type":"product","link":"https:\/\/forloveatart.com\/en\/producto\/catedral-de-salamanca\/","title":{"rendered":"Catedral de Salamanca"},"content":{"rendered":"<p>Madrile\u00f1o, urbanita, enamorado de Nueva York y de Londres donde recibi\u00f3 gran parte de su formaci\u00f3n.<\/p>\n<p>Fot\u00f3grafo todo terreno desde muy joven, ha trabajado para las mejores revistas y agencias de publicidad de Madrid y ha hecho viajes profesionales a m\u00e1s de \u00a030 pa\u00edses del mundo.<\/p>\n<p>Su \u00e1mbito de trabajo personal siempre fue alrededor de la experimentaci\u00f3n entre la pintura y la fotograf\u00eda con muy diversas t\u00e9cnicas y tem\u00e1ticas. A partir de 1997\u00a0 realiza grandes obras al \u00f3leo sobre lienzo, casi siempre reinterpretando fotograf\u00edas personales.<\/p>\n<p>Ha trabajado paralelamente con esas dos profesiones hasta que descubri\u00f3 la t\u00e9cnica de pintura al \u00f3leo sobre fotograf\u00eda, por fin sus dos pasiones unidas en una. Era el a\u00f1o 2014. Desde 1985 hasta 2017 \u00a0ha participado en exposiciones individuales y colectivas en diferentes galer\u00edas, museos y organismos en el territorio espa\u00f1ol y en Nueva York.<\/p>\n<p>Ha resultado finalista en varios importantes concursos de fotograf\u00eda y pintura.<\/p>\n","protected":false},"excerpt":{"rendered":"<p>Pintura al \u00f3leo sobre impresi\u00f3n fotogr\u00e1fica a blanco y negro en lienzo Hahnem\u00fchle. Mide 130 cm. de alto por 160 cm. de largo en bastidor de 4 cm. de ancho y pintado lateralmente.<\/p>\n","protected":false},"featured_media":2020291,"template":"","meta":[],"product_brand":[],"product_cat":[614,642,648],"product_tag":[141,646,130,169,598],"class_list":{"0":"post-2020323","1":"product","2":"type-product","3":"status-publish","4":"has-post-thumbnail","6":"product_cat-artistas","7":"product_cat-carlos-arriaga","8":"product_cat-fotografia-pintada-a-mano","9":"product_tag-arte-contemporaneo","10":"product_tag-fotografia","11":"product_tag-hiperrealismo","12":"product_tag-oleo","13":"product_tag-tecnica-mixta","14":"product_shipping_class-caja","15":"pa_artistas-verificados-carlos-arriaga","16":"pa_disciplina-fotografia-pintada-a-mano","17":"pa_estilo-realismo-magico","18":"pa_orientacion-horizontal","19":"pa_tecnica-fotografia-pintada-al-oleo","20":"pa_tema-paisaje-urbano","23":"instock","24":"sold-individually","25":"shipping-taxable","26":"purchasable","27":"product-type-simple"},"_links":{"self":[{"href":"https:\/\/forloveatart.com\/en\/wp-json\/wp\/v2\/product\/2020323","targetHints":{"allow":["GET"]}}],"collection":[{"href":"https:\/\/forloveatart.com\/en\/wp-json\/wp\/v2\/product"}],"about":[{"href":"https:\/\/forloveatart.com\/en\/wp-json\/wp\/v2\/types\/product"}],"version-history":[{"count":1,"href":"https:\/\/forloveatart.com\/en\/wp-json\/wp\/v2\/product\/2020323\/revisions"}],"predecessor-version":[{"id":2020372,"href":"https:\/\/forloveatart.com\/en\/wp-json\/wp\/v2\/product\/2020323\/revisions\/2020372"}],"wp:featuredmedia":[{"embeddable":true,"href":"https:\/\/forloveatart.com\/en\/wp-json\/wp\/v2\/media\/2020291"}],"wp:attachment":[{"href":"https:\/\/forloveatart.com\/en\/wp-json\/wp\/v2\/media?parent=2020323"}],"wp:term":[{"taxonomy":"product_brand","embeddable":true,"href":"https:\/\/forloveatart.com\/en\/wp-json\/wp\/v2\/product_brand?post=2020323"},{"taxonomy":"product_cat","embeddable":true,"href":"https:\/\/forloveatart.com\/en\/wp-json\/wp\/v2\/product_cat?post=2020323"},{"taxonomy":"product_tag","embeddable":true,"href":"https:\/\/forloveatart.com\/en\/wp-json\/wp\/v2\/product_tag?post=2020323"}],"curies":[{"name":"wp","href":"https:\/\/api.w.org\/{rel}","templated":true}]}}