{"id":2020581,"date":"2020-12-02T07:51:38","date_gmt":"2020-12-02T07:51:38","guid":{"rendered":"https:\/\/forloveatart.com\/?post_type=product&#038;p=2020581"},"modified":"2021-06-09T16:22:46","modified_gmt":"2021-06-09T16:22:46","slug":"sin-titulo-2","status":"publish","type":"product","link":"https:\/\/forloveatart.com\/en\/producto\/sin-titulo-2\/","title":{"rendered":"Sin T\u00edtulo"},"content":{"rendered":"<p>Sevilla, 1955<\/p>\n<p>Artista Pl\u00e1stico<\/p>\n<p>Doctor en Bellas Artes. Universidad Polit\u00e9cnica de Valencia. 1996.<\/p>\n<p><br data-mce-bogus=\"1\"><\/p>\n","protected":false},"excerpt":{"rendered":"<p>Pintura sobre madera de Jos\u00e9 Bautista, mide 19 cm. de alto por 24 cm. de largo.<\/p>\n<p>Esta secci\u00f3n re\u00fane\u00a0 artistas de primera fila, todos realizan las obras en el mismo formato( 19 cm X 24 Cm, en tablero de D M de 10 mil\u00edmetros)\u00a0 \u00a0y todos al mismo Precio 200 \u20ac<\/p>\n<p>Estar\u00e1n representadas diversas tendencias del arte contempor\u00e1neo.<\/p>\n<p>Todos ellos han decidido participar en esta propuesta, a pesar de sus cotizaciones,<\/p>\n<p>con la idea de potenciar el coleccionismo.<\/p>\n<p><span style=\"color: #ff0000;\" data-mce-style=\"color: #ff0000;\"><strong><b>Cuando compras tu primer cuadro, ya te conviertes en coleccionista<\/b><\/strong>.<\/span><\/p>\n<p>Con esta iniciativa, pretendo que sea algo natural \u00a0adquirir una obra de arte,<\/p>\n<p>disfrutar de las obras de arte en tu propia casa y acercarse a artistas de gran calidad.<\/p>\n<p>Esta formula nos permite a todos poder poseer firmas que en otras ocasiones<\/p>\n<p>son m\u00e1s costosas, y as\u00ed iniciar o complementar nuestra propia colecci\u00f3n.<\/p>\n","protected":false},"featured_media":2020548,"template":"","meta":[],"product_brand":[],"product_cat":[614,592,618,177],"product_tag":[141,142,145,140],"class_list":{"0":"post-2020581","1":"product","2":"type-product","3":"status-publish","4":"has-post-thumbnail","6":"product_cat-artistas","7":"product_cat-iniciacion-al-coleccionismo","8":"product_cat-jose-bautista","9":"product_cat-paintings","10":"product_tag-arte-contemporaneo","11":"product_tag-expresionismo","12":"product_tag-fauvismo","13":"product_tag-nueva-figuracion","14":"product_shipping_class-caja","15":"pa_artistas-verificados-jose-bautista","16":"pa_disciplina-pintura","17":"pa_estilo-expresionismo","18":"pa_orientacion-horizontal","19":"pa_tecnica-oleo","20":"pa_tema-escena","23":"instock","24":"sold-individually","25":"shipping-taxable","26":"purchasable","27":"product-type-simple"},"_links":{"self":[{"href":"https:\/\/forloveatart.com\/en\/wp-json\/wp\/v2\/product\/2020581","targetHints":{"allow":["GET"]}}],"collection":[{"href":"https:\/\/forloveatart.com\/en\/wp-json\/wp\/v2\/product"}],"about":[{"href":"https:\/\/forloveatart.com\/en\/wp-json\/wp\/v2\/types\/product"}],"version-history":[{"count":2,"href":"https:\/\/forloveatart.com\/en\/wp-json\/wp\/v2\/product\/2020581\/revisions"}],"predecessor-version":[{"id":2023219,"href":"https:\/\/forloveatart.com\/en\/wp-json\/wp\/v2\/product\/2020581\/revisions\/2023219"}],"wp:featuredmedia":[{"embeddable":true,"href":"https:\/\/forloveatart.com\/en\/wp-json\/wp\/v2\/media\/2020548"}],"wp:attachment":[{"href":"https:\/\/forloveatart.com\/en\/wp-json\/wp\/v2\/media?parent=2020581"}],"wp:term":[{"taxonomy":"product_brand","embeddable":true,"href":"https:\/\/forloveatart.com\/en\/wp-json\/wp\/v2\/product_brand?post=2020581"},{"taxonomy":"product_cat","embeddable":true,"href":"https:\/\/forloveatart.com\/en\/wp-json\/wp\/v2\/product_cat?post=2020581"},{"taxonomy":"product_tag","embeddable":true,"href":"https:\/\/forloveatart.com\/en\/wp-json\/wp\/v2\/product_tag?post=2020581"}],"curies":[{"name":"wp","href":"https:\/\/api.w.org\/{rel}","templated":true}]}}