{"id":2020681,"date":"2020-12-02T18:32:53","date_gmt":"2020-12-02T18:32:53","guid":{"rendered":"https:\/\/forloveatart.com\/?post_type=product&#038;p=2020681"},"modified":"2021-03-11T20:45:26","modified_gmt":"2021-03-11T20:45:26","slug":"escuela","status":"publish","type":"product","link":"https:\/\/forloveatart.com\/en\/producto\/escuela\/","title":{"rendered":"Escuela"},"content":{"rendered":"<p><strong><b>BIOGRAFIA : \u00a0\u00a0\u00a0\u00a0\u00a0\u00a0\u00a0\u00a0<\/b><\/strong><strong><em><b><i>Carlos Sanz Aldea \u00a0\u00a0\u00a0\u00a0\u00a0\u00a0\u00a0\u00a0\u00a0\u00a0\u00a0\u00a0\u00a0\u00a0\u00a0\u00a0Soria 1960<\/i><\/b><\/em><\/strong><\/p>\n<p><strong><b>\u00a0<\/b><\/strong>Licenciado en Bellas Artes por la Universidad Complutense de Madrid<\/p>\n<p>( 1982 &#8211; 1987 ).<\/p>\n<p>Desde 1979, realiza diversas exposiciones , montajes pl\u00e1sticos e instalaciones individuales \u00a0y colectivas ( Tren Teatro performance Alberto Moral-Sanz Aldea ),<\/p>\n<p>(La Dehesa Andr\u00e9s Ruiz &#8211; Sanz Aldea).<\/p>\n<p>En 1983 asiste al taller de arte actual impartido por Manuel H. Momp\u00f3 en el Circulo de Bellas Artes de Madrid.<\/p>\n<p>En 1985 es becado por el Ministerio de Cultura y en 1987 le otorgan el premio de la especialidad de pintura, en la \u00a0I Bienal de Escuelas de Arte de Europa, en Toulousse (Francia), siendo becado por la Facultad de Bellas Artes de esta misma ciudad en 1989. Donde Realiza el montaje pl\u00e1stico-performance &#8221; Toulousse, Garona, Camar\u00f3n&#8221; ,conjuntamente con Eduardo Mu\u00f1oz, Gonz\u00e1lez Guerrero y Eugenio Benet.<\/p>\n<p>En 1986 realiza los murales de la Iglesia de San Pedro Manrique en Soria.<\/p>\n<p>En 1989 construye la Instalaci\u00f3n \u00a0&#8221; Land Art&#8221; titulada \u00a0Moncayo Pir\u00e1mide de Paja, (Vega de Candilichera Soria).<\/p>\n<p>En el a\u00f1o 1990 \u00a0realiza una \u00a0muestra individual en la \u00a0Casa del Siglo xv de Segovia \u00a0y en \u00a01991 presenta \u00a0el montaje Pl\u00e1stico &#8220;wellcome de veras&#8221; en la Galer\u00eda Evelio Gayubo de Valladolid.<\/p>\n<p>A partir de 1992 , centra su trabajo en la \u00a0producci\u00f3n audiovisual, Creando la Productora Fenicia y participando en la realizaci\u00f3n de un total de 197 producciones (documentales, videoinstalaciones y videodanza contempor\u00e1nea y \u00a0Publicidad \u00a0para T.V. ).<\/p>\n<p>En esta misma fecha pasa a formar parte del Colectivo Al\u00e9n, participando en sus exposiciones y publicaciones.<\/p>\n<p>En 1993, realiza, con la empresa Fenicia, la videoinstalaci\u00f3n &#8220;Valladolid en la corriente del tiempo&#8221; situada en el pabell\u00f3n de la Excma. Diputaci\u00f3n de Valladolid (XXXI , Edici\u00f3n Feria de Muestras de Valladolid).<\/p>\n<p>En el a\u00f1o 1994, participa con el grupo &#8220;Al\u00e9n&#8221; representando a Espa\u00f1a \u00a0en FITAC 94,<\/p>\n<p><strong><b>\u00a0<\/b><\/strong><strong><em><b><i>3\u00ba FORO INTERNACIONAL DE TEORIA SOBRE<\/i><\/b><\/em><\/strong><\/p>\n<p><strong><em><b><i>ARTE CONTEMPORANEO, EL LENGUAJE DEL ARTE Y SUS NUEVAS PROPUESTAS. \u00a0<\/i><\/b><\/em><\/strong><strong><b>Instituto Cultural<\/b><\/strong>\u00a0Caba\u00f1as \u00a0\u00a0(Guadalajara M\u00e9xico).<\/p>\n<p>En el a\u00f1o 1997 realiza el montaje pl\u00e1stico titulado &#8220;Habitable &#8221; en el Palacio de La Audiencia de Soria.<\/p>\n<p>En 1998 \u00a0realiza una exposici\u00f3n individual en el Museo de Arte Contempor\u00e1neo &#8220;La F\u00e1brica&#8221; Abarca de Campos (Palencia), con el t\u00edtulo &#8220;Teatro de la memoria, met\u00e1fora del espacio&#8221; conjuntamente con un montaje \u00a0Land Art utilizando cuatrocientas toneladas de paja.<\/p>\n<p>En este mismo a\u00f1o le otorgan el premio &#8220;Fray Luis de Le\u00f3n&#8221;, premio nacional de artes pl\u00e1sticas concedido por la Junta de Castilla y Le\u00f3n en la modalidad de pintura.<\/p>\n<p>En 1999 obtiene como realizador el primer premio nacional en la secci\u00f3n de video documental convocado por la &#8220;FILA&#8221; en Valladolid. Tambi\u00e9n obtiene el segundo premio en la misma secci\u00f3n del certamen Convocado por la Asociaci\u00f3n de Cine de Cuenca, con el documental titulado &#8220;El paso del fuego&#8221;<\/p>\n<p>En el verano de 1999 dirige en Marruecos \u00a0el \u00a0corto documental \u00a0\u00a0titulado &#8220;Nadir&#8221;<\/p>\n<p>En febrero del 2000 &#8220;El Viajero Ateo&#8221; exposici\u00f3n individual, &#8220;La casa del S.XV&#8221; Segovia.<\/p>\n<p>En los a\u00f1os siguientes realiza las \u00a0exposiciones individuales:<\/p>\n<p>2001 \u201cObjeto recuerdo\u201d . Individual en Galer\u00eda Caracol de Valladolid<\/p>\n<p>2001\u201c En el vano de la memoria\u201d individual e itinerante por Castilla y Le\u00f3n\u201d.<\/p>\n<p>En 2001 la colectiva \u201cCien artistas con Sileno\u201d Madrid.<\/p>\n<p>En 2001 recibe el Premio Racimos de Pintura en Serrada y forma parte de la colectiva \u201c XXV aniversario Galer\u00eda Arco Romano\u201d. Medinaceli (Soria)<\/p>\n<p>En 2002 participa en las Exposiciones \u201c Paisajes intergeneracionales Academia de Espa\u00f1a en Roma ( Italia )<\/p>\n<p>Artecampos \u201c Fundaci\u00f3n D\u00edaz Caneja \u201c ( Palencia )<\/p>\n<p>\u201cEuropa in Furth\u201d N\u00fcremberg ( Alemania )<\/p>\n<ul>\n<li>\u201cTransportes\u201d Individual en Galer\u00eda Cirac. \u00a0Zamora<\/li>\n<\/ul>\n<p>2003 \u00a0recibe el \u201cPremio Cosechero\u201d Serrada. Valladolid<\/p>\n<ul>\n<li>\u00bfDonde t\u00e9 vives? Montaje Pl\u00e1stico en La ventana de La Apolonia, Soria.<\/li>\n<\/ul>\n<p>Acc\u00e9sit en el Festival Internacional de Cine \u00a0\u201cCinema Jove\u201d de Valencia con el corto documental de animaci\u00f3n \u201c El toro de la Vega \u201c<\/p>\n<ul>\n<li>&#8211; 2005 \u201cEl \u00e1rbol del Deseo\u201d Montaje pl\u00e1stico, itinerante por Castilla y Le\u00f3n , en el Proyecto \u201cConstelaci\u00f3n Arte\u201d.<\/li>\n<\/ul>\n<p>2006\u2013 Publicaci\u00f3n de tres serigraf\u00edas para \u201cArte y Naturaleza\u201d, publicaci\u00f3n de una serigraf\u00eda para El Mundo de Valladolid.<\/p>\n<p>2007- \u201cESTE-OESTE, EKIALDEA-BENDEMALDEA\u201d exposici\u00f3n individual galer\u00eda Kur de San Sebasti\u00e1n<\/p>\n<p>2008- \u201cREPRESENTACI\u00d3N DEL TIEMPO un paisaje so\u00f1ado dela cultura urbana.\u201d exposici\u00f3n individual galer\u00eda <em><i>Lametro<\/i><\/em>\u00a0Valencia<\/p>\n<p>Premio IX certamen de pintura\u00a0Fundaci\u00f3n ACOR<\/p>\n<p>2009.- 1\u00ba premio de grabado MUFART \u201cArtes pl\u00e1sticas para el siglo XXI<\/p>\n<p>Tematizaci\u00f3n del Tram, L\u00ednea Alicante Benidorm. (Alicante)<\/p>\n<p>\u201cLa sombra del perro\u201d Exposici\u00f3n individual en sala 520, PradoRey. Valladolid<\/p>\n<p>\u201cCAVE CANEM\u201d exposici\u00f3n individual en Fundaci\u00f3n Segundo y Santiago Montes. Valladolid<\/p>\n<p>2009 \u201cM\u00f3vil home\u201d Galer\u00eda Artesonado en La Granja de san Ildefonso. Segovia<\/p>\n<p>2010 \u201cArte y letra\u201d fondos de la Colecci\u00f3n, Irene garz\u00f3n. Biblioteca de la Facultad de Bellas Artes, Universidad Complutense de Madrid<\/p>\n","protected":false},"excerpt":{"rendered":"<p>Gran obra, \u00f3leo sobre Dibond, mide 180 cm. de alto por 220 cm. de largo y de ancho 12 cm.<\/p>\n","protected":false},"featured_media":2020682,"template":"","meta":[],"product_brand":[],"product_cat":[614,630,177],"product_tag":[141,168],"class_list":{"0":"post-2020681","1":"product","2":"type-product","3":"status-publish","4":"has-post-thumbnail","6":"product_cat-artistas","7":"product_cat-carlos-sanz-aldea","8":"product_cat-paintings","9":"product_tag-arte-contemporaneo","10":"product_tag-arte-moderno-pintura","11":"product_shipping_class-caja","12":"pa_artistas-verificados-carlos-sanz-aldea","13":"pa_disciplina-pintura","14":"pa_estilo-nueva-figuracion","15":"pa_orientacion-horizontal","16":"pa_tecnica-tecnica-mixta","17":"pa_tema-paisaje","20":"outofstock","21":"sold-individually","22":"shipping-taxable","23":"purchasable","24":"product-type-simple"},"_links":{"self":[{"href":"https:\/\/forloveatart.com\/en\/wp-json\/wp\/v2\/product\/2020681","targetHints":{"allow":["GET"]}}],"collection":[{"href":"https:\/\/forloveatart.com\/en\/wp-json\/wp\/v2\/product"}],"about":[{"href":"https:\/\/forloveatart.com\/en\/wp-json\/wp\/v2\/types\/product"}],"version-history":[{"count":0,"href":"https:\/\/forloveatart.com\/en\/wp-json\/wp\/v2\/product\/2020681\/revisions"}],"wp:featuredmedia":[{"embeddable":true,"href":"https:\/\/forloveatart.com\/en\/wp-json\/wp\/v2\/media\/2020682"}],"wp:attachment":[{"href":"https:\/\/forloveatart.com\/en\/wp-json\/wp\/v2\/media?parent=2020681"}],"wp:term":[{"taxonomy":"product_brand","embeddable":true,"href":"https:\/\/forloveatart.com\/en\/wp-json\/wp\/v2\/product_brand?post=2020681"},{"taxonomy":"product_cat","embeddable":true,"href":"https:\/\/forloveatart.com\/en\/wp-json\/wp\/v2\/product_cat?post=2020681"},{"taxonomy":"product_tag","embeddable":true,"href":"https:\/\/forloveatart.com\/en\/wp-json\/wp\/v2\/product_tag?post=2020681"}],"curies":[{"name":"wp","href":"https:\/\/api.w.org\/{rel}","templated":true}]}}