{"id":2020686,"date":"2020-12-02T19:03:31","date_gmt":"2020-12-02T19:03:31","guid":{"rendered":"https:\/\/forloveatart.com\/?post_type=product&#038;p=2020686"},"modified":"2021-02-05T18:23:00","modified_gmt":"2021-02-05T18:23:00","slug":"subacquea","status":"publish","type":"product","link":"https:\/\/forloveatart.com\/en\/producto\/subacquea\/","title":{"rendered":"Subacquea"},"content":{"rendered":"<p>Salvatore Esposito artista nacido en Gallipoli ( Italia) en1937. Desde 1960 vive en Mil\u00e1n, estudia Bellas Artes en la Academia de Brera, donde tiene como maestro a Mauro Reggiani, cuando termina la Academia vive en Paris y en Berl\u00edn, viaja por \u00c1frica, Espa\u00f1a, Londres, Nueva York&#8230; Ha expuesto en varias ciudades de Italia y de Europa. Y ahora tenemos el placer de que venga \u00a0a Palencia a exponer una serie de dibujos de cangrejos y crust\u00e1ceos que el mismo pesca en las costas de Cerde\u00f1a.<\/p>\n<p>Salvatore es catedr\u00e1tico de anatom\u00eda art\u00edstica en la Academia de Bellas Artes de Brera.<\/p>\n<p>Para Esposito el dibujo es m\u00e9todo vivido con el contacto directo del modelo, a dos tiempos. En el primer tiempo es el de la preparaci\u00f3n del modelo buscando el equilibrio entre las formas de la naturaleza y la percepci\u00f3n del artista. En el segundo tiempo es el de la memoria de toda su obra pict\u00f3rica el recuerdo siempre presente del mar.<\/p>\n<p>Un dibujo-recuerdo de fidelidad y perfecci\u00f3n anat\u00f3mica<\/p>\n","protected":false},"excerpt":{"rendered":"<p>T\u00e9cnica mixta, acr\u00edlico y grafito, mide 70 cm. de alto por 100 cm. de largo.<\/p>\n","protected":false},"featured_media":2020687,"template":"","meta":[],"product_brand":[],"product_cat":[614,177,652],"product_tag":[173,141,168,656,598],"class_list":{"0":"post-2020686","1":"product","2":"type-product","3":"status-publish","4":"has-post-thumbnail","6":"product_cat-artistas","7":"product_cat-paintings","8":"product_cat-salvatore-esposito","9":"product_tag-acrilico","10":"product_tag-arte-contemporaneo","11":"product_tag-arte-moderno-pintura","12":"product_tag-paisaje-subacuatico","13":"product_tag-tecnica-mixta","14":"product_shipping_class-caja","15":"pa_artistas-verificados-salvatore-esposito","16":"pa_disciplina-pintura","17":"pa_estilo-abstraccion","18":"pa_orientacion-horizontal","19":"pa_tecnica-tecnica-mixta","20":"pa_tema-agua","23":"instock","24":"sold-individually","25":"shipping-taxable","26":"purchasable","27":"product-type-simple"},"_links":{"self":[{"href":"https:\/\/forloveatart.com\/en\/wp-json\/wp\/v2\/product\/2020686","targetHints":{"allow":["GET"]}}],"collection":[{"href":"https:\/\/forloveatart.com\/en\/wp-json\/wp\/v2\/product"}],"about":[{"href":"https:\/\/forloveatart.com\/en\/wp-json\/wp\/v2\/types\/product"}],"version-history":[{"count":0,"href":"https:\/\/forloveatart.com\/en\/wp-json\/wp\/v2\/product\/2020686\/revisions"}],"wp:featuredmedia":[{"embeddable":true,"href":"https:\/\/forloveatart.com\/en\/wp-json\/wp\/v2\/media\/2020687"}],"wp:attachment":[{"href":"https:\/\/forloveatart.com\/en\/wp-json\/wp\/v2\/media?parent=2020686"}],"wp:term":[{"taxonomy":"product_brand","embeddable":true,"href":"https:\/\/forloveatart.com\/en\/wp-json\/wp\/v2\/product_brand?post=2020686"},{"taxonomy":"product_cat","embeddable":true,"href":"https:\/\/forloveatart.com\/en\/wp-json\/wp\/v2\/product_cat?post=2020686"},{"taxonomy":"product_tag","embeddable":true,"href":"https:\/\/forloveatart.com\/en\/wp-json\/wp\/v2\/product_tag?post=2020686"}],"curies":[{"name":"wp","href":"https:\/\/api.w.org\/{rel}","templated":true}]}}