{"id":2020694,"date":"2020-12-03T18:11:39","date_gmt":"2020-12-03T18:11:39","guid":{"rendered":"https:\/\/forloveatart.com\/?post_type=product&#038;p=2020694"},"modified":"2020-12-06T13:16:45","modified_gmt":"2020-12-06T13:16:45","slug":"carbonero-vertical","status":"publish","type":"product","link":"https:\/\/forloveatart.com\/en\/producto\/carbonero-vertical\/","title":{"rendered":"Carbonero vertical"},"content":{"rendered":"<p><strong><b>ENRIQUE GONZ\u00c1LEZ FLORES<\/b><\/strong><br \/>\nMadrid 1968<\/p>\n<p><strong><b>Exposiciones individuales m\u00e1s importantes:<\/b><\/strong><\/p>\n<p><strong><b>\u00a0<\/b><\/strong>2017 \u00a0\u00a0\u201cEl misterio de los cl\u00e1sicos\u201d Galer\u00eda NB7, Madrid. Espa\u00f1a<\/p>\n<p>2016\u00a0\u00a0\u00a0\u201cEl enigma de la sombra\u201d Galer\u00eda Rodrigo Juarranz-A2 Garage. Madrid. Espa\u00f1a<\/p>\n<p>2015\u00a0\u00a0 Galer\u00eda Marietta Negueruela, Palencia. Espa\u00f1a<\/p>\n<p>Despacio Arte y vino, (Galer\u00eda Rodrigo Juarranz), Madrid. Espa\u00f1a<\/p>\n<p>2014\u00a0\u00a0 Galer\u00eda Rodrigo Juarranz, Aranda de Duero, Burgos. Espa\u00f1a<\/p>\n<p>2012\u00a0\u00a0 Taller Pepe Herrera, Madrid. Espa\u00f1a<\/p>\n<p>2011\u00a0\u00a0 Sow Room Brita Prinz, Madrid. Espa\u00f1a<\/p>\n<p>2006\u00a0\u00a0 Galer\u00eda In\u00e9s Barrenechea, Madrid. Espa\u00f1a<\/p>\n<p>2004\u00a0\u00a0 Galer\u00eda Atelier de Lascelles, Lascelles, Francia<\/p>\n<p>2002\u00a0\u00a0 Galer\u00eda Saint-Etienne, Bayona, Francia<br \/>\nGaler\u00eda De Papel, A Coru\u00f1a. Espa\u00f1a<\/p>\n<p>1998\u00a0\u00a0 Galer\u00eda Brita Prinz, Madrid. Espa\u00f1a<br \/>\nGaler\u00eda Flora Herranz, Madrid. Espa\u00f1a<\/p>\n<p>1997\u00a0\u00a0 Galer\u00eda Saint-Etienne, Bayona, Francia<\/p>\n<p>1993\u00a0\u00a0 Galer\u00eda Brita Prinz, Madrid. Espa\u00f1a<br \/>\nGaler\u00eda Mainel, Burgos. Espa\u00f1a<\/p>\n<p><strong><b>\u00a0<\/b><\/strong><strong><b>Exposiciones colectivas m\u00e1s importantes:<\/b><\/strong><\/p>\n<p>2019 The Affordable Art Fair, Londres, Galer\u00eda Rodrigo Juarranz<\/p>\n<p>The Affordable Art Fair, Bruselas, Galer\u00eda Rodrigo Juarranz<\/p>\n<p>The Affordable Art Fair, Londres. Brita Prinz Arte<\/p>\n<p>XXXII Premio de Pintura Villanueva de G\u00e1llego. Zaragoza<\/p>\n<p>2018 \u201cInter-Vallum\u201d Est_Art Espacio de Arte. Alcobendas, Madrid<\/p>\n<p>Galer\u00eda Siang-Marieta Negueruela, \u201cPeque\u00f1o formato\u201d, Palencia<\/p>\n<p>Feria de Arte Contempor\u00e1neo FLECHA 2018, Madrid<\/p>\n<p>Feria de Arte Contempor\u00e1neo FLECHA 2018, Palma de Mallorca<\/p>\n<p>Feria de Arte Contempor\u00e1neo FLECHA 2018, Bilbao<\/p>\n<p>The Affordable Art Fair, Hamburgo. Brita Prinz Arte<\/p>\n<p>The Affordable Art Fair, Londres, Galer\u00eda Rodrigo Juarranz<\/p>\n<p>The Affordable Art Fair, Londres. Brita Prinz Arte<\/p>\n<p>2017 ESTAMPA 2017, Galer\u00eda Rodrigo Juarranz<\/p>\n<p>The Affordable Art Fair, Hamburgo. Brita Prinz Arte<\/p>\n<p>2017 \u00a0ABC Serrano (FLECHA), Madrid<\/p>\n<p>Casa Decor (FLECHA)<\/p>\n<p>2017 \u00a0Feria de Arte Contempor\u00e1neo FLECHA 2017, Madrid<\/p>\n<p>2016 \u00a0\u201cMadrid dos generaciones y media\u201d, Galer\u00eda Odalys. Espa\u00f1a<\/p>\n<p>The Affordable Art Fair, Londres. Brita Prinz Arte<\/p>\n<p>ESTAMPA 2016, Galer\u00eda Rodrigo Juarranz<\/p>\n<p>The Affordable Art Fair, Hamburgo. Brita Prinz Arte<\/p>\n<p>2015\u00a0\u00a0\u00a0 Art Marbella, Galer\u00eda Rodrigo Juarranz<\/p>\n<p>Donostiartean Art Fair, San Sebasti\u00e1n, Galer\u00eda Rodrigo Juarranz<\/p>\n<p>Art Madrid, Galer\u00eda Rodrigo Juarranz<\/p>\n<p>ESTAMPA 2015, Galer\u00eda Rodrigo Juarranz<\/p>\n<p>2014\u00a0\u00a0\u00a0 The Affordable Art Fair, Londres. Brita Prinz Arte<\/p>\n<p>Art Madrid, Galer\u00eda Rodrigo Juarranz<\/p>\n<p>Colectiva artistas de la Galer\u00eda Rodrigo Juarranz, Aranda de Duero, Burgos<\/p>\n<p>ESTAMPA 2014, Galer\u00eda Rodrigo Juarranz<\/p>\n<p>&#8220;Un d\u00eda en Casa de Vel\u00e1zquez&#8221; Casa de Vel\u00e1quez (Madrid)<\/p>\n<p>2013\u00a0\u00a0\u00a0 The Affordable Art Fair, Hamburgo. Brita Prinz Arte<\/p>\n<p>The Affordable Art Fair, Bruselas. Galer\u00eda Rodrigo Juarranz<\/p>\n<p>ST.ART, Estrasburgo, Galer\u00eda Rodrigo Juarranz<\/p>\n<p>Art-Karlsruhe, Aleman\u00eda, Galer\u00eda Rodrigo Juarranz<\/p>\n<p>2012\u00a0\u00a0\u00a0 The Affordable Art Fair, Londres. Brita Prinz Arte<br \/>\nArteando, Ir\u00fan. FLECHA<\/p>\n<p>5\u00ba Concurso de pintura del Colegio de Veterinarios de Zaragoza<\/p>\n<p>2011\u00a0\u00a0\u00a0 The Affordable Art Fair, Londres.\u00a0Brita Prinz Arte<br \/>\nFeria de Arte Contempor\u00e1neo FLECHA 2012, Madrid<\/p>\n<p>2010\u00a0\u00a0\u00a0 \u2018La Memoria en el Laberinto\u2019 Centro de Congresos de la Ciudad de Elche.<br \/>\nESTAMPA 2010, Ogami Press.<\/p>\n<p>2006\u00a0\u00a0\u00a0 Feria de Arte Contempor\u00e1neo FLECHA 2006, Madrid<br \/>\nMuseo de Arte e Historia de Aurillac, Francia<br \/>\nEspace Saint-Jaques, Saint-Quentin, Francia<br \/>\nGaler\u00eda Ines Barrenetxea, Madrid<br \/>\n7\u00aa Bienal de Arte Africano Contempor\u00e1neo, Dakar, Senegal.<\/p>\n<p>2005\u00a0\u00a0\u00a0 Feria de Arte Contempor\u00e1neo FLECHA 2005, Madrid<br \/>\nArtistas espa\u00f1oles, Palace Fervaques, Saint-Quentin, Francia<br \/>\nWarrigah Printmaker Studio, Sydney, Australia<br \/>\nPolaris Centret, Dinamarca<br \/>\nEscuela Superior de Artes Aplicadas de Duperr\u00e9, Francia<br \/>\nFundaci\u00f3n Carcan, Bruselas, B\u00e9lgica<br \/>\nMuseo de Arte Moderno de Li\u00e8ge, (gabinete de estampas), B\u00e9lgica<br \/>\nESTAMPA 2005, Taller de Grabado de San Lorenzo del Escorial.<\/p>\n<p>2004\u00a0\u00a0\u00a0 Feria de Arte Contempor\u00e1neo FLECHA 2004, Madrid<br \/>\nBienal de Realismo y Figuraci\u00f3n, Galer\u00eda Clave, Murcia<br \/>\nESTAMPA 2004, Taller de Grabado de San Lorenzo del Escorial.<br \/>\nGaler\u00eda Gravura Brasileira, Sao Paolo, Brasil<br \/>\nCentro de Difusi\u00f3n Presse Papier, Qu\u00e9bec<br \/>\nAcademia Serbie, Belgrado, Galer\u00eda Algarden, Boras, Suecia<br \/>\nGaler\u00eda Kedelhuset, Ikast, Dinamarca<br \/>\nKonschthaus \u201c BEIM ENGEL\u201d Luxemburgo<br \/>\nPremio Nacional de Litograf\u00eda Ciudad de Gij\u00f3n, C. C. Antiguo Instituto, Gij\u00f3n<\/p>\n<p>2003\u00a0\u00a0\u00a0 Feria Arte Contempor\u00e1neo FLECHA 2003 Madrid.<br \/>\nGaler\u00eda Nolde, Navacerrada, Madrid<br \/>\nPremio de grabado \u201cCarmen Arocena\u201d\u00a0 Casa Principal de Salazar, Sta.<br \/>\nCruz de La\u00a0\u00a0 Palma<br \/>\nESTAMPA 2003, Taller de Grabado de San Lorenzo del Escorial.<br \/>\nPremio Nacional de Litograf\u00eda Ciudad de Gij\u00f3n, C. C. Antiguo Instituto, Gij\u00f3n.<\/p>\n<p>2002\u00a0\u00a0\u00a0 Feria de Arte Contempor\u00e1neo FLECHA 2002 Madrid<br \/>\nGaler\u00eda Silvia Urua, Ciboure, Francia<br \/>\nESTAMPA 2002 con FLECHA.<\/p>\n<p>2001\u00a0\u00a0\u00a0 Feria de Arte Contempor\u00e1neo FLECHA 2001 Madrid<br \/>\nESTAMPA 2001 con FLECHA<br \/>\nPremio de grabado \u201cCarmen Arocena\u201d Galer\u00eda Brita Prinz.<\/p>\n<p>2000\u00a0\u00a0\u00a0 Feria de Arte Contempor\u00e1neo FLECHA 2000 Madrid<br \/>\nESTAMPA 2000 con FLECHA<br \/>\nFeria Internacional de Grabado ROTARIALE 2000, Brugges, B\u00e9lgica<br \/>\nConcurso Internacional de Grabado ROTARIALE 2000, Brugges, B\u00e9lgica<br \/>\nPremio Villa de Madrid de Grabado, Museo de la Villa.<br \/>\nGaler\u00eda Alcobia, El Escorial, Madrid.<\/p>\n<p>1999\u00a0\u00a0 VI Premio Nacional de Grabado Caja Madrid<br \/>\nESTAMPA 99 con la galer\u00eda Brita Prinz, Madrid<br \/>\nPremio Nacional de Grabado Fundaci\u00f3n Deutsche Stiftung, Madrid<br \/>\nGaler\u00eda L\u00b4Indicatore, Roma<br \/>\nSpace Saint-Jaques, Saint-Quentin, Francia<br \/>\nTrienal Internacional de Grabado de Hooglede, B\u00e9lgica.<\/p>\n<p>1998\u00a0 \u00a0V Premio Nacional de Grabado Caja Madrid<br \/>\nFeria Internacional de Grabado ROTARIALE 98 Brugges, B\u00e9lgica<br \/>\nESTAMPA 98 galer\u00eda Brita Prinz, Madrid<br \/>\nFeria de Arte Contempor\u00e1neo FLECHA 98, Madrid<\/p>\n<p>1997\u00a0 \u00a0Galer\u00eda El Caballo Verde, Concepci\u00f3n, Chile<br \/>\nCentro Cultural de Espa\u00f1a en Santiago de Chile, Chile<br \/>\nPremio Nacional de Grabado Fundaci\u00f3n Deutsche Stiftung, Madrid<br \/>\nESTAMPA 97 con la galer\u00eda Brita Prinz, Madrid<\/p>\n<p>1996\u00a0\u00a0\u201dHomenaje a Goya\u201d Museo de Arte de Gu\u00e9thary, Francia<br \/>\nIII Premio Nacional de Grabado Caja Madrid<\/p>\n<p>1995\u00a0\u00a0 ESTAMPA 95 con la galer\u00eda Ana Ortiz, Madrid<br \/>\n\u201cGrabadores Espa\u00f1oles\u201d Feria de Espa\u00f1a de La Habana, Cuba<br \/>\nFeria Internacional de Arte M\u00faltiple de Dusseldorf, Alemania<\/p>\n<p>1994\u00a0\u00a0 Galer\u00eda Ra del Rey, Madrid<br \/>\nFeria de Arte Contempor\u00e1neo FLECHA94, Madrid<\/p>\n<p>1993\u00a0\u00a0 Galer\u00eda \u201cG\u201d de Helsinki, Finlandia<br \/>\n\u201cHomenaje a Beuys\u201d Museo de Arte Gu\u00e9thary, Francia<br \/>\nFeria de Arte Contempor\u00e1neo FLECHA 93, Madrid<\/p>\n<p>1992\u00a0\u00a0 \u201cKleinformat\u201d Galer\u00eda Brita Prinz<br \/>\nSoho Graphic Art Workshop, New York<br \/>\nConcurso de Minigrabado Ciudad de Orense, Orense<br \/>\nConcurso Nacional de Grabado de Cebreros, \u00c1vila<\/p>\n<p>1990\u00a0\u00a0 Galer\u00eda Brita Prinz, Madrid<br \/>\nMuseo Bello Pi\u00f1eiro, El Ferrol, A Coru\u00f1a<\/p>\n<p><strong><b>Formaci\u00f3n:<\/b><\/strong><\/p>\n<p>1992-93\u00a0 \u00a0\u201cEscuela de Pintores Figurativos del Escorial\u201d dirigida por el\u00a0 pintor Luis Garc\u00eda Ochoa.<\/p>\n<p>1992-93\u00a0 \u00a0T\u00e9cnica de litograf\u00eda en los talleres de la galer\u00eda Brita Prinz, bajo la direcci\u00f3n de Juan Pablo Villalpando, Madrid<\/p>\n<p>1992\u00a0\u00a0 \u00a0 \u00a0 \u00a0Curso monogr\u00e1fico de grabado calcogr\u00e1fico, Universidad Complutense de Madrid, bajo la direcci\u00f3n de Antonio Marcoida.<\/p>\n<p>1989-92\u00a0 T\u00e9cnica de grabado calcogr\u00e1fico en los talleres de la galer\u00eda Brita Prinz, bajo la direcci\u00f3n de Jos\u00e9 Rinc\u00f3n, Madrid<\/p>\n<p>Curso de escenograf\u00eda en la Escuela de Tecnolog\u00eda del Espect\u00e1culo, Madrid.<\/p>\n<p>1985-88\u00a0 Curso de pintura en el Provincial de Artes Pl\u00e1sticas de Madrid, bajo la direcci\u00f3n de Fernando Garc\u00eda Labordena<\/p>\n<p>1984-85\u00a0\u00a0Curso de pintura en el Centro Cultural: \u201cEscuela de Vallecas\u201d, Madrid<\/p>\n<p><strong><b>Premios y becas:<\/b><\/strong><\/p>\n<p>2008\u00a0\u00a0\u00a0 Proyecto de investigaci\u00f3n de dibujo de modelo natural en el Art Student League,\u00a0Nueva York.<\/p>\n<p>2005\u00a0\u00a0\u00a0 Palace Fervaques. Instalaci\u00f3n del proyecto\u00a0 \u201cUn pez de cobre\u201d. Saint-Quentin,\u00a0Francia<\/p>\n<p>2004\u00a0\u00a0\u00a0 TENTACIONES \u2013 ESTAMPA 2004. Instalaci\u00f3n del proyecto\u00a0 \u201cUn pez de cobre\u201d.<\/p>\n<p>2003\u00a0\u00a0\u00a0 Residencia en el taller de grabado de la Fundaci\u00f3n Italo-Sueca RUNA, Venecia,\u00a0Italia.<\/p>\n<p>2001\u00a0\u00a0\u00a0 Residencia en el taller de litograf\u00eda del centro gr\u00e1fico Presse Papier. Trois-Rivieres,\u00a0Quebec \u2013 Canad\u00e1.<\/p>\n<p>1996\u00a0\u00a0\u00a0 Menci\u00f3n de Honor en el III Premio Nacional de Grabado de Caja Madrid<\/p>\n<p><strong><b>\u00a0<\/b><\/strong><strong><b>Otras actividades:<\/b><\/strong><\/p>\n<p><strong><b>\u00a0<\/b><\/strong>2019 Comisario de la exposici\u00f3n \u201cRetrospectiva de obra gr\u00e1fica Alberto Coraz\u00f3n\u201d. Sala Zuloaga. Fuendetodos, Zaragoza.<\/p>\n<p>2018 Comisario de la exposici\u00f3n \u201cFotolitograf\u00edas de Ouka Leele\u201d. Sala Zuloaga. Fuendetodos, Zaragoza.<\/p>\n<p>Moderador de la mesa redonda: \u201cHomenaje a Fernando Higueras y Lucio Mu\u00f1oz\u201d, junto a la intervenci\u00f3n de: Antonio L\u00f3pez Garc\u00eda, Diego Mu\u00f1oz Avia, Oscar Tusquets y \u00c1lvaro Mart\u00ednez Novillo. Casa Lucio Mu\u00f1oz. Torrelodones, Madrid.<\/p>\n<p>Moderador de la mesa coloquio \u201cLa obra de Antonio L\u00f3pez\u201d junto a la intervenci\u00f3n del propio Antonio L\u00f3pez Garc\u00eda y Francisco Molina Montero. Galer\u00eda Taller del Prado, Madrid.<\/p>\n<p>2016 Comisario de Gr\u00e4phic (Encuentro internacional de editores de obra gr\u00e1fica) Madrid.<\/p>\n<p>Conferencia \u201cMaking Of del cartel litogr\u00e1fico\u201d Museo Carmen Thyssen de M\u00e1laga.<\/p>\n<p>2014 a la actualidad es director t\u00e9cnico de ediciones litogr\u00e1ficas del taller de estampaci\u00f3n de la galer\u00eda Taller del Prado de Madrid.<\/p>\n<p>2012 a 2017\u00a0Miembro del jurado en la comisi\u00f3n de la Academia de Bellas Artes de Francia para la\u00a0concesi\u00f3n de las becas de la Casa de Velazquez.\u00a0Par\u00eds.<\/p>\n<p>2012 Miembro del Jurado en el \u201cPremio Internacional de Grabado Carmen Arozena\u201d,<br \/>\nCanarias<\/p>\n<p>2011\u00a0Imparte la conferencia: \u201cGr\u00e1fica contempor\u00e1nea\u201d junto al pintor Rafael Canogar,<br \/>\ncon motivo de su exposici\u00f3n de obra gr\u00e1fica en la galer\u00eda Arteinversi\u00f3n, Madrid.<\/p>\n<p>2010\u00a0Imparte el Master de Grabado Calcogr\u00e1fico en la Fundaci\u00f3n CIEC de Betanzos,<br \/>\nA Coru\u00f1a.<\/p>\n<p>2009\u00a0Imparte la conferencia: \u201c10 a\u00f1os de Grabado y Edici\u00f3n. Visi\u00f3n de conjunto\u201d en la Casa Falconieri, Cerde\u00f1a,\u00a0Italia.<\/p>\n<p>Participa en la mesa redonda: \u201cGrabado No T\u00f3xico\u201d dentro del congreso sobre grabado no t\u00f3xico celebrado en\u00a0Monterrey, M\u00e9xico.<\/p>\n<p>2008\u00a0miembro del Jurado en el \u201cPremio Nacional de Grabado de Pinto\u201d,\u00a0Madrid.<\/p>\n<p>Imparte el Master de Grabado Calcogr\u00e1fico en la Fundaci\u00f3n CIEC de Betanzos, A Coru\u00f1a.<\/p>\n<p>2007\u00a0miembro del Jurado en el \u201cPremio Internacional de Grabado Carmen Arozena 07\u201d,\u00a0Canarias.<\/p>\n<p>Participa como ponente en el Congreso Internacional de Grabado \u201cIMPACT 07\u201d<br \/>\ncon la conferencia: \u201cTalleres de grabado en Espa\u00f1a\u201d.\u00a0Tallin, Estonia.<\/p>\n<p>2006\u00a0crea y coordina del: \u201cI Premio Internacional Grabado y Edici\u00f3n para J\u00f3venes\u00a0 Grabadores\u201d.<\/p>\n<p>Imparte la conferencia: \u201cHistoria del grabado espa\u00f1ol\u201d en la Biblioteca del\u00a0 IAGO,\u00a0Oaxaca, M\u00e9xico.<\/p>\n<p>Participa como ponente en el congreso celebrado en la Casa de Espa\u00f1a en\u00a0M\u00e9xico D.F. con la conferencia: \u201cGrabado contempor\u00e1neo espa\u00f1ol\u201d<\/p>\n<p>Funda la revista Grabado y Edici\u00f3n, primera y \u00fanica publicaci\u00f3n en Espa\u00f1a dedicada a la difusi\u00f3n del grabado y las ediciones de arte, de la que es actualmente director editorial.<br \/>\nPara esta labor de difusi\u00f3n a realizado entrevistas exclusivas con artista y personalidades de\u00a0reconocido prestigio nacional e internacional relacionadas con el arte, destacando especialmente las de: Rafael Canogar, Jannis Kounnellis, Jos\u00e9 Hern\u00e1ndez,\u00a0Liliana Porter,\u00a0Manolo Vald\u00e9s, Juan Genov\u00e9s, Paula Rego, Gao Xinjgian, Francisco Toledo, Georg Baselitz, Manuel Franquelo o David Levinthal entre otros muchos.<\/p>\n<p>2000\u00a0Desde este a\u00f1o\u00a0es coordinador del \u201cPremio Nacional de Grabado, San Lorenzo del Escorial\u201d.<\/p>\n<p>Entre 1992-2010 dirige el taller de\u00a0 grabado y litograf\u00eda de la Casa de Cultura de San Lorenzo del Escorial.<\/p>\n<p>1992-93\u00a0dise\u00f1a y construye escenograf\u00edas para el Teatro Carlos III de San Lorenzo del Escorial.<\/p>\n<p><strong><b>Museos y colecciones que poseen obra suya:<\/b><\/strong><\/p>\n<p>Museo de Arte Reina Sof\u00eda \u2013 Madrid<br \/>\nCalcograf\u00eda Nacional de Espa\u00f1a \u2013 Madrid<br \/>\nBiblioteca Nacional de Espa\u00f1a \u2013 Madrid<br \/>\nPresidencia de Gobierno de la Comunidad de Madrid \u2013 Madrid<\/p>\n<p>Ayuntamiento de San Lorenzo de El Escorial &#8211; Madrid<br \/>\nCongreso de los Diputados-Madrid<br \/>\nFundaci\u00f3n Fuendetodos Goya, Fuendetodos \u2013 Zaragoza<\/p>\n<p>Centro de Estudios Hernandianos \u2013 Elche<br \/>\nFundaci\u00f3n CIEC, Betanzos \u2013 A Coru\u00f1a<\/p>\n<p>Colecci\u00f3n Garriges Walker \u2013 Madrid<\/p>\n<p>Museo de Arte del Tolima, Ibagu\u00e9 &#8211; \u00a0Colombia<\/p>\n<p>Atelier Presse Papier \u2013 Qu\u00e9bec, Canad\u00e1<br \/>\nMuseo de Arte e Historia de Aurillac \u2013 Francia<br \/>\nThe Hispanic Society of America \u2013 New York.<\/p>\n<p>&nbsp;<\/p>\n","protected":false},"excerpt":{"rendered":"<p>Litograf\u00eda, mide 100 cm. de alto por 30 cm. de largo.<\/p>\n","protected":false},"featured_media":2020696,"template":"","meta":[],"product_brand":[],"product_cat":[614,620,666],"product_tag":[141,170,674],"class_list":{"0":"post-2020694","1":"product","2":"type-product","3":"status-publish","4":"has-post-thumbnail","6":"product_cat-artistas","7":"product_cat-enrique-gonzalez","8":"product_cat-obra-grafica","9":"product_tag-arte-contemporaneo","10":"product_tag-grabado","11":"product_tag-litografia","14":"instock","15":"sold-individually","16":"shipping-taxable","17":"purchasable","18":"product-type-simple"},"_links":{"self":[{"href":"https:\/\/forloveatart.com\/en\/wp-json\/wp\/v2\/product\/2020694","targetHints":{"allow":["GET"]}}],"collection":[{"href":"https:\/\/forloveatart.com\/en\/wp-json\/wp\/v2\/product"}],"about":[{"href":"https:\/\/forloveatart.com\/en\/wp-json\/wp\/v2\/types\/product"}],"version-history":[{"count":1,"href":"https:\/\/forloveatart.com\/en\/wp-json\/wp\/v2\/product\/2020694\/revisions"}],"predecessor-version":[{"id":2020698,"href":"https:\/\/forloveatart.com\/en\/wp-json\/wp\/v2\/product\/2020694\/revisions\/2020698"}],"wp:featuredmedia":[{"embeddable":true,"href":"https:\/\/forloveatart.com\/en\/wp-json\/wp\/v2\/media\/2020696"}],"wp:attachment":[{"href":"https:\/\/forloveatart.com\/en\/wp-json\/wp\/v2\/media?parent=2020694"}],"wp:term":[{"taxonomy":"product_brand","embeddable":true,"href":"https:\/\/forloveatart.com\/en\/wp-json\/wp\/v2\/product_brand?post=2020694"},{"taxonomy":"product_cat","embeddable":true,"href":"https:\/\/forloveatart.com\/en\/wp-json\/wp\/v2\/product_cat?post=2020694"},{"taxonomy":"product_tag","embeddable":true,"href":"https:\/\/forloveatart.com\/en\/wp-json\/wp\/v2\/product_tag?post=2020694"}],"curies":[{"name":"wp","href":"https:\/\/api.w.org\/{rel}","templated":true}]}}