{"id":2021180,"date":"2020-12-07T18:07:48","date_gmt":"2020-12-07T18:07:48","guid":{"rendered":"https:\/\/forloveatart.com\/?post_type=product&#038;p=2021180"},"modified":"2021-04-19T08:03:09","modified_gmt":"2021-04-19T08:03:09","slug":"sin-titulo-6","status":"publish","type":"product","link":"https:\/\/forloveatart.com\/en\/producto\/sin-titulo-6\/","title":{"rendered":"Sin T\u00edtulo"},"content":{"rendered":"<p>Jos\u00e9 Antonio Quintana Susilla (1976), nace en Cantabria, donde reside y trabaja. En la actualidad combina la actividad de la pintura con la docencia. Sus inicios se enmarcan en el Grafiti y Pintura Mural, pero es despu\u00e9s de vivir en Londres es cuando se centra en una pintura mas personal de estudio. Galardonado en decenas de cert\u00e1menes en los \u00faltimos a\u00f1os, es un pintor mat\u00e9rico que en los \u00faltimos a\u00f1os se ha destacado por servirse de \u201cpigmentos\u201d diversos a los tradicionales para interpretar su propia realidad. Sus obras atraviesan diferentes momentos, partiendo de un caos controlado que poco a poco el artista va ordenando. Desde sus principios sus obras plasman escenas figurativas como excusa del proceso, realizadas a trav\u00e9s de t\u00e9cnicas mixtas, con materiales tales como papel, tierras, pigmentos, hierro, plata, bronce, grafito o arena que le ayudan a reflejar multitud de escenarios. La figuraci\u00f3n en sus obras ha tenido una evoluci\u00f3n clara a la simplificaci\u00f3n, buscando el ansiado \u201cmenos en mas\u201d. Todos sus cuadros est\u00e1n llenos de detalles, veladuras, transparencias y vac\u00edos din\u00e1micos.<\/p>\n<p><strong><u>SELECCI\u00d3N PREMIOS Y DISTINCIONES:<\/u><\/strong><\/p>\n<p>2018_Premio Adquisici\u00f3n en el IX Certamen de Pintura del Instituto Social de las\u00a0Fuerzas Armadas 2018 (Madrid).<\/p>\n<p>2017_Premio Adquisici\u00f3n en el XVI Certamen Cultural \u201cVirgen de las Vi\u00f1as 2017\u201d<br \/>(Tomelloso_Ciudad Real).<\/p>\n<p>2016_Premio Adquisici\u00f3n en el XV Certamen Cultural \u201cVirgen de las Vi\u00f1as 2016\u201d (Tomelloso_Ciudad Real).<\/p>\n<p>2016_ Primer Premio en el IX Premio de Pintura Ciudad de Badajoz 2016 (Badajoz).<\/p>\n<p>2016_ Primer Premio en el XLIX Certamen Nacional de Pintura de Sant Joan D\u2019alacant (Alicante).<\/p>\n<p>2015_ Segundo Premio en el IX Concurso de Pintura de Fundaci\u00f3n AguaGranada (Granada).<\/p>\n<p>2015_ Segundo Premio en el XXVII Certamen de Pintura del Ministerio de Agricultura, Alimentacion y Medio Ambiente_MAGRAMA (Madrid).<\/p>\n<p>2015_ Primer Premio en el I Certamen de Pintura de Infiesto_Pilo\u00f1a (Asturias).<\/p>\n<p>2015_ Primer Premio en el XXI Concurso Nacional de Pintura Memorial \u2018Jos\u00e9 Mar\u00eda del Rio Moreno\u2019 Ciudad de Salas de los Infantes (Burgos).<\/p>\n<p>2015_ Premio Adquisici\u00f3n en el VII Certamen de Pintura del Instituto Social de las Fuerzas Armadas 2015 (Madrid)<\/p>\n<p>2014_Primer Premio en el XV Certamen Internacional de Pintura Villa de Comillas (Cantabria).<\/p>\n<p>2014_Primer Premio en el VI Certamen de Pintura de Udalla (Cantabria).<\/p>\n<p>2014_Segundo Premio en el XXI Certamen Nacional de Pintura de Sariego (Asturias).<\/p>\n<p>2013_Premio Adquisici\u00f3n en el VI Certamen de Pintura del Instituto Social de las Fuerzas Armadas 2013 (Madrid).<\/p>\n<p>2013_Seleccionado en el Certamen de Pintura de la Fundaci\u00f3n de las Artes y los Artistas 2013 (Barcelona).<\/p>\n<p>2013_Premio Adquisici\u00f3n en el X Certamen de Pintura \u201cJavier Cortes \u00c1lvarez de Miranda\u201d (Salda\u00f1a_Palencia).<\/p>\n<p>2012_Premio Adquisici\u00f3n en el XI Certamen Cultural Virgen de las Vi\u00f1as 2012 (Tomelloso_Ciudad Real).<\/p>\n<p>2012_ Menci\u00f3n Especial en el Certamen de Pintura \u00ab100 a\u00f1os del Palacio de la Magdalena\u00bb de Santander (Cantabria).<\/p>\n<p>2012_Premio Adquisici\u00f3n BBVA (ISFAS 2012)_(Madrid).<\/p>\n<p>2012_Premio Adquisici\u00f3n en el V Certamen de Pintura del Instituto Social de las Fuerzas Armadas (Madrid).<\/p>\n<p>2012_Primer Premio en el XXI Certamen de Artes Pl\u00e1sticas \u00abManuel Lia\u00f1o Beristain\u00bb, modalidad \u00abtinta\u00bb (Cantabria).<\/p>\n<p>2012_Premio Adquisici\u00f3n en los Premios de Pintura Ejercito del Aire 2012 (Madrid).<\/p>\n<p>2011_Cuarto Premio en el XXIII Certamen de Pintura R\u00e1pida del Parque del Buen Retiro (Madrid).<\/p>\n<p>2011_Primer Premio en el XXXII Certamen de Artes Pl\u00e1sticas de Villaescusa (Cantabria).<\/p>\n<p>2011_Premio Adquisici\u00f3n en IV Certamen de Pintura del Instituto Social de las Fuerzas Armadas (Madrid).<\/p>\n<p>2011_Premio Adquisici\u00f3n en el X Certamen Cultural Virgen de las Vi\u00f1as 2011 (Tomelloso_Ciudad Real).<\/p>\n<p>2010_Primer Premio en el XIX Certamen de Artes Pl\u00e1sticas \u00abManuel Lia\u00f1o Beristain\u00bb, modalidad \u00abtinta\u00bb (Cantabria).<\/p>\n<p>2010_Primer Premio en el VII Concurso de Pintura Manuel Salces \u2013 Reinosa (Cantabria)<\/p>\n<p>2010_Segundo Premio en el XIII Certamen Nacional de Pintura \u00abDar\u00edo de Regoyos\u00bb (Asturias).<\/p>\n<p>2010_Accesit en el XXXI Certamen de Artes Pl\u00e1sticas de Villaescusa, modalidad \u00aboleo\u00bb (Cantabria).<\/p>\n<p>2010_Premio Adquisici\u00f3n en el VII Certamen de Pintura \u00abJavier Cortes \u00c1lvarez de Miranda\u00bb (Salda\u00f1a_Palencia).<\/p>\n<p>2009_Primer Premio en el XV Concurso de Pintura Serrada Cosecha (Valladolid).<\/p>\n<p>2009_Segundo premio en el VIII Certamen Nacional de Pintura TAMAYO (San Sebasti\u00e1n).<\/p>\n<p>2009_Mencion Especial en el XII Certamen de J\u00f3venes Pintores de LEIOA.<\/p>\n<p>2008_Primer premio en el XXIX Certamen Nacional de Pintura \u00abVilla de Olmedo\u00bb (Valladolid).<\/p>\n<p>2008_Primer premio en el XVII Certamen de Artes Pl\u00e1sticas \u201cManuel Lia\u00f1o Beristain\u201d Modalidad Pintura (Cantabria).<\/p>\n<p>2007_Primer premio en la Convocatoria \u201cArte Joven 2007\u201d (Cantabria).<\/p>\n<p><b><i><u>Selecci\u00f3n<\/u><\/i><\/b><strong><em><u>\u00a0FERIAS NACIONALES E INTERNACIONALES<\/u><\/em><\/strong><\/p>\n<p>2017_ ART MADRID_12th Feria de Arte Contempor\u00e1neo con la Galer\u00eda ESPIRAL (Madrid).<\/p>\n<p>2015_ Feria de Arte Contempor\u00e1neo del Principado de Asturias, ArteOviedo 15, con la Galer\u00eda OCToGONO (Oviedo).<\/p>\n<p>2015_ \u201cPlease, art\u201d_Feria de arte contempor\u00e1neo, con la Galer\u00eda ARTE MAYOR 44 (Salamanca).<\/p>\n<p>2015_ ART SEVILLA con la Galer\u00eda ESPIRAL (Sevilla).<\/p>\n<p>2015_ AAF Affordable Art Fair \u2013 Feria de Arte en Bruselas con la Galer\u00eda ESPIRAL (Bruselas_Belgica).<\/p>\n<p>2015_ST ART _Feria Europea de Arte Contempor\u00e1neo de Estrasburgo con la Galer\u00eda ESPIRAL \u00a0(Estrasburgo_Francia)..<\/p>\n<p>2014_ FERIA OFF BRUSELAS con la Galer\u00eda ESPIRAL (Bruselas_Belgica).<\/p>\n<p>2014_ LILLE ART FAIR 2013 con la Galer\u00eda ESPIRAL (Lille_Francia).<\/p>\n<p>2014_ST ART _Feria Europea de Arte Contempor\u00e1neo de Estrasburgo con la Galer\u00eda ESPIRAL (Francia)..<\/p>\n<p>2014_ ART MADRID_9\u00aa Feria de Arte Contempor\u00e1neo con la Galer\u00eda ESPIRAL (Madrid).<\/p>\n<p>2013_ST ART _Feria Europea de Arte Contempor\u00e1neo de Estrasburgo con la Galer\u00eda ESPIRAL (Estrasburgo_Francia).<\/p>\n<p>2013_ LILLE ART FAIR 2013 con la Galer\u00eda ESPIRAL (Lille_Francia).<\/p>\n<p>2009_Feria PROPONENDO (Nuove Proponte per L\u2019arte Comtenporanea)-Forte Dei Marmi (Italia)_GALERiA JAVIER ROMaN.<\/p>\n<p>2009_ART MaLAGA con la Galer\u00eda JAVIER ROMaN (Malaga).<\/p>\n<p><strong><em><u>SELECCIoN DE EXPOSICIONES INDIVIDUALES<\/u><\/em><\/strong><\/p>\n<p>2020_Exposicion Individual en el Espacio Hipermedia Fraile &#038; Blanco de Santander (Cantabria).<\/p>\n<p>2019_Exposicion Individual en la GALER\u00cdA BEGEMOT (Barcelona).<\/p>\n<p>2019_Exposicion Individual en la sala LA VIDRIERA dentro del Programa Expositivo del Ayuntamiento de Camargo (Cantabria)<\/p>\n<p>2019_Exposicion individual en la GALER\u00cdA ESPACIO 36_ANGEL ALMEIDA (Zamora_Castilla Le\u00f3n).<\/p>\n<p>2018_ Exposici\u00f3n Individual en la FUNDACI\u00d3N BBVA (Oviedo_Asturias).<\/p>\n<p>2018_Exposicion Individual en la GALER\u00cdA ESPACIO GARCILASO (Cantabria).<\/p>\n<p>2016_Exposicion Individual en el Palacio de Albaic\u00edn dentro del programa expositivo del Simposio SIANOJA 2016.<\/p>\n<p>2016_Exposicion Individual en la Galer\u00eda ESPACIO 36_aNGEL ALMEIDA (Zamora_Castilla Leon).<\/p>\n<p>2016_ Exposici\u00f3n Individual en la Galer\u00eda aNGEL CANTERO (Leon_Castilla Leon).<\/p>\n<p>2015_ Exposici\u00f3n Individual en la Galer\u00eda ESPACIO GARCILASO (Torrelavega_Cantabria).<\/p>\n<p>2015_ Exposici\u00f3n Individual en la Galer\u00eda OCToGONO (Aviles_Asturias).<\/p>\n<p>2013_Exposicion Individual en la Galer\u00eda ESPACIO 36_aNGEL ALMEIDA (Zamora_Castilla Leon).<\/p>\n<p>2013_ Exposici\u00f3n individual_Galeria BELLAS ARTES (Gijon_Asturias).<\/p>\n<p>2013_Exposicion Individual_Galeria ESPIRAL (Noja_Cantabria).<\/p>\n<p>2013_ Exposicion individual_Galeria CERVANTES (Santander_Cantabria).<\/p>\n<p>2012_Exposiciones individuales Galeria HERRaIZ (Madrid).<\/p>\n<p>2012_ Exposici\u00f3n individual_Galeria CERVANTES( Santander_Cantabria).<\/p>\n<p>2011_Exposiciones individuales Galeria HERRaIZ (Madrid).<\/p>\n<p>2011_Exposicion Individual_FUNDACIoN PREMIOS MAYTE (Cantabria).<\/p>\n<p>2010_ Exposiciones individuales_Galeria CERVANTES (Santander_Cantabria).<\/p>\n<p>2010_Exposicion Individual_Galeria CC22 (Madrid).<\/p>\n<p>2009_ Exposici\u00f3n Individual_Galeria CERVANTES (Santander_Cantabria).<\/p>\n<p>2009_Exposicion Individual_Galeria CC22 (Madrid).<\/p>\n<p>2008_Exposicion Individual en la Sala PEPE HIERRO (Santander_Cantabria).<\/p>\n<p><strong><em><u>SELECCIoN DE EXPOSICIONES COLECTIVAS<\/u><\/em><\/strong><\/p>\n<p>2020_ Exposici\u00f3n Colectiva en la GALERiA OCToGONO (Aviles_Asturias).<\/p>\n<p>2017\/2015_ I\/II Bienal de Acuarela de 50M2 (Vizcaya).<\/p>\n<p>2019_ Exposici\u00f3n Colectiva en la GALERiA OCToGONO (Aviles_Asturias).<\/p>\n<p>2018_ Exposici\u00f3n Colectiva en la GALERiA OCToGONO (Aviles_Asturias).<\/p>\n<p>2017_ Exposici\u00f3n Colectiva en la GALERiA OCToGONO (Aviles_Asturias).<\/p>\n<p>2016_ Exposici\u00f3n Colectiva en la GALERiA OCToGONO (Aviles_Asturias).<\/p>\n<p>2015_ Exposici\u00f3n Colectiva en la GALERiA ESTE_Santander (Cantabria).<\/p>\n<p>2015_Exposicion Colectiva en el Museo de Acuarela de la Llan\u00e7\u00e0 (Girona).<\/p>\n<p>2015_ Exposici\u00f3n Colectiva en la GALERiA OCToGONO (Aviles_Asturias).<\/p>\n<p>2015_Exposicion Colectiva en la MAYOR 22 (Palencia_Castilla Leon).<\/p>\n<p>2015_Exposicion Colectiva en la GALERiA aNGEL CANTERO -\u201cC\u201d DE COLOR- (Leon_Castilla Leon).<\/p>\n<p>2015_ Exposici\u00f3n Colectiva en la Fundacion CCM_Caja Castilla la Mancha (Cuenca_Castilla la Mancha).<\/p>\n<p>2014_Exposicion Colectiva en la CASYC_\u201dDE PAR EN PAR\u201d Obra Social Caja Cantabria (Santander_Cantabria).<\/p>\n<p>2013_ Exposici\u00f3n Colectiva_Galeria MURILLO (Oviedo_Asturias).<\/p>\n<p>2013\/2012\/2011\/2010_Exposiciones Colectivas_Galeria RiO 10 (Quintanilla Vivar_Burgos).<\/p>\n<p>2013\/2012_Exposciones Colectivas_Galeria MARIETTA NEGUERUELA (Palencia).<\/p>\n<p>2014\/2013\/2012\/2011\/2010_ Exposiciones Colectivas_Galeria ACUARELA (Santander).<\/p>\n<p>2014\/2013\/2012\/2011\/2010_Exposiciones Colectivas_Galeria ESTE \u2013 Santander (Cantabria).<\/p>\n<p>2016\/2015\/2014\/2013\/2012\/2011_ Exposiciones Colectivas_Galeria OCToGONO \u2013 Aviles (ASTURIAS).<\/p>\n<p>2011\/2009_Exposiciones colectivas en CASA DE VACAS\u2013 Parque del Buen Retiro (Madrid).<\/p>\n<p>2007\/2008_Exposicion colectiva y Exposicion Individual en la Sala PEPE HIERRO\u00a0 (Santander_Cantabria).<\/p>\n<p>2010_Exposicion Colectiva_Galeria SIGNOS\u20195 (Santander_Cantabria)<\/p>\n<p>2009_Exposicion Colectiva_Galeria AKROS (Bilbao_Pais Vasco).<\/p>\n<p>2009_Exposicion Colectiva_Galeria PABLO RUiZ (Malaga_Andalucia).<\/p>\n<p><strong><em><u>SELECCIoN PUBLICACIONES\/BIENALES\/SIMPOSIOS:<\/u><\/em><\/strong><\/p>\n<p>2018_LA LUZ DEL PAISAJE. Dep\u00f3sito legal: SA658-2018 (Cantabria).<\/p>\n<p>2017_II Bienal 50M2. Dep\u00f3sito legal: SA-497-2017. ISBN 978-84-697-4950-0 (Cantabria).<\/p>\n<p>2016_HORIZON SCANNING SA 460-2016.<\/p>\n<p>2015_ \u201cFIELDS\u201d_JOSe ANTONIO QUINTANA. Ediciones Garcilaso. Deposito Legal: SA 561-2015. ISBN: 978-84-943660-8-6.<\/p>\n<p>2015_ PLUMA Y PINCEL 19. Deposito Legal SA-126-1993. ISSN: 1133-5173.<\/p>\n<p>2015_ I Bienal de Acuarela de Portugalete (Vizcaya).<\/p>\n<p>2015_ 50M2. Deposito Legal: BI-29-2015. ISBN: 978-84617-3974-5.<\/p>\n<p>2014_Participacion en el \u201cPROYECTO OPEN STUDIO\u201d comisariado por Manuel Fernandez Saro.<\/p>\n<p>2013_ XIII SIMPOSIO DE ARTISTAS \u201cSIANOJA 2013\u201d (Cantabria).<\/p>\n<p>2011_UN MAGAZINE 1. CREACIONES SEMARAC S.L. DEPoSITO LEGAL SA-921-2010.<\/p>\n<p><strong><u>SELECCIoN ADQUISICIONES\/COLECCIONES<\/u><\/strong><\/p>\n<p>En cuanto a los obras del pintor en instituciones, destacamos las siguientes:<\/p>\n<p>COLECCION LOBELIA AUDITORES, Colecci\u00f3n SIANOJA, Colecci\u00f3n GOBIERNO DE CANTABRIA, Colecci\u00f3n Fundaci\u00f3n MAXAM, Colecci\u00f3n Fundaci\u00f3n AGUAGRANADA, \u00a0MUSEO DE LA CIUDAD DE BADAJOZ, COOPERATIVA VIRGEN DE LAS VI\u00d1AS (TOMELLOSO), Colecci\u00f3n Fundaci\u00f3n PREMIOS MAYTE, Colecci\u00f3n CAJA MAR, Colecci\u00f3n BBVA, Colecci\u00f3n BANCO SANTANDER, Diputaci\u00f3n DE GUIPUZKOA. Colecci\u00f3n VINOS Y BODEGAS S.A., MUSEO DEL EJeRCITO DEL AIRE, Colecci\u00f3n INSTITUTO SOCIAL DE LAS FUERZAS ARMADAS, Colecci\u00f3n EL CORTE INGLeS, Colecci\u00f3n C\u00edrculo DE RECREO DE TORRELAVEGA \u2013 CANTABRIA, Colecci\u00f3n DEL MINISTERIO DE AGRICULTURA, Alimentaci\u00f3n Y MEDIO AMBIENTE_MAGRAMA, COLECCIONES DE DIVERSOS AYUTAMIENTOS DE ESPA\u00d1A Y COLECCIONES PRIVADAS.<\/p>\n","protected":false},"excerpt":{"rendered":"<p>Pintura sobre madera D.M. t\u00e9cnica mixta, mide 19 cm. de alto por 24 cm. de largo.<\/p>\n","protected":false},"featured_media":2020534,"template":"","meta":[],"product_brand":[],"product_cat":[614,592,676,177],"product_tag":[141,168,140,598],"class_list":{"0":"post-2021180","1":"product","2":"type-product","3":"status-publish","4":"has-post-thumbnail","6":"product_cat-artistas","7":"product_cat-iniciacion-al-coleccionismo","8":"product_cat-jose-antonio-quintana","9":"product_cat-paintings","10":"product_tag-arte-contemporaneo","11":"product_tag-arte-moderno-pintura","12":"product_tag-nueva-figuracion","13":"product_tag-tecnica-mixta","14":"product_shipping_class-caja","15":"pa_artistas-verificados-jose-antonio-quintana","16":"pa_disciplina-pintura","17":"pa_estilo-nueva-figuracion","18":"pa_orientacion-horizontal","19":"pa_tecnica-tecnica-mixta","20":"pa_tema-contraluz","21":"pa_tema-marina","24":"instock","25":"sold-individually","26":"shipping-taxable","27":"purchasable","28":"product-type-simple"},"_links":{"self":[{"href":"https:\/\/forloveatart.com\/en\/wp-json\/wp\/v2\/product\/2021180","targetHints":{"allow":["GET"]}}],"collection":[{"href":"https:\/\/forloveatart.com\/en\/wp-json\/wp\/v2\/product"}],"about":[{"href":"https:\/\/forloveatart.com\/en\/wp-json\/wp\/v2\/types\/product"}],"version-history":[{"count":0,"href":"https:\/\/forloveatart.com\/en\/wp-json\/wp\/v2\/product\/2021180\/revisions"}],"wp:featuredmedia":[{"embeddable":true,"href":"https:\/\/forloveatart.com\/en\/wp-json\/wp\/v2\/media\/2020534"}],"wp:attachment":[{"href":"https:\/\/forloveatart.com\/en\/wp-json\/wp\/v2\/media?parent=2021180"}],"wp:term":[{"taxonomy":"product_brand","embeddable":true,"href":"https:\/\/forloveatart.com\/en\/wp-json\/wp\/v2\/product_brand?post=2021180"},{"taxonomy":"product_cat","embeddable":true,"href":"https:\/\/forloveatart.com\/en\/wp-json\/wp\/v2\/product_cat?post=2021180"},{"taxonomy":"product_tag","embeddable":true,"href":"https:\/\/forloveatart.com\/en\/wp-json\/wp\/v2\/product_tag?post=2021180"}],"curies":[{"name":"wp","href":"https:\/\/api.w.org\/{rel}","templated":true}]}}