{"id":2021199,"date":"2020-12-08T19:09:16","date_gmt":"2020-12-08T19:09:16","guid":{"rendered":"https:\/\/forloveatart.com\/?post_type=product&#038;p=2021199"},"modified":"2021-04-20T07:06:53","modified_gmt":"2021-04-20T07:06:53","slug":"carmin-3","status":"publish","type":"product","link":"https:\/\/forloveatart.com\/en\/producto\/carmin-3\/","title":{"rendered":"Carm\u00edn 3"},"content":{"rendered":"<p>Joaquina S\u00e1nchez Dato.<br \/>\nEstudios de dibujo y pintura con el escultor y maestro Juan Solano.<br \/>\nTalleres de pintura de \u201cPaisaje de Blanca\u201d. Blanca. Dirigidos por Alfonso Albacete 2000, Manolo<br \/>\nQuejido2001 y Ant\u00f3n Pati\u00f1o2002<br \/>\nTalleres de artes pl\u00e1sticas \u201cFundaci\u00f3n Marcelino Bot\u00edn\u201d. Santander. Dirigidos por Xavier<br \/>\nUtray.2001 y porDaniel Quintero 2002.<br \/>\nTaller Internacional de \u201cSerigraf\u00eda art\u00edstica\u201d. Dirigidos por Jos\u00e9 Carrasco, Pepe<br \/>\nHerrera y Christian M. Walter. Caravaca 2003 y 2004.<br \/>\nVII-VIII y IX Curso Superior de pintura de paisaje. \u201cDesnudo y Naturaleza\u201d dirigidos<br \/>\npor S\u00e1nchez Carralero. Albarrac\u00edn 2003,2004 Y 2005.<br \/>\nCurso Nacional de Acuarela \u201cAlcaudete 2000\u201d. Dirigido por Lucas Prado.2010.<br \/>\nCurso internacional de pintura al agua.Dirigido por Pedro Cano.Blanca 2012-2013-2015.<br \/>\nCurso Superior de Pintura de Paisaje.Dirigido por Jos\u00e9 M\u00aa Rueda. Albarrac\u00edn 2014-2015.<br \/>\nExposiciones individuales:<br \/>\n2012 \u201cPrimavera\u201d. Galer\u00eda Marietta Negueruela. Palencia<br \/>\n2009 \u201cPaisajes e interiores\u201d. Galer\u00eda eFe Serrano. Cieza (Murcia).<br \/>\n2008 \u201cRiberas\u201d. Galer\u00eda Thais. Lorca (Murcia).<br \/>\n2007 \u201cS\u00e1nchez Dato\u201d galer\u00eda de Arte Paloma 18.Burgos<br \/>\n2007 \u201cAtm\u00f3sferas\u201d. Centro Cultural de Fuente \u00c1lamo. Fuente \u00c1lamo. (Murcia).<br \/>\n2004 \u201cPinturas\u201d. Galer\u00eda Sabap\u00e9. Valdepe\u00f1as (Ciudad Real).<br \/>\n2003 \u201cNaturaleza\u201d. Galer\u00eda Magn\u00fa. Albacete<br \/>\n2002 \u201cAguas\u201d. Museo Siyasa. Cieza (Murcia).<br \/>\n2001 \u201cViveza\u201d. Centro Cultural de Ceut\u00ed. Ceut\u00ed (Murcia).<br \/>\n2001 \u201cRincones\u201d Aula de Cultura de Caja Murcia. Jumilla (Murcia).<br \/>\n2001 Aula de Cultura de Caja Murcia. San Pedro del Pinatar (Murcia).<br \/>\n1997 \u201cOleos\u201d Aula de Cultura de Caja Murcia. Cieza (Murcia).<br \/>\n1993 Sala Municipal de Exposiciones. Cieza (Murcia).<br \/>\n1987 Sala de Exposiciones Caja Rural Provincial. Villena (Alicante)<br \/>\nSelecci\u00f3n de Ultimas Colectivas.<br \/>\n2015 XIII Certamen Nacional \u201cVirgen de las Vi\u00f1as\u201d. Museo Infanta Elena. Tomelloso.<br \/>\n2015 \u201c11 Pintores en homenaje a los pintores del Santuario de Almadenes\u201d. Museo Siyasa, Cieza.<br \/>\n2015 \u201cEvasiones\u201d. Galer\u00eda Le\u00facade. Murcia.<br \/>\n2015 XV Premio de Pintura\u201d Universidad de Murcia\u201d. Fundaci\u00f3n Pedro Cano. Blanca<br \/>\n2014 \u201cSINERGIA\u201d Espacio Ardearte. Madrid.<br \/>\n2014 I Certamen de Pintura \u201cEl agua que nos une\u201d. Sala Los Molinos del Rio Murcia.<br \/>\n2014 XV Premio de pintura UMU. Palacio Almud\u00ed (Murcia).<br \/>\n2014 LXII concurso de pintura \u201cVilla de Fuente \u00c1lamo\u201d. Fundaci\u00f3n P. Cano. Blanca.<br \/>\n2014 LXII concurso de pintura \u201cVilla de Fuente \u00c1lamo\u201d. Fuente \u00c1lamo.<br \/>\n2014 Mujeres. Galer\u00eda Efe Serrano. Cieza.<br \/>\n2014 III Festival Miradas de Mujeres. Museo Siyasa. Cieza<br \/>\n2013 Certamen de pintura \u201cRafael Boti\u201d. Torrelodones.(Madrid).<br \/>\n2013 FAIM. (Feria de Arte Independiente).Palacio de Congresos Madrid<br \/>\n2013 \u201cIniciaci\u00f3n al coleccionismo VI\u201d. Galer\u00eda Marieta Negueruela. Palencia<br \/>\n2012 LX concurso de pintura \u201cVilla de Fuente \u00c1lamo\u201d.<br \/>\n2012 X Certamen Nacional \u201cVirgen de las Vi\u00f1as\u201d. Museo Infanta Elena. Tomelloso.<br \/>\n2011 \u201cPeque\u00f1o formato\u201d. Galer\u00eda Rafael. Valladolid.<br \/>\n2011 \u201cIniciaci\u00f3n al coleccionismo V\u201d. Galer\u00eda Marieta Negueruela. Palencia<br \/>\n2011 XXIII Certamen de pintura r\u00e1pida \u201cPARQUE DEL BUEN RETIRO\u201d Casa de Vacas. Madrid.<br \/>\n2011 XVI Premio AXA de pintura \u201cCatedral de Burgos\u201d. Casa Cord\u00f3n. Burgos.<br \/>\n2011 \u201cColectiva\u201d. Galer\u00eda Efe Serrano. Cieza<br \/>\n2010 \u201cIniciaci\u00f3n al coleccionismo IV\u201d. Galer\u00eda Marieta Negueruela. Palencia<br \/>\n2010 III Certamen Nacional de Pintura R\u00e1pida \u201cReal sitio del Pardo\u201d. Madrid.<br \/>\n2008 VII Certamen Nacional \u201cVirgen de las Vi\u00f1as\u201d Tomelloso<br \/>\n2008 \u201cL\u00ednea 6\/26\u201d. Catedral Gallery..Murcia.<br \/>\n2008 \u201cIniciaci\u00f3n al coleccionismo II\u201d. Galer\u00eda Marieta Negueruela. Palencia.<br \/>\n2007 \u201cColectiva\u201d Galer\u00eda Reyes Cat\u00f3licos. Salamanca<br \/>\n2007 VIII Premio de Pintura\u201d Universidad de Murcia\u201d. Palacio Almud\u00ed (Murcia)<br \/>\n2007 \u201cXXXV Concurso Nacional de Pintura Villa de Fuente \u00c1lamo\u201d. Fuente \u00c1lamo (Murcia).<br \/>\n2007 \u201cColectiva\u201d. Galer\u00eda de arte Actual. Tomelloso.<br \/>\n2007 \u201cArcale 2007\u201d. Feria de arte de Castilla-Le\u00f3n. Valladolid.<br \/>\n2006 XVIII Certamen Nacional de Pintura R\u00e1pida \u201cParque del Buen Retiro\u201d. Madrid<br \/>\n2006 Certamen Nacional de Pintura \u201cCiudad de Hell\u00edn 2006\u201d. Hell\u00edn (Albacete)<br \/>\n2006 VI Concurso de pintura al aire libre \u201cSanta M\u00aa de Gracia\u201d. CC Puertas de Castilla. Murcia<br \/>\n2006 XXIV Certamen Nacional de Pintura \u201cCastillo de San Fernando\u201d. BOLA\u00d1OS. C. Real<br \/>\n2006 XI Certamen Nacional de Pintura \u201cAntonio Guijarro\u201d. Villarrubia de los Ojos.<br \/>\n2006 XXIV Certamen Nacional de Pintura \u201cCiudad de Daimiel\u201d.Daimiel (C. Real).<br \/>\n2006 XXI Bienal de Pintura \u201cEusebio Sempere\u201d. Onil (Alicante).<br \/>\n2005 II Premio internacional de pintura TOLEDO PUCHE. Museo Siyasa.Cieza<br \/>\n2005 IV Certamen Cultural Cooperativa Vin\u00edcola \u201cVirgen de las Vi\u00f1as\u201d. Tomelloso.<br \/>\nALGUNOS PREMIOS.<br \/>\n2015 IV Certamen de pintura al aire libre \u201cVilla de S. Javier\u201c. Cuarto premio<br \/>\n2014 III Certamen de pintura al aire libre \u201cVilla de S. Javier\u201c. Segundo premio<br \/>\n2014 VI Certamen de Pintura R\u00e1pida al Aire Libre \u201cVilla de Alhama\u201d, Premio adquisici\u00f3n.<br \/>\n2013 VI Certamen de Pintura R\u00e1pida \u201cValle de Ambroz\u201d. Herv\u00e1s. Tercer premio.<br \/>\n2012 LX concurso de pintura \u201cVilla de Fuente \u00c1lamo\u201d. Segundo premio.<br \/>\n2011 XIII concurso de pintura r\u00e1pida \u201cCiudad de Alcaudete\u201d. Segundo premio.<br \/>\n2011 XIX Concurso de pintura r\u00e1pida \u201cCiudad de Torrevieja\u201d. Torrevieja. Primer premio.<br \/>\n2010 VI Certamen de Pintura R\u00e1pida al Aire Libre \u201cVilla de Alhama\u201d, Premio adquisici\u00f3n.<br \/>\n2009 IX Concurso de pintura al aire libre \u201cSanta M\u00aa de Gracia\u201d. Murcia. Tercer premio.<br \/>\n2009 V Concurso de pintura al aire libre de Archena. Murcia. Primer Premio.<br \/>\n2009 II certamen de pintura al aire libre \u201cClub Rotary\u201d. Murcia. Primer premio.<br \/>\n2008 VII Certamen Nacional \u201cVirgen de las Vi\u00f1as\u201d Tomelloso. Premio B. Lozano.<br \/>\n2008 VII Certamen de pintura al aire libre \u201cVilla de Huercal Overa\u201d. Tercer premio.<br \/>\n2008 IV Certamen de pintura r\u00e1pida CCM. \u201cCiudad de Toledo\u201d. S\u00e9ptimo premio.<br \/>\n2008 V Certamen de pintura \u201cPiedrahita Goyesca\u201d. Piedrahita (\u00c1vila) Segundo Premio.<br \/>\n2008 XVI Concurso de pintura r\u00e1pida \u201cCiudad de Torrevieja\u201d. Torrevieja. Primer premio.<br \/>\n2008 IV Concurso de pintura al aire libre de Archena. Murcia. Segundo Premio.<br \/>\n2007 VII Concurso de pintura al aire libre \u201cSanta M\u00aa de Gracia\u201d. Murcia. Primer premio.<br \/>\n2007 III Certamen de Pintura R\u00e1pida al Aire Libre \u201cVilla de Alhama\u201d. Primer premio.<br \/>\n2006 VI Concurso de pintura al aire libre \u201cSanta M\u00aa de Gracia\u201d. Murcia. Segundo Premio.<br \/>\n2006 II Certamen Nacional de Pintura R\u00e1pida \u201cCiudad de Valdeganga\u201d. Cuarto premio.<br \/>\n2006 XVIII Certamen Nacional de Pintura R\u00e1pida \u201cParque del B. Retiro\u201d. Madrid. Tercer<br \/>\npremio.<br \/>\n2006 I Certamen de Pintura \u201cAtardeceres\u201d. Puebla del Pr\u00edncipe (C, Real). Tercer premio.<br \/>\n2006 I Certamen Nacional de pintura al aire libre \u201cCiudad de Cieza\u201d. Primer premio.<br \/>\n2005 II Premio internacional de pintura TOLEDO PUCHE. Cieza Primer premio.<br \/>\n2005 IX Concurso Nacional de pintura del Natural \u201cCasas Ib\u00e1\u00f1ez\u201d premio- Caja Rural.<br \/>\n2005 Certamen Nal. De Pintura \u201cIV Centenario\u201d. Vva de los Infantes, Segundo Premio.<br \/>\n2004 VIII Concurso Nacional de pintura del Natural \u201cCasas Ib\u00e1\u00f1ez\u201d premio \u2013CCM.<br \/>\n2004 IV Concurso de pintura al aire libre \u201cSanta M\u00aa de Gracia\u201d. Murcia. Primer Premio.<br \/>\n2004 IV bienal de pintura r\u00e1pida \u201cLa Aljorra\u201d. Primer Premio.<br \/>\n2003 II Certamen Nacional \u201cVirgen de las Vi\u00f1as\u201d Tomelloso. Premio DVT Espa\u00f1a.<br \/>\n2003 II certamen de pintura ExpoBerja.Berja (Almer\u00eda). Premio adquisici\u00f3n.<br \/>\n2003 I certamen de pintura r\u00e1pida\u201d Las Tablas de Daimiel\u201d.Primer Premio.<br \/>\n2003 Concurso de pintura al aire libre \u201cSanta M\u00aa de Gracia\u201d. Murcia. Tercer Premio.<br \/>\n2002 I certamen de pintura ExpoBerja.Premio Ilmo. Ayuntamiento de Berja.<br \/>\n2001 V certamen Nacional de pintura \u201cPaisajes de Mazarr\u00f3n\u201d. Primer Premio<br data-mce-bogus=\"1\"><\/p>\n","protected":false},"excerpt":{"rendered":"<p>Pintura sobre madera entelada, esta obra pertenece a una serie llamada Pol\u00edptico Carm\u00edn, mide 11 cm. de alto por 24 cm. de largo.<\/p>\n","protected":false},"featured_media":2021192,"template":"","meta":[],"product_brand":[],"product_cat":[614,712,177],"product_tag":[141,142,169,163],"class_list":{"0":"post-2021199","1":"product","2":"type-product","3":"status-publish","4":"has-post-thumbnail","6":"product_cat-artistas","7":"product_cat-joaquina-sanchez-dato","8":"product_cat-paintings","9":"product_tag-arte-contemporaneo","10":"product_tag-expresionismo","11":"product_tag-oleo","12":"product_tag-pintura-colorista","13":"product_shipping_class-caja","14":"pa_artistas-verificados-joaquina-sanchez-dato","15":"pa_disciplina-pintura","16":"pa_estilo-expresionismo-abstracto","17":"pa_orientacion-horizontal","18":"pa_tecnica-oleo","19":"pa_tema-paisaje","22":"instock","23":"sold-individually","24":"shipping-taxable","25":"purchasable","26":"product-type-simple"},"_links":{"self":[{"href":"https:\/\/forloveatart.com\/en\/wp-json\/wp\/v2\/product\/2021199","targetHints":{"allow":["GET"]}}],"collection":[{"href":"https:\/\/forloveatart.com\/en\/wp-json\/wp\/v2\/product"}],"about":[{"href":"https:\/\/forloveatart.com\/en\/wp-json\/wp\/v2\/types\/product"}],"version-history":[{"count":0,"href":"https:\/\/forloveatart.com\/en\/wp-json\/wp\/v2\/product\/2021199\/revisions"}],"wp:featuredmedia":[{"embeddable":true,"href":"https:\/\/forloveatart.com\/en\/wp-json\/wp\/v2\/media\/2021192"}],"wp:attachment":[{"href":"https:\/\/forloveatart.com\/en\/wp-json\/wp\/v2\/media?parent=2021199"}],"wp:term":[{"taxonomy":"product_brand","embeddable":true,"href":"https:\/\/forloveatart.com\/en\/wp-json\/wp\/v2\/product_brand?post=2021199"},{"taxonomy":"product_cat","embeddable":true,"href":"https:\/\/forloveatart.com\/en\/wp-json\/wp\/v2\/product_cat?post=2021199"},{"taxonomy":"product_tag","embeddable":true,"href":"https:\/\/forloveatart.com\/en\/wp-json\/wp\/v2\/product_tag?post=2021199"}],"curies":[{"name":"wp","href":"https:\/\/api.w.org\/{rel}","templated":true}]}}