{"id":2021220,"date":"2020-12-09T18:11:45","date_gmt":"2020-12-09T18:11:45","guid":{"rendered":"https:\/\/forloveatart.com\/?post_type=product&#038;p=2021220"},"modified":"2020-12-09T18:11:46","modified_gmt":"2020-12-09T18:11:46","slug":"el-beso-mas-extrano","status":"publish","type":"product","link":"https:\/\/forloveatart.com\/en\/producto\/el-beso-mas-extrano\/","title":{"rendered":"El beso m\u00e1s extra\u00f1o"},"content":{"rendered":"","protected":false},"excerpt":{"rendered":"<p>Pintura Acr\u00edlica sobre madera D.M, mide 24 cm. de alto por 19 cm. de largo.<\/p>\n","protected":false},"featured_media":2021211,"template":"","meta":[],"product_brand":[],"product_cat":[614,592,716,177],"product_tag":[173,141,168,133],"class_list":{"0":"post-2021220","1":"product","2":"type-product","3":"status-publish","4":"has-post-thumbnail","6":"product_cat-artistas","7":"product_cat-iniciacion-al-coleccionismo","8":"product_cat-paco-rossique","9":"product_cat-paintings","10":"product_tag-acrilico","11":"product_tag-arte-contemporaneo","12":"product_tag-arte-moderno-pintura","13":"product_tag-realismo-magico","14":"product_shipping_class-caja","17":"instock","18":"sold-individually","19":"shipping-taxable","20":"purchasable","21":"product-type-simple"},"_links":{"self":[{"href":"https:\/\/forloveatart.com\/en\/wp-json\/wp\/v2\/product\/2021220","targetHints":{"allow":["GET"]}}],"collection":[{"href":"https:\/\/forloveatart.com\/en\/wp-json\/wp\/v2\/product"}],"about":[{"href":"https:\/\/forloveatart.com\/en\/wp-json\/wp\/v2\/types\/product"}],"version-history":[{"count":0,"href":"https:\/\/forloveatart.com\/en\/wp-json\/wp\/v2\/product\/2021220\/revisions"}],"wp:featuredmedia":[{"embeddable":true,"href":"https:\/\/forloveatart.com\/en\/wp-json\/wp\/v2\/media\/2021211"}],"wp:attachment":[{"href":"https:\/\/forloveatart.com\/en\/wp-json\/wp\/v2\/media?parent=2021220"}],"wp:term":[{"taxonomy":"product_brand","embeddable":true,"href":"https:\/\/forloveatart.com\/en\/wp-json\/wp\/v2\/product_brand?post=2021220"},{"taxonomy":"product_cat","embeddable":true,"href":"https:\/\/forloveatart.com\/en\/wp-json\/wp\/v2\/product_cat?post=2021220"},{"taxonomy":"product_tag","embeddable":true,"href":"https:\/\/forloveatart.com\/en\/wp-json\/wp\/v2\/product_tag?post=2021220"}],"curies":[{"name":"wp","href":"https:\/\/api.w.org\/{rel}","templated":true}]}}