{"id":2021323,"date":"2020-12-14T10:37:02","date_gmt":"2020-12-14T10:37:02","guid":{"rendered":"https:\/\/forloveatart.com\/product\/aragonesa-ii\/"},"modified":"2021-04-20T07:43:36","modified_gmt":"2021-04-20T07:43:36","slug":"aragonesa-ii","status":"publish","type":"product","link":"https:\/\/forloveatart.com\/en\/producto\/aragonesa-ii\/","title":{"rendered":"Aragonesa II"},"content":{"rendered":"<p><span style=\"font-family: \"PT Sans\", sans-serif;\">Jos\u00e9 Mar\u00eda Ivars Villalonga, artista valenciano, es licenciado en Bellas Artes y catedr\u00e1tico de Instituto de Ense\u00f1anza Secundaria, nos muestra unas acuarelas donde nos cuenta una serie de relatos.<\/span><\/p>\n","protected":false},"excerpt":{"rendered":"<p>Acuarela sobre papel, pertenece a una serie de estudios sobre un paquete de harina de trigo, e papel mide 34 cm. de alto por24 cm. de largo. La mancha mide 29 cm. de alto por19 cm. de largo.<\/p>\n","protected":false},"featured_media":2021319,"template":"","meta":[],"product_brand":[],"product_cat":[614,719],"product_tag":[164,141,140],"class_list":{"0":"post-2021323","1":"product","2":"type-product","3":"status-publish","4":"has-post-thumbnail","6":"product_cat-artistas","7":"product_cat-jose-maria-ivars","8":"product_tag-acuarela","9":"product_tag-arte-contemporaneo","10":"product_tag-nueva-figuracion","11":"product_shipping_class-caja","12":"pa_artistas-verificados-jose-maria-ivars","13":"pa_disciplina-acuarela","14":"pa_estilo-figurativo","15":"pa_orientacion-vertical","16":"pa_tecnica-acuarela","17":"pa_tema-objetos-cotidianos","20":"instock","21":"sold-individually","22":"shipping-taxable","23":"purchasable","24":"product-type-simple"},"_links":{"self":[{"href":"https:\/\/forloveatart.com\/en\/wp-json\/wp\/v2\/product\/2021323","targetHints":{"allow":["GET"]}}],"collection":[{"href":"https:\/\/forloveatart.com\/en\/wp-json\/wp\/v2\/product"}],"about":[{"href":"https:\/\/forloveatart.com\/en\/wp-json\/wp\/v2\/types\/product"}],"version-history":[{"count":0,"href":"https:\/\/forloveatart.com\/en\/wp-json\/wp\/v2\/product\/2021323\/revisions"}],"wp:featuredmedia":[{"embeddable":true,"href":"https:\/\/forloveatart.com\/en\/wp-json\/wp\/v2\/media\/2021319"}],"wp:attachment":[{"href":"https:\/\/forloveatart.com\/en\/wp-json\/wp\/v2\/media?parent=2021323"}],"wp:term":[{"taxonomy":"product_brand","embeddable":true,"href":"https:\/\/forloveatart.com\/en\/wp-json\/wp\/v2\/product_brand?post=2021323"},{"taxonomy":"product_cat","embeddable":true,"href":"https:\/\/forloveatart.com\/en\/wp-json\/wp\/v2\/product_cat?post=2021323"},{"taxonomy":"product_tag","embeddable":true,"href":"https:\/\/forloveatart.com\/en\/wp-json\/wp\/v2\/product_tag?post=2021323"}],"curies":[{"name":"wp","href":"https:\/\/api.w.org\/{rel}","templated":true}]}}