{"id":2021373,"date":"2020-12-14T13:28:26","date_gmt":"2020-12-14T13:28:26","guid":{"rendered":"https:\/\/forloveatart.com\/product\/carpeta-tres-flores-en-agua-2019\/"},"modified":"2025-01-09T17:51:22","modified_gmt":"2025-01-09T17:51:22","slug":"carpeta-tres-flores-en-agua-2019","status":"publish","type":"product","link":"https:\/\/forloveatart.com\/en\/producto\/carpeta-tres-flores-en-agua-2019\/","title":{"rendered":"Carpeta: &#8220;Tres flores en agua&#8221; 2019"},"content":{"rendered":"<p>Carpeta de tres serigraf\u00edas.<\/p>\n","protected":false},"excerpt":{"rendered":"<div class=\"sidebar\" style=\"width: 220px;float: left;margin-right: 20px;color: #4e5862;font-family: Arial, sans-serif;font-size: 12px\" data-mce-style=\"width: 220px; float: left; margin-right: 20px; color: #4e5862; font-family: Arial, sans-serif; font-size: 12px;\"><\/div>\n<div class=\"content\" style=\"float: left;width: 700px;color: #4e5862;font-family: Arial, sans-serif;font-size: 12px\" data-mce-style=\"float: left; width: 700px; color: #4e5862; font-family: Arial, sans-serif; font-size: 12px;\">\n<div class=\"element\" style=\"overflow: hidden;margin-bottom: 30px;padding-bottom: 12px;border-bottom: 1px solid #dddddd\" data-mce-style=\"overflow: hidden; zoom: 1; margin-bottom: 30px; padding-bottom: 12px; border-bottom: 1px solid #dddddd;\">\n<div class=\"topImage\">\n<div class=\"txt\">\n<h3>Manuel Sierra \u00c1lvarez. Villablino (Le\u00f3n 1951)<\/h3>\n<\/div>\n<\/div>\n<\/div>\n<div class=\"element\" style=\"overflow: hidden;margin-bottom: 30px;padding-bottom: 12px;border-bottom: 1px solid #dddddd\" data-mce-style=\"overflow: hidden; zoom: 1; margin-bottom: 30px; padding-bottom: 12px; border-bottom: 1px solid #dddddd;\">\n<div class=\"topImage\">\n<div class=\"img\" style=\"margin-bottom: 20px\" data-mce-style=\"margin-bottom: 20px;\"><a href=\"https:\/\/joseluismurcia.es\/assets\/PageElement\/Pantallas\/Tres-flores-en-agua-Manuel-Sierra.jpg\" class=\"fancybox\" rel=\"fancybox\" data-txt=\"Tres flores en agua\" style=\"color: #8191a2\" data-mce-href=\"https:\/\/joseluismurcia.es\/assets\/PageElement\/Pantallas\/Tres-flores-en-agua-Manuel-Sierra.jpg\" data-mce-style=\"color: #8191a2; text-decoration-line: none;\"><img fetchpriority=\"high\" decoding=\"async\" src=\"https:\/\/joseluismurcia.es\/assets\/PageElement\/Pantallas\/_resampled\/SetWidth700-Tres-flores-en-agua-Manuel-Sierra.jpg\" width=\"700\" height=\"662\" style=\"border: 0px;vertical-align: bottom\" data-mce-src=\"https:\/\/joseluismurcia.es\/assets\/PageElement\/Pantallas\/_resampled\/SetWidth700-Tres-flores-en-agua-Manuel-Sierra.jpg\" data-mce-style=\"border: 0px; vertical-align: bottom;\"><\/a><\/div>\n<div class=\"txt\">\n<h3>Tres flores en agua<\/h3>\n<p style=\"margin: 0px 0px 18px\" data-mce-style=\"margin: 0px 0px 18px;\">Esta carpeta contiene tres serigraf\u00edas de<br \/>Manuel Sierra con t\u00edtulo &#8220;Tres flores en agua&#8221;<br \/>la edici\u00f3n consta de 40 ejemplares,<br \/>numerados del 1 al 40. m\u00e1s 5 no venales.<br \/>Papel 73&#215;24,5 cm<br \/>Mancha 60&#215;15,5 cm<br \/>Estampada por Jos\u00e9 Luis Murcia<br \/>en papel Arches BFK Rives 280 grs. algod\u00f3n 100%<br \/>Se realiz\u00f3 la edici\u00f3n durante el mes de junio del a\u00f1o 2019<br \/>en los talleres de Serigraf\u00eda HerMur de Valladolid.<\/p>\n<\/div>\n<\/div>\n<\/div>\n<\/div>\n","protected":false},"featured_media":2021370,"template":"","meta":[],"product_brand":[],"product_cat":[614,632,666],"product_tag":[141,723,172],"class_list":{"0":"post-2021373","1":"product","2":"type-product","3":"status-publish","4":"has-post-thumbnail","6":"product_cat-artistas","7":"product_cat-manuel-sierra","8":"product_cat-obra-grafica","9":"product_tag-arte-contemporaneo","10":"product_tag-obra-grafica","11":"product_tag-serigrafia","12":"product_shipping_class-caja","13":"pa_artistas-verificados-manuel-sierra","14":"pa_disciplina-obra-grafica","15":"pa_estilo-figurativo","16":"pa_orientacion-vertical","17":"pa_tecnica-serigrafia","18":"pa_tema-floral","21":"outofstock","22":"sold-individually","23":"shipping-taxable","24":"purchasable","25":"product-type-simple"},"_links":{"self":[{"href":"https:\/\/forloveatart.com\/en\/wp-json\/wp\/v2\/product\/2021373","targetHints":{"allow":["GET"]}}],"collection":[{"href":"https:\/\/forloveatart.com\/en\/wp-json\/wp\/v2\/product"}],"about":[{"href":"https:\/\/forloveatart.com\/en\/wp-json\/wp\/v2\/types\/product"}],"version-history":[{"count":0,"href":"https:\/\/forloveatart.com\/en\/wp-json\/wp\/v2\/product\/2021373\/revisions"}],"wp:featuredmedia":[{"embeddable":true,"href":"https:\/\/forloveatart.com\/en\/wp-json\/wp\/v2\/media\/2021370"}],"wp:attachment":[{"href":"https:\/\/forloveatart.com\/en\/wp-json\/wp\/v2\/media?parent=2021373"}],"wp:term":[{"taxonomy":"product_brand","embeddable":true,"href":"https:\/\/forloveatart.com\/en\/wp-json\/wp\/v2\/product_brand?post=2021373"},{"taxonomy":"product_cat","embeddable":true,"href":"https:\/\/forloveatart.com\/en\/wp-json\/wp\/v2\/product_cat?post=2021373"},{"taxonomy":"product_tag","embeddable":true,"href":"https:\/\/forloveatart.com\/en\/wp-json\/wp\/v2\/product_tag?post=2021373"}],"curies":[{"name":"wp","href":"https:\/\/api.w.org\/{rel}","templated":true}]}}