{"id":2021434,"date":"2020-12-21T10:44:36","date_gmt":"2020-12-21T10:44:36","guid":{"rendered":"https:\/\/forloveatart.com\/product\/tor-de-lafrique-1\/"},"modified":"2021-01-08T18:08:33","modified_gmt":"2021-01-08T18:08:33","slug":"tor-de-lafrique-1","status":"publish","type":"product","link":"https:\/\/forloveatart.com\/en\/producto\/tor-de-lafrique-1\/","title":{"rendered":"Tour de L&#8217;Afrique 1"},"content":{"rendered":"<div><span style=\"mso-spacerun: 'yes'; font-size: 10.98pt; font-family: TimesNewRomanPSMT; color: #000000;\" data-mce-style=\"mso-spacerun: 'yes'; font-size: 10.98pt; font-family: TimesNewRomanPSMT; color: #000000;\">Pintor, escultor y dibujante autodidacta, vive y trabaja actualmente en Madrid, ciudad donde naci\u00f3. Ha obtenido becas en<br \/><\/span><\/div>\n<div><span style=\"mso-spacerun: 'yes'; font-size: 10.98pt; font-family: TimesNewRomanPSMT; color: #000000;\" data-mce-style=\"mso-spacerun: 'yes'; font-size: 10.98pt; font-family: TimesNewRomanPSMT; color: #000000;\">residencia que lo han llevado desde la Academia Espa\u00f1ola de Bellas Artes de Roma, a Virginia Center for the Creative<br \/><\/span><\/div>\n<div><span style=\"mso-spacerun: 'yes'; font-size: 10.98pt; font-family: TimesNewRomanPSMT; color: #000000;\" data-mce-style=\"mso-spacerun: 'yes'; font-size: 10.98pt; font-family: TimesNewRomanPSMT; color: #000000;\">Arts, al desierto de Nuevo M\u00e9jico en Helene Wurlitzer Foundation, al casi centro de anacoretas de Izvorul Mures en los<br \/><\/span><\/div>\n<div><span style=\"mso-spacerun: 'yes'; font-size: 10.98pt; font-family: TimesNewRomanPSMT; color: #000000;\" data-mce-style=\"mso-spacerun: 'yes'; font-size: 10.98pt; font-family: TimesNewRomanPSMT; color: #000000;\">C\u00e1rpatos Rumanos o a la gran llanura h\u00fangara en Hajd\u00fas\u00e1gi Nemzetk\u00f6zi M<\/span><span style=\"mso-spacerun: 'yes'; font-size: 10.98pt; font-family: Times New Roman; color: #000000;\" data-mce-style=\"mso-spacerun: 'yes'; font-size: 10.98pt; font-family: Times New Roman; color: #000000;\">\u0171<\/span><span style=\"mso-spacerun: 'yes'; font-size: 10.98pt; font-family: TimesNewRomanPSMT; color: #000000;\" data-mce-style=\"mso-spacerun: 'yes'; font-size: 10.98pt; font-family: TimesNewRomanPSMT; color: #000000;\">v\u00e9sztelep Ny\u00e1ri Kurzus\u00e1ra. Obtuvo, entre<br \/><\/span><\/div>\n<div><span style=\"mso-spacerun: 'yes'; font-size: 10.98pt; font-family: TimesNewRomanPSMT; color: #000000;\" data-mce-style=\"mso-spacerun: 'yes'; font-size: 10.98pt; font-family: TimesNewRomanPSMT; color: #000000;\">otros, el Premio de Pintura del Ayuntamiento de Madrid y la Gran Medalla de Escultura en el Concurso Internacional<br \/><\/span><\/div>\n<div><span style=\"mso-spacerun: 'yes'; font-size: 10.98pt; font-family: TimesNewRomanPSMT; color: #000000;\" data-mce-style=\"mso-spacerun: 'yes'; font-size: 10.98pt; font-family: TimesNewRomanPSMT; color: #000000;\">Anzio en Roma. <\/span><\/div>\n","protected":false},"excerpt":{"rendered":"<p>Pintura, acr\u00edlico sobre madera, mide 24 cm. de alto por 19 cm. de alto. Pertenece a la serie<strong><em>\u00a0Tour de L&#8217;Afrique\u00a0<\/em><\/strong>.<\/p>\n","protected":false},"featured_media":2021433,"template":"","meta":[],"product_brand":[],"product_cat":[614,724,592,177],"product_tag":[141,140],"class_list":{"0":"post-2021434","1":"product","2":"type-product","3":"status-publish","4":"has-post-thumbnail","6":"product_cat-artistas","7":"product_cat-carlos-aquilino","8":"product_cat-iniciacion-al-coleccionismo","9":"product_cat-paintings","10":"product_tag-arte-contemporaneo","11":"product_tag-nueva-figuracion","12":"product_shipping_class-caja","15":"instock","16":"sold-individually","17":"shipping-taxable","18":"purchasable","19":"product-type-simple"},"_links":{"self":[{"href":"https:\/\/forloveatart.com\/en\/wp-json\/wp\/v2\/product\/2021434","targetHints":{"allow":["GET"]}}],"collection":[{"href":"https:\/\/forloveatart.com\/en\/wp-json\/wp\/v2\/product"}],"about":[{"href":"https:\/\/forloveatart.com\/en\/wp-json\/wp\/v2\/types\/product"}],"version-history":[{"count":0,"href":"https:\/\/forloveatart.com\/en\/wp-json\/wp\/v2\/product\/2021434\/revisions"}],"wp:featuredmedia":[{"embeddable":true,"href":"https:\/\/forloveatart.com\/en\/wp-json\/wp\/v2\/media\/2021433"}],"wp:attachment":[{"href":"https:\/\/forloveatart.com\/en\/wp-json\/wp\/v2\/media?parent=2021434"}],"wp:term":[{"taxonomy":"product_brand","embeddable":true,"href":"https:\/\/forloveatart.com\/en\/wp-json\/wp\/v2\/product_brand?post=2021434"},{"taxonomy":"product_cat","embeddable":true,"href":"https:\/\/forloveatart.com\/en\/wp-json\/wp\/v2\/product_cat?post=2021434"},{"taxonomy":"product_tag","embeddable":true,"href":"https:\/\/forloveatart.com\/en\/wp-json\/wp\/v2\/product_tag?post=2021434"}],"curies":[{"name":"wp","href":"https:\/\/api.w.org\/{rel}","templated":true}]}}