{"id":2021518,"date":"2021-01-04T18:32:17","date_gmt":"2021-01-04T18:32:17","guid":{"rendered":"https:\/\/forloveatart.com\/product\/subtil-vermeer\/"},"modified":"2021-03-30T06:55:09","modified_gmt":"2021-03-30T06:55:09","slug":"subtil-vermeer","status":"publish","type":"product","link":"https:\/\/forloveatart.com\/en\/producto\/subtil-vermeer\/","title":{"rendered":"Subtil Vermeer"},"content":{"rendered":"<p><p class=\"MsoNormal\" align=\"center\" style=\"text-align:center\"><span style=\"font-size:16.0pt;line-height:107%;color:#767171;\nmso-themecolor:background2;mso-themeshade:128\">Denominado por algunos cr\u00edticos<br \/>\ncomo el Pop de los cl\u00e1sicos, su obra m\u00e1s reciente est\u00e1 inspirada en la naturaleza,<br \/>\ncon un tratamiento cl\u00e1sico de la pintura y una composici\u00f3n contempor\u00e1nea, hacen<br \/>\nde \u00e9l un artista singular con una t\u00e9cnica impecable y una gran sensibilidad que<br \/>\ndan un resultado cautivador en sus obras.<o:p><\/o:p><\/span><\/p>\n<p><\/p>\n","protected":false},"excerpt":{"rendered":"<p><span style=\"color: #000000;\" data-mce-style=\"color: #000000;\">\u00a0Obra gr\u00e1fica original, litograf\u00eda a ocho colores sobre papel Conqueror Connoisseur blanco de 300 gr. Mide 98 cm. de alto por 35 cm. de largo. Nueva obra. Tirada 70 ejemplares.<\/span><\/p>\n","protected":false},"featured_media":2021516,"template":"","meta":[],"product_brand":[],"product_cat":[614,620,666],"product_tag":[141,674,132],"class_list":{"0":"post-2021518","1":"product","2":"type-product","3":"status-publish","4":"has-post-thumbnail","6":"product_cat-artistas","7":"product_cat-enrique-gonzalez","8":"product_cat-obra-grafica","9":"product_tag-arte-contemporaneo","10":"product_tag-litografia","11":"product_tag-pop-clasico","12":"product_shipping_class-caja","13":"pa_artistas-verificados-enrique-gonzalez","14":"pa_disciplina-obra-grafica","15":"pa_estilo-nuevo-realismo","16":"pa_orientacion-vertical","17":"pa_tecnica-litografia","18":"pa_tema-figura","21":"instock","22":"shipping-taxable","23":"purchasable","24":"product-type-simple"},"_links":{"self":[{"href":"https:\/\/forloveatart.com\/en\/wp-json\/wp\/v2\/product\/2021518","targetHints":{"allow":["GET"]}}],"collection":[{"href":"https:\/\/forloveatart.com\/en\/wp-json\/wp\/v2\/product"}],"about":[{"href":"https:\/\/forloveatart.com\/en\/wp-json\/wp\/v2\/types\/product"}],"version-history":[{"count":0,"href":"https:\/\/forloveatart.com\/en\/wp-json\/wp\/v2\/product\/2021518\/revisions"}],"wp:featuredmedia":[{"embeddable":true,"href":"https:\/\/forloveatart.com\/en\/wp-json\/wp\/v2\/media\/2021516"}],"wp:attachment":[{"href":"https:\/\/forloveatart.com\/en\/wp-json\/wp\/v2\/media?parent=2021518"}],"wp:term":[{"taxonomy":"product_brand","embeddable":true,"href":"https:\/\/forloveatart.com\/en\/wp-json\/wp\/v2\/product_brand?post=2021518"},{"taxonomy":"product_cat","embeddable":true,"href":"https:\/\/forloveatart.com\/en\/wp-json\/wp\/v2\/product_cat?post=2021518"},{"taxonomy":"product_tag","embeddable":true,"href":"https:\/\/forloveatart.com\/en\/wp-json\/wp\/v2\/product_tag?post=2021518"}],"curies":[{"name":"wp","href":"https:\/\/api.w.org\/{rel}","templated":true}]}}