{"id":2021705,"date":"2021-01-14T17:49:41","date_gmt":"2021-01-14T17:49:41","guid":{"rendered":"https:\/\/forloveatart.com\/product\/silencios-en-verde\/"},"modified":"2021-04-10T06:58:31","modified_gmt":"2021-04-10T06:58:31","slug":"silencios-en-verde","status":"publish","type":"product","link":"https:\/\/forloveatart.com\/en\/producto\/silencios-en-verde\/","title":{"rendered":"Silencios en verde"},"content":{"rendered":"<p class=\"MsoNormal\"><span style=\"font-weight: 700 !important;\"><span lang=\"ES-TRAD\" style=\"font-size: 14pt;\">El paisaje es la esencia. La naturaleza sue\u00f1a<\/span><\/span><span lang=\"ES-TRAD\" style=\"font-size: 14pt;\">.\u00a0<span style=\"font-weight: 700 !important;\">La pintura es el alma<\/span><o:p><\/o:p><\/span><\/p>\n<p class=\"MsoNormal\"><span style=\"font-size: 14pt;\">Podr\u00eda con estas dos frases resumir mi obra a lo largo de mi vida.<\/span><\/p>\n<p class=\"MsoNormal\"><span lang=\"ES-TRAD\" style=\"font-size: 14pt;\">Paisajes de El Escorial, de aqu\u00ed y de all\u00e1, pero siempre vividos.<o:p><\/o:p><\/span><\/p>\n<p class=\"MsoNormal\"><span lang=\"ES-TRAD\" style=\"font-size: 14pt;\">Estas\u00a0\u00a0obras han sido realizadas durante 2020 y 2021. En ellas he arrancado al paisaje las rocas de mi entorno transform\u00e1ndolas en extra\u00f1as figuras densas, pesadas, compactas, que flotan en un espacio inmenso y vac\u00edo, donde no hay nada, en una nada. Figuras que, como una cris\u00e1lida, quieren ser pero no pueden. Parece que est\u00e1n vivas o que quieren ser vivas, en un movimiento interior a veces lento, a veces convulso. Hay una lucha por salir, por ser. Algo inerte pero a la vez embri\u00f3n. Como el todo y la nada. A veces se intuye una figura humana derrotada, rota y desmembrada en la lucha interior (\u201cAlimentando el alma\u201d). Otras veces se siente el viento acariciando el granito, silbando entre sus grietas y suavizando la rugosa piel de la roca (\u201cD\u00f3nde las caricias susurran\u201d)<o:p><\/o:p><\/span><\/p>\n<p class=\"MsoNormal\"><span lang=\"ES-TRAD\" style=\"font-size: 14pt;\">\u00a0<\/span><span style=\"font-size: 14pt;\">T\u00e9cnicamente, desde que descubr\u00ed la pintura a la\u00a0<\/span><span style=\"font-size: 18.6667px;\">enc\u00e1ustica<\/span><span style=\"font-size: 14pt;\">, de la mano de Manuel Huertas Torrej\u00f3n en mis a\u00f1os de estudiante en la facultad, esta ha sido el motor t\u00e9cnico de mi obra. Sus registro texturas, veladuras, empastes hacen que siga investigando en ella.<\/span><\/p>\n","protected":false},"excerpt":{"rendered":"<p class=\"MsoNormal\" align=\"center\" style=\"text-align: center;\" data-mce-style=\"text-align: center;\">Pintura original al \u00f3leo sobre papel, mide 70 cm. de alto por 50 cm. de largo, se presenta sin enmarcar.<\/p>\n<p><\/p>\n","protected":false},"featured_media":2021703,"template":"","meta":[],"product_brand":[],"product_cat":[614,741,177],"product_tag":[658,141,169],"class_list":{"0":"post-2021705","1":"product","2":"type-product","3":"status-publish","4":"has-post-thumbnail","6":"product_cat-artistas","7":"product_cat-patricia-mayoral","8":"product_cat-paintings","9":"product_tag-abstracto","10":"product_tag-arte-contemporaneo","11":"product_tag-oleo","12":"product_shipping_class-caja","13":"pa_artistas-verificados-patricia-mayoral","14":"pa_disciplina-pintura","15":"pa_estilo-abstraccion-lirica","16":"pa_orientacion-vertical","17":"pa_tecnica-oleo","18":"pa_tema-abstracto","21":"instock","22":"sold-individually","23":"shipping-taxable","24":"purchasable","25":"product-type-simple"},"_links":{"self":[{"href":"https:\/\/forloveatart.com\/en\/wp-json\/wp\/v2\/product\/2021705","targetHints":{"allow":["GET"]}}],"collection":[{"href":"https:\/\/forloveatart.com\/en\/wp-json\/wp\/v2\/product"}],"about":[{"href":"https:\/\/forloveatart.com\/en\/wp-json\/wp\/v2\/types\/product"}],"version-history":[{"count":0,"href":"https:\/\/forloveatart.com\/en\/wp-json\/wp\/v2\/product\/2021705\/revisions"}],"wp:featuredmedia":[{"embeddable":true,"href":"https:\/\/forloveatart.com\/en\/wp-json\/wp\/v2\/media\/2021703"}],"wp:attachment":[{"href":"https:\/\/forloveatart.com\/en\/wp-json\/wp\/v2\/media?parent=2021705"}],"wp:term":[{"taxonomy":"product_brand","embeddable":true,"href":"https:\/\/forloveatart.com\/en\/wp-json\/wp\/v2\/product_brand?post=2021705"},{"taxonomy":"product_cat","embeddable":true,"href":"https:\/\/forloveatart.com\/en\/wp-json\/wp\/v2\/product_cat?post=2021705"},{"taxonomy":"product_tag","embeddable":true,"href":"https:\/\/forloveatart.com\/en\/wp-json\/wp\/v2\/product_tag?post=2021705"}],"curies":[{"name":"wp","href":"https:\/\/api.w.org\/{rel}","templated":true}]}}