{"id":2021736,"date":"2021-01-15T13:01:24","date_gmt":"2021-01-15T13:01:24","guid":{"rendered":"https:\/\/forloveatart.com\/product\/en-el-jardin\/"},"modified":"2021-01-15T16:07:12","modified_gmt":"2021-01-15T16:07:12","slug":"en-el-jardin","status":"publish","type":"product","link":"https:\/\/forloveatart.com\/en\/producto\/en-el-jardin\/","title":{"rendered":"En el jard\u00edn"},"content":{"rendered":"<p><br data-mce-bogus=\"1\"><\/p>\n","protected":false},"excerpt":{"rendered":"<p>Pintura sobre lienzo, t\u00e9cnica mixta acr\u00edlico y \u00f3leo, mide 130 cm. de alto por 97 cm. de largo. Obra realizada en 2019.<br data-mce-bogus=\"1\"><\/p>\n","protected":false},"featured_media":2021734,"template":"","meta":[],"product_brand":[],"product_cat":[614,748,177],"product_tag":[749,654,750,744],"class_list":{"0":"post-2021736","1":"product","2":"type-product","3":"status-publish","4":"has-post-thumbnail","6":"product_cat-artistas","7":"product_cat-eduardo-vega-de-seoane","8":"product_cat-paintings","9":"product_tag-abstraccion-lirica","10":"product_tag-expresionismo-abstracto","11":"product_tag-expresionismo-lirico","12":"product_tag-pintura-poetica","13":"product_shipping_class-caja","16":"instock","17":"sold-individually","18":"shipping-taxable","19":"purchasable","20":"product-type-simple"},"_links":{"self":[{"href":"https:\/\/forloveatart.com\/en\/wp-json\/wp\/v2\/product\/2021736","targetHints":{"allow":["GET"]}}],"collection":[{"href":"https:\/\/forloveatart.com\/en\/wp-json\/wp\/v2\/product"}],"about":[{"href":"https:\/\/forloveatart.com\/en\/wp-json\/wp\/v2\/types\/product"}],"version-history":[{"count":0,"href":"https:\/\/forloveatart.com\/en\/wp-json\/wp\/v2\/product\/2021736\/revisions"}],"wp:featuredmedia":[{"embeddable":true,"href":"https:\/\/forloveatart.com\/en\/wp-json\/wp\/v2\/media\/2021734"}],"wp:attachment":[{"href":"https:\/\/forloveatart.com\/en\/wp-json\/wp\/v2\/media?parent=2021736"}],"wp:term":[{"taxonomy":"product_brand","embeddable":true,"href":"https:\/\/forloveatart.com\/en\/wp-json\/wp\/v2\/product_brand?post=2021736"},{"taxonomy":"product_cat","embeddable":true,"href":"https:\/\/forloveatart.com\/en\/wp-json\/wp\/v2\/product_cat?post=2021736"},{"taxonomy":"product_tag","embeddable":true,"href":"https:\/\/forloveatart.com\/en\/wp-json\/wp\/v2\/product_tag?post=2021736"}],"curies":[{"name":"wp","href":"https:\/\/api.w.org\/{rel}","templated":true}]}}