{"id":2021769,"date":"2021-01-15T15:37:20","date_gmt":"2021-01-15T15:37:20","guid":{"rendered":"https:\/\/forloveatart.com\/product\/shine\/"},"modified":"2021-04-08T15:40:54","modified_gmt":"2021-04-08T15:40:54","slug":"shine","status":"publish","type":"product","link":"https:\/\/forloveatart.com\/en\/producto\/shine\/","title":{"rendered":"Shine"},"content":{"rendered":"<p class=\"MsoNormal\">\u00a0\u00a0\u00a0Desembarco de color<o:p><\/o:p><\/p>\n<p class=\"MsoNormal\"><o:p>\u00a0<\/o:p>Bajo la caracter\u00edstica de un expresionismo abstracto de influencia americana se ha desarrollado desde las primeras exposiciones a partir de los a\u00f1os ochenta la experimentaci\u00f3n pict\u00f3rica del artista espa\u00f1ol Eduardo Vega de Seoane.<\/p>\n<p class=\"MsoNormal\"><o:p><\/o:p><\/p>\n<p class=\"MsoNormal\">Nacido en Madrid en 1955 cercano a maestros\u00a0\u00a0como De Kooning y Gorky pero qued\u00e1ndose siempre bien arraigado en el territorio europeo. Como para Dubuffet y Van Velde el espacio es para \u00e9l \u201cuna forma global\u201d que le permite \u201caprender del pensamiento est\u00e9tico\u201d.<o:p><\/o:p><\/p>\n<p class=\"MsoNormal\">Mediante una particular y original\u00edsima caligraf\u00eda la estructura de su composici\u00f3n se descentra partiendo de un punto intermedio para reencontrase finalmente de nuevo en el curso del devenir de la obra. La percepci\u00f3n del instante hace emerger la incertidumbre, el juego de las circunstancias, el relativismo de los puntos de vista para reencontrar un nuevo inesperado equilibrio, para hacer posible un retorno al orden y la coherencia.<o:p><\/o:p><\/p>\n<p class=\"MsoNormal\">La espontaneidad da impulso al acto creativo, el que va a dar paso al rechazo de dejarse encasillar dentro de una determinada categor\u00eda. Abstracto y figurativo coexisten en su trabajo hasta formar una armon\u00eda total; cada demarcaci\u00f3n de \u00e9l se considerar\u00eda un obst\u00e1culo para su \u00edmpetu creativo en cuyo inicio se pone siempre un punto de interrogaci\u00f3n.<o:p><\/o:p><\/p>\n<p class=\"MsoNormal\">\u201cMe gusta que no se sepa que va a suceder despu\u00e9s, como en la naturaleza se vive el pasaje de la vida a la muerte por s\u00ed mismo\u201d.<o:p><\/o:p><\/p>\n<p class=\"MsoNormal\">Pinceladas y manchas de color a veces sutiles, otras se acompa\u00f1an de misteriosa se\u00f1ales llenas de simbolog\u00eda que se manifiestan como el espejo de aquella coherencia ca\u00f3tica en la cual se cumple el destino humano. En el fondo de este eterno desorden se encuentra la armon\u00eda superior y oculta. No es la raz\u00f3n la que ha accedido a este misterio fuera de cada l\u00f3gica comprensible. Aquel infinito es el que nadie puede coger en su esencia, tan s\u00f3lo sentir y entrar en un gesto de amor.<o:p><\/o:p><\/p>\n<p class=\"MsoNormal\">Para Vega de Seoane la pintura parece un \u201djuego de seducci\u00f3n\u201d. La narraci\u00f3n no existe, nula de dramatismo, porque la violencia corresponde a una limitaci\u00f3n de su libertad.<o:p><\/o:p><\/p>\n<p class=\"MsoNormal\">Sus elementos son m\u00e1s bien la esfera de la espiritualidad, una espiritualidad que el artista transmite en el lienzo sin buscar un gran efecto, m\u00e1s con todo el vigor de su fuerza expresiva.<o:p><\/o:p><\/p>\n<p class=\"MsoNormal\"><o:p>\u00a0<\/o:p> \u00a0Anna Zanco<\/p>\n","protected":false},"excerpt":{"rendered":"<p>Pintura sobre lienzo, t\u00e9cnica mixta acr\u00edlico y \u00f3leo, mide 73 cm. de alto por 116 cm. de largo. Obra realizada en 2005.<\/p>\n","protected":false},"featured_media":2021767,"template":"","meta":[],"product_brand":[],"product_cat":[614,748,177],"product_tag":[749,654,750,744],"class_list":{"0":"post-2021769","1":"product","2":"type-product","3":"status-publish","4":"has-post-thumbnail","6":"product_cat-artistas","7":"product_cat-eduardo-vega-de-seoane","8":"product_cat-paintings","9":"product_tag-abstraccion-lirica","10":"product_tag-expresionismo-abstracto","11":"product_tag-expresionismo-lirico","12":"product_tag-pintura-poetica","13":"product_shipping_class-caja","14":"pa_artistas-verificados-eduardo-vega-de-seoane","15":"pa_disciplina-pintura","16":"pa_estilo-expresionismo-abstracto","17":"pa_orientacion-horizontal","18":"pa_tecnica-tecnica-mixta","19":"pa_tema-abstracto","22":"instock","23":"sold-individually","24":"shipping-taxable","25":"purchasable","26":"product-type-simple"},"_links":{"self":[{"href":"https:\/\/forloveatart.com\/en\/wp-json\/wp\/v2\/product\/2021769","targetHints":{"allow":["GET"]}}],"collection":[{"href":"https:\/\/forloveatart.com\/en\/wp-json\/wp\/v2\/product"}],"about":[{"href":"https:\/\/forloveatart.com\/en\/wp-json\/wp\/v2\/types\/product"}],"version-history":[{"count":0,"href":"https:\/\/forloveatart.com\/en\/wp-json\/wp\/v2\/product\/2021769\/revisions"}],"wp:featuredmedia":[{"embeddable":true,"href":"https:\/\/forloveatart.com\/en\/wp-json\/wp\/v2\/media\/2021767"}],"wp:attachment":[{"href":"https:\/\/forloveatart.com\/en\/wp-json\/wp\/v2\/media?parent=2021769"}],"wp:term":[{"taxonomy":"product_brand","embeddable":true,"href":"https:\/\/forloveatart.com\/en\/wp-json\/wp\/v2\/product_brand?post=2021769"},{"taxonomy":"product_cat","embeddable":true,"href":"https:\/\/forloveatart.com\/en\/wp-json\/wp\/v2\/product_cat?post=2021769"},{"taxonomy":"product_tag","embeddable":true,"href":"https:\/\/forloveatart.com\/en\/wp-json\/wp\/v2\/product_tag?post=2021769"}],"curies":[{"name":"wp","href":"https:\/\/api.w.org\/{rel}","templated":true}]}}