{"id":2021904,"date":"2021-01-18T12:48:39","date_gmt":"2021-01-18T12:48:39","guid":{"rendered":"https:\/\/forloveatart.com\/product\/calle-del-solsticio-2\/"},"modified":"2021-01-18T14:06:28","modified_gmt":"2021-01-18T14:06:28","slug":"calle-del-solsticio-2","status":"publish","type":"product","link":"https:\/\/forloveatart.com\/en\/producto\/calle-del-solsticio-2\/","title":{"rendered":"Calle del Solsticio 2"},"content":{"rendered":"<p>JOSE JUAN GIMENO<br \/>La Ciudad. L\u00edmite de intimidad.<br \/>El artista Jose Juan Gimeno toma las ventanas como motivo principal de sus<br \/>exposiciones ofreciendo la visi\u00f3n m\u00e1s cotidiana de la ciudad, en su ejercicio pl\u00e1stico<br \/>presenta una mirada contempor\u00e1nea e intemporal que transcurre entre lo p\u00fablico y<br \/>lo privado.<br \/>Las ciudades sufren metamorfosis que conduce a un cambio de las funciones de la<br \/>urbe, la obra del artista aborda e indaga en ese cambio hol\u00edstico de la ciudad. La<br \/>antropolog\u00eda urbana y las perspectivas del urbanismo son los elementos que le<br \/>conducen a una interpretaci\u00f3n pl\u00e1stica de la forma y los espacios de la metr\u00f3polis.<br \/>El trabajo de Jose Juan Gimeno es una pr\u00e1ctica de observaci\u00f3n que le permite<br \/>configurar un discurso est\u00e9tico-antropol\u00f3gico sobre la vida social, hablando de los<br \/>espacios privados y arquitect\u00f3nicos.<br \/>Con t\u00e9cnica mixta (Acr\u00edlico, metacrilato, serigraf\u00eda, collage\u2026) personifica fachadas y<br \/>ventanas, exponi\u00e9ndolas a una reflexi\u00f3n sobre su propia soledad y su convivencia<br \/>con el tiempo, esas fachadas miran directamente al espectador conduci\u00e9ndolo<br \/>hacia su propia introspecci\u00f3n.<br \/>La Ciudad es el objetivo etnogr\u00e1fico, la pintura la herramienta.<\/p>\n","protected":false},"excerpt":{"rendered":"<p class=\"MsoNormal\" style=\"margin-bottom: .0001pt; line-height: normal; background: white;\" data-mce-style=\"margin-bottom: .0001pt; line-height: normal; background: white;\"><span style=\"color: #2c363a; font-family: Arial, sans-serif; font-size: 14px;\" data-mce-style=\"color: #2c363a; font-family: Arial, sans-serif; font-size: 14px;\">\u00a0T\u00e9cnica mixta,\u00a0 acr\u00edlico sobre tabla y serigraf\u00eda sobre\u00a0 metacrilato. Mide 100 cm. de alto por 100 cm. de largo.<\/span><\/p>\n<p class=\"MsoNormal\" style=\"margin-bottom: .0001pt; line-height: normal; background: white;\" data-mce-style=\"margin-bottom: .0001pt; line-height: normal; background: white;\"><span style=\"font-size: 10.5pt;\" data-mce-style=\"font-size: 10.5pt;\">\u00a0 \u00a0 \u00a0\u00a0<\/span><\/p>\n<p class=\"MsoNormal\" style=\"margin-bottom: .0001pt; line-height: normal; background: white;\" data-mce-style=\"margin-bottom: .0001pt; line-height: normal; background: white;\"><span style=\"font-size: 10.5pt;\" data-mce-style=\"font-size: 10.5pt;\">\u00a0 \u00a0 \u00a0\u00a0<\/span><\/p>\n<p><\/p>\n","protected":false},"featured_media":2021902,"template":"","meta":[],"product_brand":[],"product_cat":[614,860,177],"product_tag":[173,141,596,133],"class_list":{"0":"post-2021904","1":"product","2":"type-product","3":"status-publish","4":"has-post-thumbnail","6":"product_cat-artistas","7":"product_cat-jose-juan-gimeno","8":"product_cat-paintings","9":"product_tag-acrilico","10":"product_tag-arte-contemporaneo","11":"product_tag-paisaje-urbano","12":"product_tag-realismo-magico","13":"product_shipping_class-caja","14":"pa_artistas-verificados-jose-juan-gimeno","15":"pa_disciplina-pintura","16":"pa_estilo-figurativo","17":"pa_orientacion-cuadrado","18":"pa_tecnica-acrilico","19":"pa_tecnica-madera","20":"pa_tecnica-metacrilato","21":"pa_tecnica-serigrafia","22":"pa_tema-paisaje-urbano","25":"instock","26":"sold-individually","27":"shipping-taxable","28":"purchasable","29":"product-type-simple"},"_links":{"self":[{"href":"https:\/\/forloveatart.com\/en\/wp-json\/wp\/v2\/product\/2021904","targetHints":{"allow":["GET"]}}],"collection":[{"href":"https:\/\/forloveatart.com\/en\/wp-json\/wp\/v2\/product"}],"about":[{"href":"https:\/\/forloveatart.com\/en\/wp-json\/wp\/v2\/types\/product"}],"version-history":[{"count":0,"href":"https:\/\/forloveatart.com\/en\/wp-json\/wp\/v2\/product\/2021904\/revisions"}],"wp:featuredmedia":[{"embeddable":true,"href":"https:\/\/forloveatart.com\/en\/wp-json\/wp\/v2\/media\/2021902"}],"wp:attachment":[{"href":"https:\/\/forloveatart.com\/en\/wp-json\/wp\/v2\/media?parent=2021904"}],"wp:term":[{"taxonomy":"product_brand","embeddable":true,"href":"https:\/\/forloveatart.com\/en\/wp-json\/wp\/v2\/product_brand?post=2021904"},{"taxonomy":"product_cat","embeddable":true,"href":"https:\/\/forloveatart.com\/en\/wp-json\/wp\/v2\/product_cat?post=2021904"},{"taxonomy":"product_tag","embeddable":true,"href":"https:\/\/forloveatart.com\/en\/wp-json\/wp\/v2\/product_tag?post=2021904"}],"curies":[{"name":"wp","href":"https:\/\/api.w.org\/{rel}","templated":true}]}}