{"id":2021943,"date":"2021-01-19T18:02:10","date_gmt":"2021-01-19T18:02:10","guid":{"rendered":"https:\/\/forloveatart.com\/product\/paisaje-de-la-tierra-llana-carpeta-de-tres-serigrafias\/"},"modified":"2025-03-11T09:12:47","modified_gmt":"2025-03-11T09:12:47","slug":"paisaje-de-la-tierra-llana-carpeta-de-tres-serigrafias","status":"publish","type":"product","link":"https:\/\/forloveatart.com\/en\/producto\/paisaje-de-la-tierra-llana-carpeta-de-tres-serigrafias\/","title":{"rendered":"Paisaje de la tierra llana, Carpeta de tres serigraf\u00edas."},"content":{"rendered":"<p style=\"margin: 0px 0px 1.2em\" data-mce-style=\"margin: 0px 0px 1.2em;\">Nacido en Villablino.<\/p>\n<p style=\"margin: 0px 0px 1.2em\" data-mce-style=\"margin: 0px 0px 1.2em;\">Manuel Sierra es pintor de formaci\u00f3n autodidacta y de tendencia figurativa. Su actividad pict\u00f3rica se desarrolla en los campos de la pintura (\u00f3leo, acr\u00edlico, acuarela, cera y t\u00e9cnicas mixtas), del muralismo, de la ilustraci\u00f3n, de la escenograf\u00eda teatral y de la edici\u00f3n (grabado, serigraf\u00eda y litograf\u00eda). Se dedica a esta actividad de forma exclusiva desde finales de los a\u00f1os 70.<\/p>\n<p style=\"margin: 0px 0px 1.2em\" data-mce-style=\"margin: 0px 0px 1.2em;\">Expone con regularidad en circuitos de galer\u00edas nacionales e internacionales y acude peri\u00f3dicamente con su obra a Ferias y Bienales.<\/p>\n","protected":false},"excerpt":{"rendered":"<p class=\"MsoNormal\" style=\"margin-bottom: 13.5pt;line-height: normal;background-image: initial;background-position: initial;background-size: initial;background-repeat: initial;background-attachment: initial\" data-mce-style=\"margin-bottom: 13.5pt; line-height: normal; background-image: initial; background-position: initial; background-size: initial; background-repeat: initial; background-attachment: initial; background-origin: initial; background-clip: initial;\"><span style=\"font-size: 9pt;font-family: Arial, sans-serif;color: #4e5862\" data-mce-style=\"font-size: 9pt; font-family: Arial, sans-serif; color: #4e5862;\">Esta carpeta contiene tres serigraf\u00edas de\u00a0<\/span><\/p>\n<p class=\"MsoNormal\" style=\"margin-bottom: 13.5pt;line-height: normal;background-image: initial;background-position: initial;background-size: initial;background-repeat: initial;background-attachment: initial\" data-mce-style=\"margin-bottom: 13.5pt; line-height: normal; background-image: initial; background-position: initial; background-size: initial; background-repeat: initial; background-attachment: initial; background-origin: initial; background-clip: initial;\"><span style=\"font-size: 9pt;font-family: Arial, sans-serif;color: #4e5862\" data-mce-style=\"font-size: 9pt; font-family: Arial, sans-serif; color: #4e5862;\">Manuel Sierra con t\u00edtulo &#8220;Paisajes de la tierra llana&#8221;.<\/span><\/p>\n<p class=\"MsoNormal\" style=\"margin-bottom: 13.5pt;line-height: normal;background-image: initial;background-position: initial;background-size: initial;background-repeat: initial;background-attachment: initial\" data-mce-style=\"margin-bottom: 13.5pt; line-height: normal; background-image: initial; background-position: initial; background-size: initial; background-repeat: initial; background-attachment: initial; background-origin: initial; background-clip: initial;\"><span style=\"font-size: 9pt;font-family: Arial, sans-serif;color: #4e5862\" data-mce-style=\"font-size: 9pt; font-family: Arial, sans-serif; color: #4e5862;\">La edici\u00f3n consta de 55 ejemplares,\u00a0<\/span><\/p>\n<p class=\"MsoNormal\" style=\"margin-bottom: 13.5pt;line-height: normal;background-image: initial;background-position: initial;background-size: initial;background-repeat: initial;background-attachment: initial\" data-mce-style=\"margin-bottom: 13.5pt; line-height: normal; background-image: initial; background-position: initial; background-size: initial; background-repeat: initial; background-attachment: initial; background-origin: initial; background-clip: initial;\"><span style=\"font-size: 9pt;font-family: Arial, sans-serif;color: #4e5862\" data-mce-style=\"font-size: 9pt; font-family: Arial, sans-serif; color: #4e5862;\">numerados del 1 al 55, m\u00e1s 4 no venales.<\/span><\/p>\n<p class=\"MsoNormal\" style=\"margin-bottom: 13.5pt;line-height: normal;background-image: initial;background-position: initial;background-size: initial;background-repeat: initial;background-attachment: initial\" data-mce-style=\"margin-bottom: 13.5pt; line-height: normal; background-image: initial; background-position: initial; background-size: initial; background-repeat: initial; background-attachment: initial; background-origin: initial; background-clip: initial;\"><span style=\"font-size: 9pt;font-family: Arial, sans-serif;color: #4e5862\" data-mce-style=\"font-size: 9pt; font-family: Arial, sans-serif; color: #4e5862;\">Estampada por Jos\u00e9 Luis Murcia\u00a0<\/span><\/p>\n<p class=\"MsoNormal\" style=\"margin-bottom: 13.5pt;line-height: normal;background-image: initial;background-position: initial;background-size: initial;background-repeat: initial;background-attachment: initial\" data-mce-style=\"margin-bottom: 13.5pt; line-height: normal; background-image: initial; background-position: initial; background-size: initial; background-repeat: initial; background-attachment: initial; background-origin: initial; background-clip: initial;\"><span style=\"font-size: 9pt;font-family: Arial, sans-serif;color: #4e5862\" data-mce-style=\"font-size: 9pt; font-family: Arial, sans-serif; color: #4e5862;\">en papel Biblos de 250 grs.<\/span><\/p>\n<p class=\"MsoNormal\" style=\"margin-bottom: 13.5pt;line-height: normal;background-image: initial;background-position: initial;background-size: initial;background-repeat: initial;background-attachment: initial\" data-mce-style=\"margin-bottom: 13.5pt; line-height: normal; background-image: initial; background-position: initial; background-size: initial; background-repeat: initial; background-attachment: initial; background-origin: initial; background-clip: initial;\"><span style=\"font-size: 9pt;font-family: Arial, sans-serif;color: #4e5862\" data-mce-style=\"font-size: 9pt; font-family: Arial, sans-serif; color: #4e5862;\">Se hizo la edici\u00f3n durante el a\u00f1o 2017 en los\u00a0<\/span><\/p>\n<p class=\"MsoNormal\" style=\"margin-bottom: 13.5pt;line-height: normal;background-image: initial;background-position: initial;background-size: initial;background-repeat: initial;background-attachment: initial\" data-mce-style=\"margin-bottom: 13.5pt; line-height: normal; background-image: initial; background-position: initial; background-size: initial; background-repeat: initial; background-attachment: initial; background-origin: initial; background-clip: initial;\"><span style=\"font-size: 9pt;font-family: Arial, sans-serif;color: #4e5862\" data-mce-style=\"font-size: 9pt; font-family: Arial, sans-serif; color: #4e5862;\">Talleres de Serigraf\u00eda HerMur de Valladolid.<\/span><\/p>\n<p class=\"MsoNormal\" style=\"margin-bottom: 0.0001pt;line-height: 13.5pt;background-image: initial;background-position: initial;background-size: initial;background-repeat: initial;background-attachment: initial\" data-mce-style=\"margin-bottom: 0.0001pt; line-height: 13.5pt; background-image: initial; background-position: initial; background-size: initial; background-repeat: initial; background-attachment: initial; background-origin: initial; background-clip: initial;\"><span style=\"font-size: 9pt;font-family: Arial, sans-serif;color: #4e5862\" data-mce-style=\"font-size: 9pt; font-family: Arial, sans-serif; color: #4e5862;\">Numeradas y firmadas a mano por el autor.<\/span><\/p>\n<p class=\"MsoNormal\" style=\"margin-bottom: 0.0001pt;line-height: 13.5pt;background-image: initial;background-position: initial;background-size: initial;background-repeat: initial;background-attachment: initial\" data-mce-style=\"margin-bottom: 0.0001pt; line-height: 13.5pt; background-image: initial; background-position: initial; background-size: initial; background-repeat: initial; background-attachment: initial; background-origin: initial; background-clip: initial;\"><span style=\"font-size: 9pt;font-family: Arial, sans-serif;color: #4e5862\" data-mce-style=\"font-size: 9pt; font-family: Arial, sans-serif; color: #4e5862;\">Medida papel 50&#215;35 cm<\/span><\/p>\n<p><\/p>\n","protected":false},"featured_media":2021935,"template":"","meta":[],"product_brand":[],"product_cat":[614,632,666],"product_tag":[141,133,172],"class_list":{"0":"post-2021943","1":"product","2":"type-product","3":"status-publish","4":"has-post-thumbnail","6":"product_cat-artistas","7":"product_cat-manuel-sierra","8":"product_cat-obra-grafica","9":"product_tag-arte-contemporaneo","10":"product_tag-realismo-magico","11":"product_tag-serigrafia","12":"product_shipping_class-caja","13":"pa_artistas-verificados-manuel-sierra","14":"pa_disciplina-obra-grafica","15":"pa_estilo-realismo-magico","16":"pa_orientacion-vertical","17":"pa_tecnica-serigrafia","20":"outofstock","21":"shipping-taxable","22":"purchasable","23":"product-type-simple"},"_links":{"self":[{"href":"https:\/\/forloveatart.com\/en\/wp-json\/wp\/v2\/product\/2021943","targetHints":{"allow":["GET"]}}],"collection":[{"href":"https:\/\/forloveatart.com\/en\/wp-json\/wp\/v2\/product"}],"about":[{"href":"https:\/\/forloveatart.com\/en\/wp-json\/wp\/v2\/types\/product"}],"version-history":[{"count":1,"href":"https:\/\/forloveatart.com\/en\/wp-json\/wp\/v2\/product\/2021943\/revisions"}],"predecessor-version":[{"id":2024259,"href":"https:\/\/forloveatart.com\/en\/wp-json\/wp\/v2\/product\/2021943\/revisions\/2024259"}],"wp:featuredmedia":[{"embeddable":true,"href":"https:\/\/forloveatart.com\/en\/wp-json\/wp\/v2\/media\/2021935"}],"wp:attachment":[{"href":"https:\/\/forloveatart.com\/en\/wp-json\/wp\/v2\/media?parent=2021943"}],"wp:term":[{"taxonomy":"product_brand","embeddable":true,"href":"https:\/\/forloveatart.com\/en\/wp-json\/wp\/v2\/product_brand?post=2021943"},{"taxonomy":"product_cat","embeddable":true,"href":"https:\/\/forloveatart.com\/en\/wp-json\/wp\/v2\/product_cat?post=2021943"},{"taxonomy":"product_tag","embeddable":true,"href":"https:\/\/forloveatart.com\/en\/wp-json\/wp\/v2\/product_tag?post=2021943"}],"curies":[{"name":"wp","href":"https:\/\/api.w.org\/{rel}","templated":true}]}}