{"id":2021953,"date":"2021-01-21T18:27:45","date_gmt":"2021-01-21T18:27:45","guid":{"rendered":"https:\/\/forloveatart.com\/product\/ahogada\/"},"modified":"2021-01-21T18:27:46","modified_gmt":"2021-01-21T18:27:46","slug":"ahogada","status":"publish","type":"product","link":"https:\/\/forloveatart.com\/en\/producto\/ahogada\/","title":{"rendered":"Ahogada"},"content":{"rendered":"<p>\u00a0Como artista del presente siglo, me sit\u00fao frente a mi nuevo reto, un soporte en blanco, queriendo captar la esencia del lugar que representa, y me planteo, c\u00f3mo hacerlo\u2026 He estado frente a ese paisaje, lo he observado durante horas, me he dejado envolver. He analizado cada uno de los colores y la evoluci\u00f3n de los mismos a lo largo del d\u00eda. He pintado tantos cuadros en mi cabeza como paisajes diferentes la luz ha creado. Y entonces ya frente al lienzo, me sit\u00fao con el \u00fanico referente, de todo aquello que qued\u00f3 en mi retina, en mi cerebro\u2026 Mis paisajes, se convierten entonces, en un estudio pormenorizado de la atm\u00f3sfera, los colores, las percepciones, la luz, el olor, los matices.\u00a0<br data-mce-bogus=\"1\"><\/p>\n<p>\u00a0En todos mis paisajes, muestro algo m\u00e1s que escenas y cielos. Son paisajes que revelan mi propio interior. En esos paisajes se refleja la ligereza y la fuerza que dialogan a lo largo del proceso creativo.<br data-mce-bogus=\"1\"><\/p>\n<p>Un minucioso trabajo que parte de un laborioso proceso creativo \u00bfc\u00f3mo representar aquello que se articula perfectamente en mi cabeza? Para ello no me vale una imagen cualquiera, sino que parto de la creaci\u00f3n del escenario que anhelo, buscando aquel lugar donde pueda reproducirse el tel\u00f3n de fondo de mi obra. Una vez elegido el espacio, soy yo la que configuro esa imagen siendo la protagonista de la foto, de la cual sale la obra. Esta pieza simboliza la necesidad que la mayor\u00eda de los artistas hemos sentido alguna vez, de dar un grito al aire. Nace de la reflexi\u00f3n del momento que vivimos, de la fugacidad de los instantes del presente siglo\u2026 El avance de las nuevas tecnolog\u00edas, est\u00e1 claro, que ha sido un vertiginoso triunfo para el hombre, pero \u00bf qu\u00e9 hemos sacrificado a cambio? Vivimos en la constante revisi\u00f3n social, el aprobado, que, en la mayor\u00eda de los casos, es p\u00fablico a miles incluso millones de seguidores. \u00bfEs l\u00edcito?, \u00bfno?, no lo s\u00e9\u2026 Todos, en alg\u00fan momento, hemos sentido la necesidad de una aprobaci\u00f3n externa. El inquietante ritmo al que crecen las redes sociales, convierte a la mayor\u00eda de nuestros adolescentes y ya no tanto, m\u00e1s bien ni\u00f1os, en alimento de este imperioso ritmo. Estamos ante una vor\u00e1gine de im\u00e1genes, ante un cicl\u00f3n de noticias, que en ocasiones, llevan a algunos a sentirse ahogado\u2026 A m\u00ed no me pasa\u2026 El individualismo imperante en la presente sociedad, nos lleva a encontrar en las redes nuestro c\u00edrculo m\u00e1s pr\u00f3ximo. Y es entonces, cuando el d\u00eda acaba y encerrados delante de la pantalla del tel\u00e9fono m\u00f3vil encuentran el refugio de la luz\u2026 Pieza creada para brillar en la oscuridad, solo si antes ha recibido la luz necesaria generada por la propia linterna del m\u00f3vil. No todas las partes del cuadro ser\u00e1n vistas, solo las necesarias para crear ese efecto enmascarado que remite al envoltorio que configura, en ocasiones, nuestra vida social.<br data-mce-bogus=\"1\"><\/p>\n<p>Las piezas propuestas forman parte de la serie Riot. El proyecto \u201cRiot\u201d, est\u00e1 formado por m\u00e1s de una veintena de obras, es una serie abierta y en constante crecimiento, alentada por la vertiginosa evoluci\u00f3n social, reinante en el siglo veintiuno, o deber\u00edamos decir\u2026 regresi\u00f3n\u2026 Esta serie abarca la p\u00e9rdida de valores en el presente siglo, la ausencia de continuidad en la evoluci\u00f3n social y cultural. Abre un debate a la reflexi\u00f3n, a trav\u00e9s de la des-contextualizaci\u00f3n de los elementos presentes en la obra. El concepto se apodera de esta serie, donde la idea es el aspecto m\u00e1s importante de producto art\u00edstico, la est\u00e9tica queda relegada a un segundo plano El transfer se convierte en el protagonista, medio indispensable para llevar el concepto al l\u00edmite, una t\u00e9cnica manipulada, rasgada, intervenida; como manifiesto de lo erosionado, lo ro\u00eddo, lo deteriorado\u2026 Caracter\u00edsticas intr\u00ednsecas al concepto que subyace en esta serie. Las obras que se muestran a continuaci\u00f3n est\u00e1n realizadas sobre materiales pobres, tales como dm, aglomerados, etc. subrayando el valor conceptual de las obras que se enmarcan en la denuncia social. En definitiva, arte contempor\u00e1neo que invita a reflexionar.\u00a0<br data-mce-bogus=\"1\"><\/p>\n<p><br data-mce-bogus=\"1\"><\/p>\n","protected":false},"excerpt":{"rendered":"<p class=\"MsoNormal\" align=\"center\" style=\"text-align: left;\" data-mce-style=\"text-align: left;\">T\u00e9cnica mixta sobre<br \/>\nmadera. Pigmento con resina sint\u00e9tica y \u00f3leo.<o:p><\/o:p>\u00a0Mide 181 cm. de alto por 122 Cm. de largo<\/p>\n<p class=\"MsoNormal\" align=\"center\" style=\"text-align:center\"><o:p><\/o:p><\/p>\n<p><br data-mce-bogus=\"1\"><\/p>\n","protected":false},"featured_media":2021951,"template":"","meta":[],"product_brand":[],"product_cat":[614,863,177],"product_tag":[141,168,140,169,598],"class_list":{"0":"post-2021953","1":"product","2":"type-product","3":"status-publish","4":"has-post-thumbnail","6":"product_cat-artistas","7":"product_cat-cristina-aliste-miguel","8":"product_cat-paintings","9":"product_tag-arte-contemporaneo","10":"product_tag-arte-moderno-pintura","11":"product_tag-nueva-figuracion","12":"product_tag-oleo","13":"product_tag-tecnica-mixta","14":"product_shipping_class-caja","15":"pa_artistas-verificados-cristina-aliste-miguel","16":"pa_disciplina-pintura","17":"pa_estilo-nueva-figuracion","18":"pa_orientacion-vertical","19":"pa_tecnica-oleo","20":"pa_tecnica-resinas","21":"pa_tecnica-tecnica-mixta","22":"pa_tema-existencial","25":"instock","26":"sold-individually","27":"shipping-taxable","28":"purchasable","29":"product-type-simple"},"_links":{"self":[{"href":"https:\/\/forloveatart.com\/en\/wp-json\/wp\/v2\/product\/2021953","targetHints":{"allow":["GET"]}}],"collection":[{"href":"https:\/\/forloveatart.com\/en\/wp-json\/wp\/v2\/product"}],"about":[{"href":"https:\/\/forloveatart.com\/en\/wp-json\/wp\/v2\/types\/product"}],"version-history":[{"count":0,"href":"https:\/\/forloveatart.com\/en\/wp-json\/wp\/v2\/product\/2021953\/revisions"}],"wp:featuredmedia":[{"embeddable":true,"href":"https:\/\/forloveatart.com\/en\/wp-json\/wp\/v2\/media\/2021951"}],"wp:attachment":[{"href":"https:\/\/forloveatart.com\/en\/wp-json\/wp\/v2\/media?parent=2021953"}],"wp:term":[{"taxonomy":"product_brand","embeddable":true,"href":"https:\/\/forloveatart.com\/en\/wp-json\/wp\/v2\/product_brand?post=2021953"},{"taxonomy":"product_cat","embeddable":true,"href":"https:\/\/forloveatart.com\/en\/wp-json\/wp\/v2\/product_cat?post=2021953"},{"taxonomy":"product_tag","embeddable":true,"href":"https:\/\/forloveatart.com\/en\/wp-json\/wp\/v2\/product_tag?post=2021953"}],"curies":[{"name":"wp","href":"https:\/\/api.w.org\/{rel}","templated":true}]}}