{"id":2021980,"date":"2021-01-25T10:24:00","date_gmt":"2021-01-25T10:24:00","guid":{"rendered":"https:\/\/forloveatart.com\/product\/riot-v\/"},"modified":"2021-01-25T10:24:01","modified_gmt":"2021-01-25T10:24:01","slug":"riot-v","status":"publish","type":"product","link":"https:\/\/forloveatart.com\/en\/producto\/riot-v\/","title":{"rendered":"Riot V"},"content":{"rendered":"<p>Las piezas propuestas forman parte de la serie Riot. El proyecto \u201cRiot\u201d, est\u00e1 formado por m\u00e1s de una<br \/>\nveintena de obras, es una serie abierta y en constante crecimiento, alentada por la vertiginosa evoluci\u00f3n social,<br \/>\nreinante en el siglo veintiuno, o deber\u00edamos decir\u2026 regresi\u00f3n\u2026<br \/>\nEsta serie abarca la p\u00e9rdida de valores en el presente siglo, la ausencia de continuidad en la evoluci\u00f3n social<br \/>\ny cultural. Abre un debate a la reflexi\u00f3n, a trav\u00e9s de la des-contextualizaci\u00f3n de los elementos presentes en la obra.<br \/>\nEl concepto se apodera de esta serie, donde la idea es el aspecto m\u00e1s importante de producto art\u00edstico, la<br \/>\nest\u00e9tica queda relegada a un segundo plano<br \/>\nEl transfer se convierte en el protagonista, medio indispensable para llevar el concepto al l\u00edmite, una t\u00e9cnica<br \/>\nmanipulada, rasgada, intervenida; como manifiesto de lo erosionado, lo ro\u00eddo, lo deteriorado\u2026 Caracter\u00edsticas<br \/>\nintr\u00ednsecas al concepto que subyace en esta serie.<br \/>\nLas obras que se muestran a continuaci\u00f3n est\u00e1n realizadas sobre materiales pobres, tales como dm,<br \/>\naglomerados, etc. subrayando el valor conceptual de las obras que se enmarcan en la denuncia social.\u00a0<br data-mce-bogus=\"1\"><\/p>\n","protected":false},"excerpt":{"rendered":"<p><p class=\"MsoNormal\" align=\"center\" style=\"text-align:center\">T\u00e9cnica mixta sobre dm. <span style=\"font-size: 12pt; line-height: 115%;\">Transfer mediante\u00a0 proceso qu\u00edmico, t\u00e9cnicas secas y barnices. Mide 21 cm. de alto por 30 cm. de largo, obra de 2014.<\/span><\/p>\n<p class=\"MsoNormal\" align=\"center\" style=\"text-align:center\"><\/p>\n<p><br data-mce-bogus=\"1\"><\/p>\n","protected":false},"featured_media":2021978,"template":"","meta":[],"product_brand":[],"product_cat":[614,863,177],"product_tag":[141,870,598],"class_list":{"0":"post-2021980","1":"product","2":"type-product","3":"status-publish","4":"has-post-thumbnail","6":"product_cat-artistas","7":"product_cat-cristina-aliste-miguel","8":"product_cat-paintings","9":"product_tag-arte-contemporaneo","10":"product_tag-pintura-social","11":"product_tag-tecnica-mixta","12":"product_shipping_class-caja","13":"pa_artistas-verificados-cristina-aliste-miguel","14":"pa_disciplina-pintura","15":"pa_estilo-pintura-social","16":"pa_orientacion-horizontal","17":"pa_tecnica-pigmento-con-resina-sintetica","18":"pa_tecnica-tecnica-mixta","19":"pa_tecnica-transfer","20":"pa_tema-social","23":"instock","24":"sold-individually","25":"shipping-taxable","26":"purchasable","27":"product-type-simple"},"_links":{"self":[{"href":"https:\/\/forloveatart.com\/en\/wp-json\/wp\/v2\/product\/2021980","targetHints":{"allow":["GET"]}}],"collection":[{"href":"https:\/\/forloveatart.com\/en\/wp-json\/wp\/v2\/product"}],"about":[{"href":"https:\/\/forloveatart.com\/en\/wp-json\/wp\/v2\/types\/product"}],"version-history":[{"count":0,"href":"https:\/\/forloveatart.com\/en\/wp-json\/wp\/v2\/product\/2021980\/revisions"}],"wp:featuredmedia":[{"embeddable":true,"href":"https:\/\/forloveatart.com\/en\/wp-json\/wp\/v2\/media\/2021978"}],"wp:attachment":[{"href":"https:\/\/forloveatart.com\/en\/wp-json\/wp\/v2\/media?parent=2021980"}],"wp:term":[{"taxonomy":"product_brand","embeddable":true,"href":"https:\/\/forloveatart.com\/en\/wp-json\/wp\/v2\/product_brand?post=2021980"},{"taxonomy":"product_cat","embeddable":true,"href":"https:\/\/forloveatart.com\/en\/wp-json\/wp\/v2\/product_cat?post=2021980"},{"taxonomy":"product_tag","embeddable":true,"href":"https:\/\/forloveatart.com\/en\/wp-json\/wp\/v2\/product_tag?post=2021980"}],"curies":[{"name":"wp","href":"https:\/\/api.w.org\/{rel}","templated":true}]}}