{"id":2022011,"date":"2021-01-27T11:37:11","date_gmt":"2021-01-27T11:37:11","guid":{"rendered":"https:\/\/forloveatart.com\/product\/crepusculo\/"},"modified":"2021-03-15T17:43:28","modified_gmt":"2021-03-15T17:43:28","slug":"crepusculo","status":"publish","type":"product","link":"https:\/\/forloveatart.com\/en\/producto\/crepusculo\/","title":{"rendered":"CREP\u00daSCULO"},"content":{"rendered":"<p class=\"MsoNormal\"><span data-mce-style=\"font-size: 18.0pt; line-height: 107%;\" style=\"font-size: 18pt; line-height: 25.68px;\">SERIE<br \/>FOTOMONTAJES \u201cGEOMETR\u00cdA DE LO INVISIBLE\u201d<\/span><\/p>\n<pre data-mce-style=\"text-align: justify;\" style=\"text-align: justify;\"><span data-mce-style=\"font-size: 11.0pt;\" style=\"font-size: 11pt;\">\u00a0<\/span><span data-mce-style=\"font-size: 11.0pt;\" style=\"font-size: 11pt;\">Fotograf\u00edas de<span data-mce-style=\"mso-spacerun: yes;\">\u00a0 <\/span>la autora, trabajadas digitalmente, y reveladas sobre Forex, en tama\u00f1os medios-<br> grandes, que oscilan entre los 100 y<span data-mce-style=\"mso-spacerun: yes;\">\u00a0 <\/span>los 150 cm, en su lado mayor. Naturalezas<span data-mce-style=\"mso-spacerun: yes;\">\u00a0 <\/span>abstractas y geom\u00e9tricas.<br> El <\/span><span data-mce-style=\"font-size: 11.0pt;\" style=\"font-size: 11pt;\">trabajo parte de un juego de simetr\u00edas, seleccionando capas, <span data-mce-style=\"mso-spacerun: yes;\">\u00a0<\/span>que se multiplican, se solapan, se combinan, <br><span data-mce-style=\"mso-spacerun: yes;\">\u00a0<\/span>recreando, primero, paisajes surrealistas, dimensiones espaciales nuevas y descubriendo seres extra\u00f1os, para,<br> <span data-mce-style=\"mso-spacerun: yes;\">\u00a0<\/span>finalmente, llegar a una abstracci\u00f3n total, en la que se revelan estructuras geom\u00e9tricas org\u00e1nicas:<br> una Geometr\u00eda Sagrada revelada\u00a0 ante mis ojos, en una dimensi\u00f3n paralela a la dimensi\u00f3n de lo visible; <br>un Orden que parece sustentar todo. Cualquier otra manifestaci\u00f3n aparente, es un bello disfraz. Helena Zapke.<\/span><\/pre>\n<pre data-mce-style=\"text-align: justify;\" style=\"text-align: justify;\"><span data-mce-style=\"font-size: 11.0pt;\" style=\"font-size: 11pt;\">\u00a0<\/span><span data-mce-style=\"font-size: 11.0pt;\" style=\"font-size: 11pt;\">Esta serie form\u00f3 parte del proyecto presentado a la convocatoria de Patio Herreriano en su sala 0, en la que<br> resultamos seleccionados tres artistas. A continuaci\u00f3n, el texto de presentaci\u00f3n del proyecto a cargo del<br> catedr\u00e1tico de Historia del Arte, Jos\u00e9 Luis Cano de Gardoqui.<\/span><\/pre>\n<pre data-mce-style=\"text-align: justify;\" style=\"text-align: justify;\"><span data-mce-style=\"font-size: 11.0pt;\" style=\"font-size: 11pt;\">\u00a0<\/span><span data-mce-style=\"font-size: 9.5pt;\" style=\"font-size: 9.5pt;\">' Wo fass ich dich, unendliche Natur ' J.W.GOETHE -\u00a8\u00bfd\u00f3nde<br>te captar\u00e9, infinita naturaleza?-<\/span><\/pre>\n<p class=\"MsoNormal\" data-mce-style=\"mso-margin-top-alt: auto; mso-margin-bottom-alt: auto; text-align: justify; line-height: normal;\" style=\"text-align: justify; line-height: normal;\"><span data-mce-style=\"font-size: 12.0pt;\" style=\"font-size: 12pt;\">\u00a0<\/span><span data-mce-style=\"font-size: 9.5pt;\" style=\"font-size: 9.5pt;\">Tensi\u00f3n antag\u00f3nica desde siempre entre Naturaleza<br \/>-universo f\u00edsico, \u00fanico, infinito, y naturaleza del yo-universo del artista-<br \/>creador, tendente trabajosa, y en general, infructuosamente, hacia la unidad e<br \/>infinitud.<\/span><\/p>\n<p class=\"MsoNormal\" data-mce-style=\"mso-margin-top-alt: auto; mso-margin-bottom-alt: auto; text-align: justify; line-height: normal;\" style=\"text-align: justify; line-height: normal;\"><span data-mce-style=\"font-size: 9.5pt;\" style=\"font-size: 9.5pt;\">Tensi\u00f3n dirigida por la emoci\u00f3n hacia una<br \/>interpretaci\u00f3n, una materializaci\u00f3n de la segunda mediante el trabajo y la<br \/>acci\u00f3n creativa, que concluyen, o no, en una obra o serie de obras, a modo de<br \/>resumen abreviado de la lucha por aproximar, amoldar, decir, o ser sobrepasado<br \/>por la naturaleza.<\/span><\/p>\n<p class=\"MsoNormal\" data-mce-style=\"mso-margin-top-alt: auto; mso-margin-bottom-alt: auto; text-align: justify; line-height: normal;\" style=\"text-align: justify; line-height: normal;\"><span data-mce-style=\"font-size: 9.5pt;\" style=\"font-size: 9.5pt;\">Tales son los fundamentos de este proyecto de<br \/>comisariado: la investigaci\u00f3n, fabricaci\u00f3n y exposici\u00f3n de las v\u00edas y obras<br \/>resultantes de un largo proceso de reflexi\u00f3n, intuici\u00f3n y revelaci\u00f3n por parte<br \/>de tres artistas residentes en Valladolid.<\/span><\/p>\n<p class=\"MsoNormal\" data-mce-style=\"mso-margin-top-alt: auto; mso-margin-bottom-alt: auto; text-align: justify; line-height: normal;\" style=\"text-align: justify; line-height: normal;\"><span data-mce-style=\"font-size: 9.5pt;\" style=\"font-size: 9.5pt;\">Los tres, a trav\u00e9s de su trayectoria vital, cumplen<br \/>una ardua labor en el empe\u00f1o de desvelar, bien un orden impl\u00edcito, o una<br \/>geometr\u00eda oculta y sagrada en todo lo que vemos.<\/span><\/p>\n<p class=\"MsoNormal\" data-mce-style=\"mso-margin-top-alt: auto; mso-margin-bottom-alt: auto; text-align: justify; line-height: normal;\" style=\"text-align: justify; line-height: normal;\"><span data-mce-style=\"font-size: 9.5pt;\" style=\"font-size: 9.5pt;\">La producci\u00f3n de las obras que integrar\u00e1n la<br \/>exposici\u00f3n que se celebrar\u00e1 en la sala cero de museo Patio Herreriano , en<br \/>Valladolid, en el mes de diciembre, adquieren un mismo y \u00fanico sentido: la<br \/>mirada precisa y al tiempo, espiritual respecto a la naturaleza, donde<br \/>racionalidad, sentimiento, objetividad y subjetividad, certezas, desgarros y<br \/>visiones on\u00edricas, caminan de la mano.<\/span><\/p>\n<p class=\"MsoNormal\" data-mce-style=\"mso-margin-top-alt: auto; mso-margin-bottom-alt: auto; text-align: justify; line-height: normal;\" style=\"text-align: justify; line-height: normal;\"><span data-mce-style=\"font-size: 9.5pt;\" style=\"font-size: 9.5pt;\">Se plantea pues, no una simple exposici\u00f3n, sino una<br \/>muestra amalgamada, de visiones personales pero entrelazadas, y relacionadas,<br \/>en comuni\u00f3n de ansias y fines marcados en los fundamentos del proyecto.<\/span><\/p>\n","protected":false},"excerpt":{"rendered":"<p><span data-mce-style=\"font-size: 12.0pt;\" style=\"font-size: 12pt; text-indent: 56.7333px;\"><span data-mce-style=\"mso-spacerun: yes;\">\u00a0<\/span><\/span><span data-mce-style=\"text-indent: 56.7333px;\" style=\"text-indent: 56.7333px;\">\u00a0<\/span><span data-mce-style=\"text-indent: 56.7333px;\" style=\"text-indent: 56.7333px;\">Fotomontaje digital.\u00a0<\/span><span data-mce-style=\"text-indent: 56.7333px;\" style=\"text-indent: 56.7333px;\">Revelado sobre forex. Mide 70 cm. de alto por\u00a0 21 cm. de largo. Obra de 2017.<\/span><\/p>\n<p><\/p>\n","protected":false},"featured_media":2022009,"template":"","meta":[],"product_brand":[],"product_cat":[614,644,874],"product_tag":[141,646],"class_list":{"0":"post-2022011","1":"product","2":"type-product","3":"status-publish","4":"has-post-thumbnail","6":"product_cat-artistas","7":"product_cat-fotografia","8":"product_cat-helena-zapke","9":"product_tag-arte-contemporaneo","10":"product_tag-fotografia","11":"product_shipping_class-caja","12":"pa_disciplina-fotografia","13":"pa_disciplina-fotomontaje","14":"pa_estilo-eclectico","15":"pa_orientacion-vertical","16":"pa_tecnica-digital","17":"pa_tecnica-fotografia","18":"pa_tecnica-fotomontaje","19":"pa_tema-naturaleza","22":"instock","23":"sold-individually","24":"shipping-taxable","25":"purchasable","26":"product-type-simple"},"_links":{"self":[{"href":"https:\/\/forloveatart.com\/en\/wp-json\/wp\/v2\/product\/2022011","targetHints":{"allow":["GET"]}}],"collection":[{"href":"https:\/\/forloveatart.com\/en\/wp-json\/wp\/v2\/product"}],"about":[{"href":"https:\/\/forloveatart.com\/en\/wp-json\/wp\/v2\/types\/product"}],"version-history":[{"count":0,"href":"https:\/\/forloveatart.com\/en\/wp-json\/wp\/v2\/product\/2022011\/revisions"}],"wp:featuredmedia":[{"embeddable":true,"href":"https:\/\/forloveatart.com\/en\/wp-json\/wp\/v2\/media\/2022009"}],"wp:attachment":[{"href":"https:\/\/forloveatart.com\/en\/wp-json\/wp\/v2\/media?parent=2022011"}],"wp:term":[{"taxonomy":"product_brand","embeddable":true,"href":"https:\/\/forloveatart.com\/en\/wp-json\/wp\/v2\/product_brand?post=2022011"},{"taxonomy":"product_cat","embeddable":true,"href":"https:\/\/forloveatart.com\/en\/wp-json\/wp\/v2\/product_cat?post=2022011"},{"taxonomy":"product_tag","embeddable":true,"href":"https:\/\/forloveatart.com\/en\/wp-json\/wp\/v2\/product_tag?post=2022011"}],"curies":[{"name":"wp","href":"https:\/\/api.w.org\/{rel}","templated":true}]}}