{"id":2022014,"date":"2021-01-27T11:45:00","date_gmt":"2021-01-27T11:45:00","guid":{"rendered":"https:\/\/forloveatart.com\/product\/atardecer\/"},"modified":"2021-03-15T17:55:49","modified_gmt":"2021-03-15T17:55:49","slug":"atardecer","status":"publish","type":"product","link":"https:\/\/forloveatart.com\/en\/producto\/atardecer\/","title":{"rendered":"ATARDECER"},"content":{"rendered":"<p class=\"MsoNormal\"><img decoding=\"async\" class=\"wp-more-tag mce-wp-more\" title=\"Leer m\u00e1s...\" src=\"data:image\/gif;base64,R0lGODlhAQABAIAAAAAAAP\/\/\/yH5BAEAAAAALAAAAAABAAEAAAIBRAA7\" alt=\"\" data-wp-more=\"more\" data-mce-resize=\"false\" data-mce-placeholder=\"1\"><\/p>\n<p class=\"MsoNormal\" data-mce-style=\"mso-margin-top-alt: auto; mso-margin-bottom-alt: auto; text-align: justify; line-height: normal;\" style=\"text-align: justify; line-height: normal;\"><span data-mce-style=\"font-size: 12.0pt;\" style=\"font-size: 12pt;\">\u00a0<\/span><span data-mce-style=\"font-size: 9.5pt;\" style=\"font-size: 9.5pt;\">Tensi\u00f3n antag\u00f3nica desde siempre entre Naturaleza<br \/>-universo f\u00edsico, \u00fanico, infinito, y naturaleza del yo-universo del artista-<br \/>creador, tendente trabajosa, y en general, infructuosamente, hacia la unidad e<br \/>infinitud.<\/span><\/p>\n<p class=\"MsoNormal\" data-mce-style=\"mso-margin-top-alt: auto; mso-margin-bottom-alt: auto; text-align: justify; line-height: normal;\" style=\"text-align: justify; line-height: normal;\"><span data-mce-style=\"font-size: 9.5pt;\" style=\"font-size: 9.5pt;\">Tensi\u00f3n dirigida por la emoci\u00f3n hacia una<br \/>interpretaci\u00f3n, una materializaci\u00f3n de la segunda mediante el trabajo y la<br \/>acci\u00f3n creativa, que concluyen, o no, en una obra o serie de obras, a modo de<br \/>resumen abreviado de la lucha por aproximar, amoldar, decir, o ser sobrepasado<br \/>por la naturaleza.<\/span><\/p>\n<p class=\"MsoNormal\" data-mce-style=\"mso-margin-top-alt: auto; mso-margin-bottom-alt: auto; text-align: justify; line-height: normal;\" style=\"text-align: justify; line-height: normal;\"><span data-mce-style=\"font-size: 9.5pt;\" style=\"font-size: 9.5pt;\">Tales son los fundamentos de este proyecto de<br \/>comisariado: la investigaci\u00f3n, fabricaci\u00f3n y exposici\u00f3n de las v\u00edas y obras<br \/>resultantes de un largo proceso de reflexi\u00f3n, intuici\u00f3n y revelaci\u00f3n por parte<br \/>de tres artistas residentes en Valladolid.<\/span><\/p>\n<p class=\"MsoNormal\" data-mce-style=\"mso-margin-top-alt: auto; mso-margin-bottom-alt: auto; text-align: justify; line-height: normal;\" style=\"text-align: justify; line-height: normal;\"><span data-mce-style=\"font-size: 9.5pt;\" style=\"font-size: 9.5pt;\">Los tres, a trav\u00e9s de su trayectoria vital, cumplen<br \/>una ardua labor en el empe\u00f1o de desvelar, bien un orden impl\u00edcito, o una<br \/>geometr\u00eda oculta y sagrada en todo lo que vemos.<\/span><\/p>\n<p class=\"MsoNormal\" data-mce-style=\"mso-margin-top-alt: auto; mso-margin-bottom-alt: auto; text-align: justify; line-height: normal;\" style=\"text-align: justify; line-height: normal;\"><span data-mce-style=\"font-size: 9.5pt;\" style=\"font-size: 9.5pt;\">La producci\u00f3n de las obras que integrar\u00e1n la<br \/>exposici\u00f3n que se celebrar\u00e1 en la sala cero de museo Patio Herreriano , en<br \/>Valladolid, en el mes de diciembre, adquieren un mismo y \u00fanico sentido: la<br \/>mirada precisa y al tiempo, espiritual respecto a la naturaleza, donde<br \/>racionalidad, sentimiento, objetividad y subjetividad, certezas, desgarros y<br \/>visiones on\u00edricas, caminan de la mano.<\/span><\/p>\n<p class=\"MsoNormal\" data-mce-style=\"mso-margin-top-alt: auto; mso-margin-bottom-alt: auto; text-align: justify; line-height: normal;\" style=\"text-align: justify; line-height: normal;\"><span data-mce-style=\"font-size: 9.5pt;\" style=\"font-size: 9.5pt;\">Se plantea pues, no una simple exposici\u00f3n, sino una<br \/>muestra amalgamada, de visiones personales pero entrelazadas, y relacionadas,<br \/>en comuni\u00f3n de ansias y fines marcados en los fundamentos del proyecto.<\/span><\/p>\n<p class=\"MsoNormal\" style=\"mso-margin-top-alt: auto; mso-margin-bottom-alt: auto; text-align: justify; line-height: normal;\" data-mce-style=\"mso-margin-top-alt: auto; mso-margin-bottom-alt: auto; text-align: justify; line-height: normal;\"><span style=\"font-size: 9.5pt;\" data-mce-style=\"font-size: 9.5pt;\">\u00a0<\/span><\/p>\n","protected":false},"excerpt":{"rendered":"<p><span data-mce-style=\"font-size: 12.0pt;\" style=\"font-size: 12pt; text-indent: 56.7333px;\"><span data-mce-style=\"mso-spacerun: yes;\">\u00a0<\/span><\/span><span data-mce-style=\"text-indent: 56.7333px;\" style=\"text-indent: 56.7333px;\">\u00a0<\/span><span data-mce-style=\"text-indent: 56.7333px;\" style=\"text-indent: 56.7333px;\">Fotomontaje digital.\u00a0<\/span><span data-mce-style=\"text-indent: 56.7333px;\" style=\"text-indent: 56.7333px;\">Revelado sobre forex. Mide 100 cm. de alto por\u00a0 100 cm. de largo. Obra de 2017.<\/span><\/p>\n<p class=\"MsoNormal\" style=\"mso-margin-top-alt: auto; mso-margin-bottom-alt: auto; text-align: justify; line-height: normal;\" data-mce-style=\"mso-margin-top-alt: auto; mso-margin-bottom-alt: auto; text-align: justify; line-height: normal;\"><span style=\"font-size: 12.0pt;\" data-mce-style=\"font-size: 12.0pt;\">\u00a0<\/span><\/p>\n","protected":false},"featured_media":2022012,"template":"","meta":[],"product_brand":[],"product_cat":[614,644,874],"product_tag":[141,646],"class_list":{"0":"post-2022014","1":"product","2":"type-product","3":"status-publish","4":"has-post-thumbnail","6":"product_cat-artistas","7":"product_cat-fotografia","8":"product_cat-helena-zapke","9":"product_tag-arte-contemporaneo","10":"product_tag-fotografia","11":"product_shipping_class-caja","12":"pa_disciplina-fotografia","13":"pa_estilo-conceptual","14":"pa_orientacion-cuadrado","15":"pa_tecnica-digital","16":"pa_tecnica-fotografia","17":"pa_tecnica-fotomontaje","18":"pa_tema-naturaleza","21":"instock","22":"sold-individually","23":"shipping-taxable","24":"purchasable","25":"product-type-simple"},"_links":{"self":[{"href":"https:\/\/forloveatart.com\/en\/wp-json\/wp\/v2\/product\/2022014","targetHints":{"allow":["GET"]}}],"collection":[{"href":"https:\/\/forloveatart.com\/en\/wp-json\/wp\/v2\/product"}],"about":[{"href":"https:\/\/forloveatart.com\/en\/wp-json\/wp\/v2\/types\/product"}],"version-history":[{"count":0,"href":"https:\/\/forloveatart.com\/en\/wp-json\/wp\/v2\/product\/2022014\/revisions"}],"wp:featuredmedia":[{"embeddable":true,"href":"https:\/\/forloveatart.com\/en\/wp-json\/wp\/v2\/media\/2022012"}],"wp:attachment":[{"href":"https:\/\/forloveatart.com\/en\/wp-json\/wp\/v2\/media?parent=2022014"}],"wp:term":[{"taxonomy":"product_brand","embeddable":true,"href":"https:\/\/forloveatart.com\/en\/wp-json\/wp\/v2\/product_brand?post=2022014"},{"taxonomy":"product_cat","embeddable":true,"href":"https:\/\/forloveatart.com\/en\/wp-json\/wp\/v2\/product_cat?post=2022014"},{"taxonomy":"product_tag","embeddable":true,"href":"https:\/\/forloveatart.com\/en\/wp-json\/wp\/v2\/product_tag?post=2022014"}],"curies":[{"name":"wp","href":"https:\/\/api.w.org\/{rel}","templated":true}]}}