{"id":2022051,"date":"2021-02-03T13:25:54","date_gmt":"2021-02-03T13:25:54","guid":{"rendered":"https:\/\/forloveatart.com\/product\/paisaje-de-otono-ii-2\/"},"modified":"2024-12-09T08:17:05","modified_gmt":"2024-12-09T08:17:05","slug":"paisaje-de-otono-ii-2","status":"publish","type":"product","link":"https:\/\/forloveatart.com\/en\/producto\/paisaje-de-otono-ii-2\/","title":{"rendered":"Paisaje de oto\u00f1o II"},"content":{"rendered":"<p>Obra reciente de la artista Marietta Negueruela, destaca la utilizaci\u00f3n de colores metalizados y c\u00e1lidos.<\/p>\n","protected":false},"excerpt":{"rendered":"<p>Pintura acr\u00edlica sobre madera, mide 19 cm. de alto por 24 cm. de largo, grosor 1 cm.<\/p>\n","protected":false},"featured_media":2022049,"template":"","meta":[],"product_brand":[],"product_cat":[614,592,622],"product_tag":[173,141,145,714],"class_list":{"0":"post-2022051","1":"product","2":"type-product","3":"status-publish","4":"has-post-thumbnail","6":"product_cat-artistas","7":"product_cat-iniciacion-al-coleccionismo","8":"product_cat-marietta-negueruela","9":"product_tag-acrilico","10":"product_tag-arte-contemporaneo","11":"product_tag-fauvismo","12":"product_tag-paisaje-metafisico","13":"product_shipping_class-caja","14":"pa_artistas-verificados-marietta-negueruela","15":"pa_disciplina-pintura","16":"pa_estilo-geometrico","17":"pa_orientacion-horizontal","18":"pa_tecnica-acrilico","19":"pa_tecnica-madera","20":"pa_tema-paisaje","23":"outofstock","24":"sold-individually","25":"shipping-taxable","26":"purchasable","27":"product-type-simple"},"_links":{"self":[{"href":"https:\/\/forloveatart.com\/en\/wp-json\/wp\/v2\/product\/2022051","targetHints":{"allow":["GET"]}}],"collection":[{"href":"https:\/\/forloveatart.com\/en\/wp-json\/wp\/v2\/product"}],"about":[{"href":"https:\/\/forloveatart.com\/en\/wp-json\/wp\/v2\/types\/product"}],"version-history":[{"count":0,"href":"https:\/\/forloveatart.com\/en\/wp-json\/wp\/v2\/product\/2022051\/revisions"}],"wp:featuredmedia":[{"embeddable":true,"href":"https:\/\/forloveatart.com\/en\/wp-json\/wp\/v2\/media\/2022049"}],"wp:attachment":[{"href":"https:\/\/forloveatart.com\/en\/wp-json\/wp\/v2\/media?parent=2022051"}],"wp:term":[{"taxonomy":"product_brand","embeddable":true,"href":"https:\/\/forloveatart.com\/en\/wp-json\/wp\/v2\/product_brand?post=2022051"},{"taxonomy":"product_cat","embeddable":true,"href":"https:\/\/forloveatart.com\/en\/wp-json\/wp\/v2\/product_cat?post=2022051"},{"taxonomy":"product_tag","embeddable":true,"href":"https:\/\/forloveatart.com\/en\/wp-json\/wp\/v2\/product_tag?post=2022051"}],"curies":[{"name":"wp","href":"https:\/\/api.w.org\/{rel}","templated":true}]}}