{"id":2022099,"date":"2021-02-14T10:41:41","date_gmt":"2021-02-14T10:41:41","guid":{"rendered":"https:\/\/forloveatart.com\/product\/dialogos-xlii\/"},"modified":"2023-02-08T20:25:38","modified_gmt":"2023-02-08T20:25:38","slug":"dialogos-xlii","status":"publish","type":"product","link":"https:\/\/forloveatart.com\/en\/producto\/dialogos-xlii\/","title":{"rendered":"Di\u00e1logos XLII"},"content":{"rendered":"<p>Serie &#8220;Dicotom\u00edas&#8221;. Obra perteneciente a un proyecto basado en el concepto dicotom\u00edas y en el que me valgo de la abstracci\u00f3n y de la figuraci\u00f3n para desarrollarlo. \u00bfD\u00f3nde se sit\u00faan los l\u00edmites de una definici\u00f3n o concepto?<\/p>\n","protected":false},"excerpt":{"rendered":"<p>Pintura, Acr\u00edlico sobre tabla, mide 30 cm. de alto por 30 cm. de largo. Obra realizada en 2021<\/p>\n","protected":false},"featured_media":2022097,"template":"","meta":[],"product_brand":[],"product_cat":[614,883,177],"product_tag":[173,141,131],"class_list":{"0":"post-2022099","1":"product","2":"type-product","3":"status-publish","4":"has-post-thumbnail","6":"product_cat-artistas","7":"product_cat-miguel-gonzalez-frade","8":"product_cat-paintings","9":"product_tag-acrilico","10":"product_tag-arte-contemporaneo","11":"product_tag-nuevo-realismo","12":"product_shipping_class-caja","13":"pa_artistas-verificados-miguel-gonzalez-frade","14":"pa_disciplina-pintura","15":"pa_estilo-realismo-magico","16":"pa_orientacion-cuadrado","17":"pa_tecnica-acrilico","18":"pa_tecnica-madera","19":"pa_tema-urbano","22":"instock","23":"sold-individually","24":"shipping-taxable","25":"purchasable","26":"product-type-simple"},"_links":{"self":[{"href":"https:\/\/forloveatart.com\/en\/wp-json\/wp\/v2\/product\/2022099","targetHints":{"allow":["GET"]}}],"collection":[{"href":"https:\/\/forloveatart.com\/en\/wp-json\/wp\/v2\/product"}],"about":[{"href":"https:\/\/forloveatart.com\/en\/wp-json\/wp\/v2\/types\/product"}],"version-history":[{"count":0,"href":"https:\/\/forloveatart.com\/en\/wp-json\/wp\/v2\/product\/2022099\/revisions"}],"wp:featuredmedia":[{"embeddable":true,"href":"https:\/\/forloveatart.com\/en\/wp-json\/wp\/v2\/media\/2022097"}],"wp:attachment":[{"href":"https:\/\/forloveatart.com\/en\/wp-json\/wp\/v2\/media?parent=2022099"}],"wp:term":[{"taxonomy":"product_brand","embeddable":true,"href":"https:\/\/forloveatart.com\/en\/wp-json\/wp\/v2\/product_brand?post=2022099"},{"taxonomy":"product_cat","embeddable":true,"href":"https:\/\/forloveatart.com\/en\/wp-json\/wp\/v2\/product_cat?post=2022099"},{"taxonomy":"product_tag","embeddable":true,"href":"https:\/\/forloveatart.com\/en\/wp-json\/wp\/v2\/product_tag?post=2022099"}],"curies":[{"name":"wp","href":"https:\/\/api.w.org\/{rel}","templated":true}]}}