{"id":2022135,"date":"2021-02-14T12:15:01","date_gmt":"2021-02-14T12:15:01","guid":{"rendered":"https:\/\/forloveatart.com\/product\/dialogos-08\/"},"modified":"2023-02-08T20:25:37","modified_gmt":"2023-02-08T20:25:37","slug":"dialogos-08","status":"publish","type":"product","link":"https:\/\/forloveatart.com\/en\/producto\/dialogos-08\/","title":{"rendered":"Di\u00e1logos 08"},"content":{"rendered":"<p>Serie &#8220;Dicotom\u00edas&#8221;. Obra perteneciente a un proyecto basado en el concepto dicotom\u00edas y en el que me valgo de la abstracci\u00f3n y de la figuraci\u00f3n para desarrollarlo. \u00bfD\u00f3nde se sit\u00faan los l\u00edmites de una definici\u00f3n o concepto?<\/p>\n","protected":false},"excerpt":{"rendered":"<p>Pintura, acr\u00edlico sobre cart\u00f3n, mide 37 cm. de alto por 37 cm. de largo. Obra de 2017.<\/p>\n","protected":false},"featured_media":2022109,"template":"","meta":[],"product_brand":[],"product_cat":[614,883,177],"product_tag":[173,141,145,140],"class_list":{"0":"post-2022135","1":"product","2":"type-product","3":"status-publish","4":"has-post-thumbnail","6":"product_cat-artistas","7":"product_cat-miguel-gonzalez-frade","8":"product_cat-paintings","9":"product_tag-acrilico","10":"product_tag-arte-contemporaneo","11":"product_tag-fauvismo","12":"product_tag-nueva-figuracion","13":"product_shipping_class-caja","14":"pa_artistas-verificados-miguel-gonzalez-frade","15":"pa_disciplina-pintura","16":"pa_estilo-figurativo","17":"pa_orientacion-cuadrado","18":"pa_tecnica-acrilico","19":"pa_tema-animales","22":"instock","23":"sold-individually","24":"shipping-taxable","25":"purchasable","26":"product-type-simple"},"_links":{"self":[{"href":"https:\/\/forloveatart.com\/en\/wp-json\/wp\/v2\/product\/2022135","targetHints":{"allow":["GET"]}}],"collection":[{"href":"https:\/\/forloveatart.com\/en\/wp-json\/wp\/v2\/product"}],"about":[{"href":"https:\/\/forloveatart.com\/en\/wp-json\/wp\/v2\/types\/product"}],"version-history":[{"count":0,"href":"https:\/\/forloveatart.com\/en\/wp-json\/wp\/v2\/product\/2022135\/revisions"}],"wp:featuredmedia":[{"embeddable":true,"href":"https:\/\/forloveatart.com\/en\/wp-json\/wp\/v2\/media\/2022109"}],"wp:attachment":[{"href":"https:\/\/forloveatart.com\/en\/wp-json\/wp\/v2\/media?parent=2022135"}],"wp:term":[{"taxonomy":"product_brand","embeddable":true,"href":"https:\/\/forloveatart.com\/en\/wp-json\/wp\/v2\/product_brand?post=2022135"},{"taxonomy":"product_cat","embeddable":true,"href":"https:\/\/forloveatart.com\/en\/wp-json\/wp\/v2\/product_cat?post=2022135"},{"taxonomy":"product_tag","embeddable":true,"href":"https:\/\/forloveatart.com\/en\/wp-json\/wp\/v2\/product_tag?post=2022135"}],"curies":[{"name":"wp","href":"https:\/\/api.w.org\/{rel}","templated":true}]}}