{"id":2022143,"date":"2021-02-14T13:05:18","date_gmt":"2021-02-14T13:05:18","guid":{"rendered":"https:\/\/forloveatart.com\/product\/dialogos-xxiv\/"},"modified":"2023-02-08T20:25:36","modified_gmt":"2023-02-08T20:25:36","slug":"dialogos-xxiv","status":"publish","type":"product","link":"https:\/\/forloveatart.com\/en\/producto\/dialogos-xxiv\/","title":{"rendered":"Di\u00e1logos XXIV"},"content":{"rendered":"<p>Serie &#8220;Dicotom\u00edas&#8221;. Obra perteneciente a un proyecto basado en el concepto dicotom\u00edas y en el que me valgo de la abstracci\u00f3n y de la figuraci\u00f3n para desarrollarlo. \u00bfD\u00f3nde se sit\u00faan los l\u00edmites de una definici\u00f3n o concepto?<\/p>\n","protected":false},"excerpt":{"rendered":"<p>Pintura, t\u00e9cnica mixta (acr\u00edlico, temple vin\u00edlico, collage y transferencia sobre tabla), mide 30 cm. de alto por 30 cm. de largo. Obra de2019.<\/p>\n","protected":false},"featured_media":2022117,"template":"","meta":[],"product_brand":[],"product_cat":[614,883,177],"product_tag":[141,887,598],"class_list":{"0":"post-2022143","1":"product","2":"type-product","3":"status-publish","4":"has-post-thumbnail","6":"product_cat-artistas","7":"product_cat-miguel-gonzalez-frade","8":"product_cat-paintings","9":"product_tag-arte-contemporaneo","10":"product_tag-pop","11":"product_tag-tecnica-mixta","12":"product_shipping_class-caja","13":"pa_artistas-verificados-miguel-gonzalez-frade","14":"pa_disciplina-pintura","15":"pa_estilo-pop","16":"pa_orientacion-cuadrado","17":"pa_tecnica-tecnica-mixta","18":"pa_tema-objetos-cotidianos","21":"instock","22":"sold-individually","23":"shipping-taxable","24":"purchasable","25":"product-type-simple"},"_links":{"self":[{"href":"https:\/\/forloveatart.com\/en\/wp-json\/wp\/v2\/product\/2022143","targetHints":{"allow":["GET"]}}],"collection":[{"href":"https:\/\/forloveatart.com\/en\/wp-json\/wp\/v2\/product"}],"about":[{"href":"https:\/\/forloveatart.com\/en\/wp-json\/wp\/v2\/types\/product"}],"version-history":[{"count":0,"href":"https:\/\/forloveatart.com\/en\/wp-json\/wp\/v2\/product\/2022143\/revisions"}],"wp:featuredmedia":[{"embeddable":true,"href":"https:\/\/forloveatart.com\/en\/wp-json\/wp\/v2\/media\/2022117"}],"wp:attachment":[{"href":"https:\/\/forloveatart.com\/en\/wp-json\/wp\/v2\/media?parent=2022143"}],"wp:term":[{"taxonomy":"product_brand","embeddable":true,"href":"https:\/\/forloveatart.com\/en\/wp-json\/wp\/v2\/product_brand?post=2022143"},{"taxonomy":"product_cat","embeddable":true,"href":"https:\/\/forloveatart.com\/en\/wp-json\/wp\/v2\/product_cat?post=2022143"},{"taxonomy":"product_tag","embeddable":true,"href":"https:\/\/forloveatart.com\/en\/wp-json\/wp\/v2\/product_tag?post=2022143"}],"curies":[{"name":"wp","href":"https:\/\/api.w.org\/{rel}","templated":true}]}}