{"id":2022162,"date":"2021-02-14T17:53:14","date_gmt":"2021-02-14T17:53:14","guid":{"rendered":"https:\/\/forloveatart.com\/product\/amenaza-i\/"},"modified":"2023-02-08T20:25:04","modified_gmt":"2023-02-08T20:25:04","slug":"amenaza-i","status":"publish","type":"product","link":"https:\/\/forloveatart.com\/en\/producto\/amenaza-i\/","title":{"rendered":"Amenaza I"},"content":{"rendered":"<p>Obra que pertenece a la serie, Estado de alarma \u201cEl amarillo contemplado directamente inquieta al espectador, le molesta y le excita y descubre el matiz de violencia expresado en el color, que act\u00faa descarada e insistentemente sobre su sensibilidad. Esta caracter\u00edstica del amarillo, que tiende siempre a los tonos m\u00e1s claros, puede acentuarse hasta un grado de fuerza y estridencia insoportables para el ojo y el alma\u201d KANDINSKY, Vasili. \u201cDe lo espiritual en el arte\u201d.\u00a0<\/p>\n","protected":false},"excerpt":{"rendered":"<p>Pintura, acuarela y grafito sobre papel. El papel mide 28,5 cm. de alto por 21 cm.de largo y el dibujo 15 cm. por 15 cm. Obra de 2020.<\/p>\n","protected":false},"featured_media":2022146,"template":"","meta":[],"product_brand":[],"product_cat":[614,883,177],"product_tag":[164,141,596],"class_list":{"0":"post-2022162","1":"product","2":"type-product","3":"status-publish","4":"has-post-thumbnail","6":"product_cat-artistas","7":"product_cat-miguel-gonzalez-frade","8":"product_cat-paintings","9":"product_tag-acuarela","10":"product_tag-arte-contemporaneo","11":"product_tag-paisaje-urbano","12":"product_shipping_class-caja","13":"pa_artistas-verificados-miguel-gonzalez-frade","14":"pa_disciplina-acuarela","15":"pa_estilo-figurativo","16":"pa_orientacion-cuadrado","17":"pa_tecnica-acuarela","18":"pa_tema-urbano","21":"instock","22":"sold-individually","23":"shipping-taxable","24":"purchasable","25":"product-type-simple"},"_links":{"self":[{"href":"https:\/\/forloveatart.com\/en\/wp-json\/wp\/v2\/product\/2022162","targetHints":{"allow":["GET"]}}],"collection":[{"href":"https:\/\/forloveatart.com\/en\/wp-json\/wp\/v2\/product"}],"about":[{"href":"https:\/\/forloveatart.com\/en\/wp-json\/wp\/v2\/types\/product"}],"version-history":[{"count":0,"href":"https:\/\/forloveatart.com\/en\/wp-json\/wp\/v2\/product\/2022162\/revisions"}],"wp:featuredmedia":[{"embeddable":true,"href":"https:\/\/forloveatart.com\/en\/wp-json\/wp\/v2\/media\/2022146"}],"wp:attachment":[{"href":"https:\/\/forloveatart.com\/en\/wp-json\/wp\/v2\/media?parent=2022162"}],"wp:term":[{"taxonomy":"product_brand","embeddable":true,"href":"https:\/\/forloveatart.com\/en\/wp-json\/wp\/v2\/product_brand?post=2022162"},{"taxonomy":"product_cat","embeddable":true,"href":"https:\/\/forloveatart.com\/en\/wp-json\/wp\/v2\/product_cat?post=2022162"},{"taxonomy":"product_tag","embeddable":true,"href":"https:\/\/forloveatart.com\/en\/wp-json\/wp\/v2\/product_tag?post=2022162"}],"curies":[{"name":"wp","href":"https:\/\/api.w.org\/{rel}","templated":true}]}}