{"id":2022181,"date":"2021-02-17T16:57:33","date_gmt":"2021-02-17T16:57:33","guid":{"rendered":"https:\/\/forloveatart.com\/product\/sopa-numero-1-huevo_-eiersuppe\/"},"modified":"2021-02-17T16:57:33","modified_gmt":"2021-02-17T16:57:33","slug":"sopa-numero-1-huevo_-eiersuppe","status":"publish","type":"product","link":"https:\/\/forloveatart.com\/en\/producto\/sopa-numero-1-huevo_-eiersuppe\/","title":{"rendered":"Sopa N\u00famero 1 ,Huevo_ Eiersuppe"},"content":{"rendered":"<p><p><span style=\"font-size:11.0pt;font-family:\"Calibri\",sans-serif;\nmso-ascii-theme-font:minor-latin;mso-fareast-font-family:\"Times New Roman\";\nmso-hansi-theme-font:minor-latin;mso-bidi-font-family:\"Times New Roman\";\nmso-bidi-theme-font:minor-bidi;mso-ansi-language:ES;mso-fareast-language:ES;\nmso-bidi-language:AR-SA\">Las fotograf\u00edas de la colecci\u00f3n SUPPEN son ediciones<br \/>\nlimitadas<\/span><\/p>\n<p class=\"MsoNormal\"><span style=\"mso-fareast-font-family:\"Times New Roman\"\">Las<\/span> fotograf\u00edas<span style=\"mso-fareast-font-family:\"Times New Roman\"\">\u00a0se entregan con el correspondiente certificado de autenticidad en<br \/>\nel que se acredita el n\u00famero de copia debidamente sellado y firmado por el<br \/>\nautor.<\/span><\/p>\n<p><u1:p class=\"\"><\/u1:p><\/p>\n<p class=\"MsoNormal\"><span style=\"mso-fareast-font-family:\"Times New Roman\"\">La<br \/>\nedici\u00f3n de la colecci\u00f3n es de 25 unidades y pueden estar disponibles en tres<br \/>\ndiferentes tama\u00f1os:<\/span><\/p>\n<p class=\"MsoNormal\"><span style=\"mso-ascii-font-family:Calibri;mso-hansi-font-family:\nCalibri;mso-bidi-font-family:Calibri\">50 x 50 cm \u2014\u2014\u2014 900\u20ac<o:p><\/o:p><\/span><\/p>\n<p class=\"MsoNormal\"><span style=\"mso-ascii-font-family:Calibri;mso-hansi-font-family:\nCalibri;mso-bidi-font-family:Calibri\">70 x 70 cm \u2014\u2014 &#8211; \u00a0 1100\u20ac<o:p><\/o:p><\/span><\/p>\n<p class=\"MsoNormal\"><span style=\"mso-ascii-font-family:Calibri;mso-hansi-font-family:\nCalibri;mso-bidi-font-family:Calibri\">90 x 90 cm\u2014\u2014\u2014 \u00a01700 \u20ac<o:p><\/o:p><\/span><\/p>\n<p><br data-mce-bogus=\"1\"><\/p>\n","protected":false},"excerpt":{"rendered":"<p><span style=\"font-family: Calibri, sans-serif; font-size: 14.6667px;\">Las fotograf\u00edas de la colecci\u00f3n SUPPEN son ediciones limitadas<\/span><br data-mce-bogus=\"1\"><\/p>\n<p class=\"MsoNormal\">La edici\u00f3n de la colecci\u00f3n es de 25 unidades y pueden estar disponibles en tres diferentes tama\u00f1os:<\/p>\n<p class=\"MsoNormal\">50 x 50 cm \u2014\u2014\u2014 900\u20ac<o:p><\/o:p><\/p>\n<p class=\"MsoNormal\">70 x 70 cm \u2014\u2014 &#8211; \u00a0 1100\u20ac<o:p><\/o:p><\/p>\n<p class=\"MsoNormal\">90 x 90 cm\u2014\u2014\u2014 \u00a01700 \u20ac<\/p>\n","protected":false},"featured_media":2022179,"template":"","meta":[],"product_brand":[],"product_cat":[614,644,889],"product_tag":[141,646,133,154],"class_list":{"0":"post-2022181","1":"product","2":"type-product","3":"status-publish","4":"has-post-thumbnail","6":"product_cat-artistas","7":"product_cat-fotografia","8":"product_cat-miguel-vallinas","9":"product_tag-arte-contemporaneo","10":"product_tag-fotografia","11":"product_tag-realismo-magico","12":"product_tag-surrealismo","13":"product_shipping_class-caja","14":"pa_artistas-verificados-miguel-vallinas","15":"pa_disciplina-fotografia","16":"pa_estilo-realismo-magico","17":"pa_orientacion-cuadrado","18":"pa_tecnica-fotografia","19":"pa_tema-bodegon","22":"instock","23":"shipping-taxable","24":"purchasable","25":"product-type-simple"},"_links":{"self":[{"href":"https:\/\/forloveatart.com\/en\/wp-json\/wp\/v2\/product\/2022181","targetHints":{"allow":["GET"]}}],"collection":[{"href":"https:\/\/forloveatart.com\/en\/wp-json\/wp\/v2\/product"}],"about":[{"href":"https:\/\/forloveatart.com\/en\/wp-json\/wp\/v2\/types\/product"}],"version-history":[{"count":0,"href":"https:\/\/forloveatart.com\/en\/wp-json\/wp\/v2\/product\/2022181\/revisions"}],"wp:featuredmedia":[{"embeddable":true,"href":"https:\/\/forloveatart.com\/en\/wp-json\/wp\/v2\/media\/2022179"}],"wp:attachment":[{"href":"https:\/\/forloveatart.com\/en\/wp-json\/wp\/v2\/media?parent=2022181"}],"wp:term":[{"taxonomy":"product_brand","embeddable":true,"href":"https:\/\/forloveatart.com\/en\/wp-json\/wp\/v2\/product_brand?post=2022181"},{"taxonomy":"product_cat","embeddable":true,"href":"https:\/\/forloveatart.com\/en\/wp-json\/wp\/v2\/product_cat?post=2022181"},{"taxonomy":"product_tag","embeddable":true,"href":"https:\/\/forloveatart.com\/en\/wp-json\/wp\/v2\/product_tag?post=2022181"}],"curies":[{"name":"wp","href":"https:\/\/api.w.org\/{rel}","templated":true}]}}