{"id":2022326,"date":"2021-03-11T20:43:28","date_gmt":"2021-03-11T20:43:28","guid":{"rendered":"https:\/\/forloveatart.com\/?post_type=product&#038;p=2022326"},"modified":"2021-03-11T20:43:29","modified_gmt":"2021-03-11T20:43:29","slug":"homenaje-a-la-luna","status":"publish","type":"product","link":"https:\/\/forloveatart.com\/en\/producto\/homenaje-a-la-luna\/","title":{"rendered":"Homenaje a la Luna"},"content":{"rendered":"<p class=\"MsoNormal\" style=\"text-align: justify; line-height: 150%;\" data-mce-style=\"text-align: justify; line-height: 150%;\">Una nube \u00a0que descarga lluvia de pl\u00e1stico, uno sol que<br \/>equilibra la balanza. Una luna inaccesible que parece ser mujer, una \u00a0jaula atrapa-sue\u00f1os que encierra estrellas, la<br \/>sutileza de una flor y la libertad en forma de p\u00e1jaro.<\/p>\n<p class=\"MsoNormal\" style=\"text-align: justify; line-height: 150%;\" data-mce-style=\"text-align: justify; line-height: 150%;\">Una alegor\u00eda<br \/>pl\u00e1stica del proceso creativo y el mundo de los sue\u00f1os. De la conciencia y lo<br \/>inconsciente, de lo so\u00f1ado y lo real. De lo vivido y lo imaginado. Lo mat\u00e9rico<br \/>y lo vac\u00edo. Lo abstracto y lo concreto.<\/p>\n<p class=\"MsoNormal\" style=\"text-align: justify; line-height: 150%;\" data-mce-style=\"text-align: justify; line-height: 150%;\">El m\u00e1s on\u00edrico<br \/>sue\u00f1o ser\u00e1 entonces el proceso creativo del artista. Aquel momento en el que tu<br \/>cabeza articula peque\u00f1as piezas de colores con diferentes formas, intentando<br \/>forzar el di\u00e1logo de los elementos pl\u00e1sticos m\u00e1s sencillos \u00a0como b\u00fasqueda de la perfecta complejidad que<br \/>har\u00e1 del proceso creativo un producto.<\/p>\n<p class=\"MsoNormal\" style=\"text-align: justify; line-height: 150%;\" data-mce-style=\"text-align: justify; line-height: 150%;\">Es as\u00ed como la<br \/>obra <b><i>Homenaje<br \/>a la luna <\/i><\/b>se presenta a modo de ilustraci\u00f3n, representado todo ese<br \/>proceso mental y on\u00edrico que se desarrolla en el artista durante el tiempo que<br \/>precede la ejecuci\u00f3n de la obra. Una lucha incesante por ordenar todos esos<br \/>elementos, como si de notas musicales se tratasen. Obsesionados con el producto<br \/>final, olvidamos en ocasiones la riqueza de los procesos que articulan tal fin.<br \/>De ah\u00ed surge la necesidad, de dedicar esta pieza a ese momento de la creaci\u00f3n<br \/>en forma de ilustraci\u00f3n art\u00edstica, que incluye determinados elementos siempre<br \/>presentes en esa fase de creaci\u00f3n. La luna, las estrellas\u2026 y la oscuridad de la<br \/>noche que nos lleva en ocasiones a reflexionar y crear mientras la ciudad<br \/>duerme. D\u00e1ndole sentido al t\u00edtulo de la pieza, siento la necesidad de presentar<br \/>la luna como llave de mi experiencia creativa, como s\u00edmbolo de la noche y parte<br \/>de mi elocuente creaci\u00f3n.<\/p>\n<p><span style=\"font-size: 11.0pt; line-height: 115%;\" data-mce-style=\"font-size: 11.0pt; line-height: 115%;\">\u00a0 \u00a0 \u00a0 \u00a0 \u00a0 \u00a0 \u00a0 \u00a0\u00a0<\/span><\/p>\n","protected":false},"excerpt":{"rendered":"<p>T\u00e9cnica mixta sobre madera. Colage, t\u00e9cncias secas y acr\u00edlico. Mide 122 cm de alto, 122 cm de ancho y 3,5 cm de espesor. Obra de 2019.<\/p>\n","protected":false},"featured_media":2022321,"template":"","meta":[],"product_brand":[],"product_cat":[614,863,177],"product_tag":[141,168,163,744],"class_list":{"0":"post-2022326","1":"product","2":"type-product","3":"status-publish","4":"has-post-thumbnail","6":"product_cat-artistas","7":"product_cat-cristina-aliste-miguel","8":"product_cat-paintings","9":"product_tag-arte-contemporaneo","10":"product_tag-arte-moderno-pintura","11":"product_tag-pintura-colorista","12":"product_tag-pintura-poetica","13":"product_shipping_class-caja","16":"instock","17":"shipping-taxable","18":"purchasable","19":"product-type-simple"},"_links":{"self":[{"href":"https:\/\/forloveatart.com\/en\/wp-json\/wp\/v2\/product\/2022326","targetHints":{"allow":["GET"]}}],"collection":[{"href":"https:\/\/forloveatart.com\/en\/wp-json\/wp\/v2\/product"}],"about":[{"href":"https:\/\/forloveatart.com\/en\/wp-json\/wp\/v2\/types\/product"}],"version-history":[{"count":0,"href":"https:\/\/forloveatart.com\/en\/wp-json\/wp\/v2\/product\/2022326\/revisions"}],"wp:featuredmedia":[{"embeddable":true,"href":"https:\/\/forloveatart.com\/en\/wp-json\/wp\/v2\/media\/2022321"}],"wp:attachment":[{"href":"https:\/\/forloveatart.com\/en\/wp-json\/wp\/v2\/media?parent=2022326"}],"wp:term":[{"taxonomy":"product_brand","embeddable":true,"href":"https:\/\/forloveatart.com\/en\/wp-json\/wp\/v2\/product_brand?post=2022326"},{"taxonomy":"product_cat","embeddable":true,"href":"https:\/\/forloveatart.com\/en\/wp-json\/wp\/v2\/product_cat?post=2022326"},{"taxonomy":"product_tag","embeddable":true,"href":"https:\/\/forloveatart.com\/en\/wp-json\/wp\/v2\/product_tag?post=2022326"}],"curies":[{"name":"wp","href":"https:\/\/api.w.org\/{rel}","templated":true}]}}