{"id":2022372,"date":"2021-03-16T03:42:11","date_gmt":"2021-03-16T03:42:11","guid":{"rendered":"https:\/\/forloveatart.com\/?post_type=product&#038;p=2022372"},"modified":"2021-03-16T11:07:20","modified_gmt":"2021-03-16T11:07:20","slug":"reflejos-2","status":"publish","type":"product","link":"https:\/\/forloveatart.com\/en\/producto\/reflejos-2\/","title":{"rendered":"Reflejos"},"content":{"rendered":"<p dir=\"ltr\" style=\"line-height: 1.38; text-align: justify; margin-top: 0pt; margin-bottom: 0pt;\" data-mce-style=\"line-height: 1.38; text-align: justify; margin-top: 0pt; margin-bottom: 0pt;\"><span style=\"font-size: 11pt; font-family: Arial; color: #000000; background-color: transparent; font-weight: 400; font-style: normal; font-variant: normal; text-decoration: none; vertical-align: baseline; white-space: pre-wrap;\" data-mce-style=\"font-size: 11pt; font-family: Arial; color: #000000; background-color: transparent; font-weight: 400; font-style: normal; font-variant: normal; text-decoration: none; vertical-align: baseline; white-space: pre-wrap;\">El tratamiento pict\u00f3rico del \u00f3leo sobre el papel, deviene en un lenguaje particular, aterciopelado, donde las pinceladas se esfuman, con una apariencia pulcra y meticulosamente controlada.<\/span><\/p>\n<p dir=\"ltr\" style=\"line-height: 1.38; text-align: justify; margin-top: 0pt; margin-bottom: 0pt;\" data-mce-style=\"line-height: 1.38; text-align: justify; margin-top: 0pt; margin-bottom: 0pt;\"><\/p>\n","protected":false},"excerpt":{"rendered":"<p dir=\"ltr\" style=\"line-height: 1.38; text-align: justify; margin-top: 0pt; margin-bottom: 0pt;\" data-mce-style=\"line-height: 1.38; text-align: justify; margin-top: 0pt; margin-bottom: 0pt;\"><span style=\"font-size: 11pt; font-family: Arial; color: #000000; background-color: transparent; font-weight: 400; font-style: normal; font-variant: normal; text-decoration: none; vertical-align: baseline; white-space: pre-wrap;\" data-mce-style=\"font-size: 11pt; font-family: Arial; color: #000000; background-color: transparent; font-weight: 400; font-style: normal; font-variant: normal; text-decoration: none; vertical-align: baseline; white-space: pre-wrap;\">Mis\u00a0 obras son clim\u00e1ticas, de cierta composici\u00f3n arquitect\u00f3nica, fragmentos de espacios que despu\u00e9s se transforman en incongruencia, algo desolados, carentes de movimiento, que proponen al espectador recorrerlos.<\/span><\/p>\n<p dir=\"ltr\" style=\"line-height: 1.38; text-align: justify; margin-top: 0pt; margin-bottom: 0pt;\" data-mce-style=\"line-height: 1.38; text-align: justify; margin-top: 0pt; margin-bottom: 0pt;\"><span style=\"font-size: 11pt; font-family: Arial; color: #000000; background-color: transparent; font-weight: 400; font-style: normal; font-variant: normal; text-decoration: none; vertical-align: baseline; white-space: pre-wrap;\" data-mce-style=\"font-size: 11pt; font-family: Arial; color: #000000; background-color: transparent; font-weight: 400; font-style: normal; font-variant: normal; text-decoration: none; vertical-align: baseline; white-space: pre-wrap;\">Me interesa que devuelvan misterio, asociado a la tensi\u00f3n provocada por el desaf\u00edo a las leyes de la construcci\u00f3n, provocando ambig\u00fcedad, algo inc\u00f3modo, una manera de llegar a la intriga. Hay un juego entre lo plano y el volumen espacial que provoca cierta tensi\u00f3n visual.<\/span><\/p>\n<p dir=\"ltr\" style=\"line-height: 1.38; text-align: justify; margin-top: 0pt; margin-bottom: 0pt;\" data-mce-style=\"line-height: 1.38; text-align: justify; margin-top: 0pt; margin-bottom: 0pt;\"><span style=\"font-size: 11pt; font-family: Arial; color: #000000; background-color: transparent; font-weight: 400; font-style: normal; font-variant: normal; text-decoration: none; vertical-align: baseline; white-space: pre-wrap;\" data-mce-style=\"font-size: 11pt; font-family: Arial; color: #000000; background-color: transparent; font-weight: 400; font-style: normal; font-variant: normal; text-decoration: none; vertical-align: baseline; white-space: pre-wrap;\">La paleta ficticia, el juego de sombras proyectadas, luces que ba\u00f1an las paredes, son desviaciones que construyen el enigma.<\/span><\/p>\n<p dir=\"ltr\" style=\"line-height: 1.38; text-align: justify; margin-top: 0pt; margin-bottom: 0pt;\" data-mce-style=\"line-height: 1.38; text-align: justify; margin-top: 0pt; margin-bottom: 0pt;\"><\/p>\n","protected":false},"featured_media":2022360,"template":"","meta":[],"product_brand":[],"product_cat":[177],"product_tag":[894,892,896,893,895,169,891,175],"class_list":{"0":"post-2022372","1":"product","2":"type-product","3":"status-publish","4":"has-post-thumbnail","6":"product_cat-paintings","7":"product_tag-argentina","8":"product_tag-arteargentino","9":"product_tag-artelatinoamricano","10":"product_tag-artistaargentina","11":"product_tag-lationamerica","12":"product_tag-oleo","13":"product_tag-papel","14":"product_tag-pintura","15":"product_shipping_class-caja","16":"pa_artistas-verificados-mercedes-granel","17":"pa_disciplina-pintura","18":"pa_estilo-espacial","19":"pa_estilo-figurativo","20":"pa_estilo-geometrico","21":"pa_orientacion-vertical","22":"pa_tecnica-oleo","23":"pa_tecnica-papel","24":"pa_tema-interior","25":"pa_tema-luz","28":"instock","29":"sold-individually","30":"shipping-taxable","31":"purchasable","32":"product-type-simple"},"_links":{"self":[{"href":"https:\/\/forloveatart.com\/en\/wp-json\/wp\/v2\/product\/2022372","targetHints":{"allow":["GET"]}}],"collection":[{"href":"https:\/\/forloveatart.com\/en\/wp-json\/wp\/v2\/product"}],"about":[{"href":"https:\/\/forloveatart.com\/en\/wp-json\/wp\/v2\/types\/product"}],"version-history":[{"count":0,"href":"https:\/\/forloveatart.com\/en\/wp-json\/wp\/v2\/product\/2022372\/revisions"}],"wp:featuredmedia":[{"embeddable":true,"href":"https:\/\/forloveatart.com\/en\/wp-json\/wp\/v2\/media\/2022360"}],"wp:attachment":[{"href":"https:\/\/forloveatart.com\/en\/wp-json\/wp\/v2\/media?parent=2022372"}],"wp:term":[{"taxonomy":"product_brand","embeddable":true,"href":"https:\/\/forloveatart.com\/en\/wp-json\/wp\/v2\/product_brand?post=2022372"},{"taxonomy":"product_cat","embeddable":true,"href":"https:\/\/forloveatart.com\/en\/wp-json\/wp\/v2\/product_cat?post=2022372"},{"taxonomy":"product_tag","embeddable":true,"href":"https:\/\/forloveatart.com\/en\/wp-json\/wp\/v2\/product_tag?post=2022372"}],"curies":[{"name":"wp","href":"https:\/\/api.w.org\/{rel}","templated":true}]}}