{"id":2022396,"date":"2021-03-16T18:53:46","date_gmt":"2021-03-16T18:53:46","guid":{"rendered":"https:\/\/forloveatart.com\/product\/instante-decisivo\/"},"modified":"2021-03-16T18:53:47","modified_gmt":"2021-03-16T18:53:47","slug":"instante-decisivo","status":"publish","type":"product","link":"https:\/\/forloveatart.com\/en\/producto\/instante-decisivo\/","title":{"rendered":"Instante Decisivo"},"content":{"rendered":"<p><p class=\"MsoNormal\" style=\"mso-layout-grid-align:none;text-autospace:none\"><b><span style=\"font-size:11.0pt;font-family:\"Calibri\",sans-serif\">Antonio Rojas (Tarifa,<br \/>\n1962)<o:p><\/o:p><\/span><\/b><\/p>\n<p class=\"MsoNormal\" style=\"mso-layout-grid-align:none;text-autospace:none\"><b><span style=\"font-size:11.0pt;font-family:\"Calibri\",sans-serif\"><o:p>\u00a0<\/o:p><\/span><\/b><\/p>\n<p class=\"MsoNormal\" style=\"mso-layout-grid-align:none;text-autospace:none\"><b><span style=\"font-size:11.0pt;font-family:\"Calibri\",sans-serif\">De formaci\u00f3n<br \/>\nautodidacta, realiza su primera exposici\u00f3n individual en el a\u00f1o 1983 en la<br \/>\nGaler\u00eda Magda Bellotti de Algeciras con quien se da a conocer en Madrid en las<br \/>\nsucesivas ediciones de Arco. Desde el comienzo la cr\u00edtica alude a cierto<br \/>\naspecto neometaf\u00edsico y geom\u00e9trico de su obra. <span style=\"mso-spacerun:yes\">\u00a0<\/span>Reside en Madrid desde el 1986 exponiendo en<br \/>\nla m\u00edtica Galer\u00eda de Fernando Vijande (1987) y realizando su primera muestra<br \/>\nindividual en la capital en la galer\u00eda Montenegro (1988). Entre 1990 y 1993<br \/>\nreside en Londres y Roma becado por Delfina Studios Trust y la Academia de<br \/>\nEspa\u00f1a en Roma, respectivamente. Expone habitualmente en la galer\u00eda Antonio<br \/>\nMach\u00f3n de Madrid que le representa durante m\u00e1s de una d\u00e9cada. Ha obtenido<br \/>\nimportantes premios y galardones durante toda su trayectoria art\u00edstica como el<br \/>\nPremio Juan Luis Vasallo de Bellas Artes. IV Edici\u00f3n Premios Cortes de C\u00e1diz<br \/>\n2010. Ayuntamiento de C\u00e1diz (C\u00e1diz), el Premio \u00c1ngel de Pintura 2004<br \/>\n(Valencia), la Medalla de Oro de la 62\u00aa Exposici\u00f3n Internacional de Valdepe\u00f1as,<br \/>\n2002<i style=\"mso-bidi-font-style:normal\"> <\/i>(Valdepe\u00f1as, Ciudad Real), el<br \/>\nPrimer Premio del Certamen Nacional de Dibujo Gregorio Prieto 2002 (Valdepe\u00f1as,<br \/>\nCiudad Real) o la Beca de la Academia de Espa\u00f1a en Roma. Direcci\u00f3n General de<br \/>\nRelaciones Culturales. Ministerio de Asuntos Exteriores de Espa\u00f1a, 1993-<st1:metricconverter productid=\"1994. Ha\" w:st=\"on\">1994. Ha<\/st1:metricconverter> participado en<br \/>\nuna gran cantidad de muestras colectivas, siendo seleccionado en relevantes<br \/>\nexposiciones, como la m\u00e1s reciente <i style=\"mso-bidi-font-style:normal\">Cielo-Tierra,<br \/>\n<\/i>en el museo de Santa Cruz de Toledo, comisariada por Alfonso de la Torre. <o:p><\/o:p><\/span><\/b><\/p>\n<p><br data-mce-bogus=\"1\"><\/p>\n","protected":false},"excerpt":{"rendered":"<p><p class=\"MsoNormal\" style=\"line-height:200%\">Pintura .\u00d3leo sobre lienzo<br \/>\n55 cm. x 55 cm. Obra de <o:p><\/o:p>2021.<\/p>\n<p><br data-mce-bogus=\"1\"><\/p>\n","protected":false},"featured_media":2022395,"template":"","meta":[],"product_brand":[],"product_cat":[901,614,177],"product_tag":[141,168],"class_list":{"0":"post-2022396","1":"product","2":"type-product","3":"status-publish","4":"has-post-thumbnail","6":"product_cat-antonio-rojas","7":"product_cat-artistas","8":"product_cat-paintings","9":"product_tag-arte-contemporaneo","10":"product_tag-arte-moderno-pintura","11":"product_shipping_class-caja","12":"pa_artistas-verificados-antonio-rojas","13":"pa_disciplina-pintura","14":"pa_estilo-metafisico","15":"pa_orientacion-cuadrado","16":"pa_tecnica-oleo","17":"pa_tema-arquitectura","20":"instock","21":"sold-individually","22":"shipping-taxable","23":"purchasable","24":"product-type-simple"},"_links":{"self":[{"href":"https:\/\/forloveatart.com\/en\/wp-json\/wp\/v2\/product\/2022396","targetHints":{"allow":["GET"]}}],"collection":[{"href":"https:\/\/forloveatart.com\/en\/wp-json\/wp\/v2\/product"}],"about":[{"href":"https:\/\/forloveatart.com\/en\/wp-json\/wp\/v2\/types\/product"}],"version-history":[{"count":0,"href":"https:\/\/forloveatart.com\/en\/wp-json\/wp\/v2\/product\/2022396\/revisions"}],"wp:featuredmedia":[{"embeddable":true,"href":"https:\/\/forloveatart.com\/en\/wp-json\/wp\/v2\/media\/2022395"}],"wp:attachment":[{"href":"https:\/\/forloveatart.com\/en\/wp-json\/wp\/v2\/media?parent=2022396"}],"wp:term":[{"taxonomy":"product_brand","embeddable":true,"href":"https:\/\/forloveatart.com\/en\/wp-json\/wp\/v2\/product_brand?post=2022396"},{"taxonomy":"product_cat","embeddable":true,"href":"https:\/\/forloveatart.com\/en\/wp-json\/wp\/v2\/product_cat?post=2022396"},{"taxonomy":"product_tag","embeddable":true,"href":"https:\/\/forloveatart.com\/en\/wp-json\/wp\/v2\/product_tag?post=2022396"}],"curies":[{"name":"wp","href":"https:\/\/api.w.org\/{rel}","templated":true}]}}