{"id":2022417,"date":"2021-03-18T15:47:49","date_gmt":"2021-03-18T15:47:49","guid":{"rendered":"https:\/\/forloveatart.com\/?post_type=product&#038;p=2022417"},"modified":"2021-03-18T15:47:51","modified_gmt":"2021-03-18T15:47:51","slug":"el-reino-vacio","status":"publish","type":"product","link":"https:\/\/forloveatart.com\/en\/producto\/el-reino-vacio\/","title":{"rendered":"EL REINO VACIO"},"content":{"rendered":"<p>Este dibujo forma parte de la serie titulada\u00a0 El Reino. Una serie inspirada en la casa donde\u00a0 la autora vivi\u00f3 su infancia y juventud. El retorno a esta casa despu\u00e9s de veinte a\u00f1os de ausencia, despiertan en la artista sentimientos encontrados entre el pasado y el presente. \u00c9l rencuentro con el origen\u00a0 y el encuentro con el entendimiento de todo lo sucedido a lo largo de la vida y su sentido. Volver\u00a0 al punto de partida despu\u00e9s del camino recorrido y encontrar la esencia , la identidad , la coherencia.<\/p>\n<p>Para la pintora este rencuentro significa la reconquista de su reino que es su infancia y su pasado.<\/p>\n<p>Es un viaje interior que, Mart\u00ed Zaro representa con una sencillez de medios, tanto representativos como materiales. Sencillez que se traduce en una complejidad de ideas y m\u00faltiples lecturas.<\/p>\n<p>Queda a gusto del espectador.<\/p>\n","protected":false},"excerpt":{"rendered":"<p>Este es un dibujo realizado en l\u00e1piz de color sobre papel, tiene una medidas de 40 x 30 cm. Fechado en el a\u00f1o 2020<\/p>\n","protected":false},"featured_media":2022416,"template":"","meta":[],"product_brand":[],"product_cat":[614,600,915],"product_tag":[920,921,662,912,925,923,913,922,924],"class_list":{"0":"post-2022417","1":"product","2":"type-product","3":"status-publish","4":"has-post-thumbnail","6":"product_cat-artistas","7":"product_cat-dibujo","8":"product_cat-elena-marti-zaro","9":"product_tag-arqutectura","10":"product_tag-constructivismo","11":"product_tag-dibujo","12":"product_tag-geometria","13":"product_tag-lapiz","14":"product_tag-luces","15":"product_tag-luz","16":"product_tag-metafisico","17":"product_tag-proyeccion","18":"product_shipping_class-caja","19":"pa_artistas-verificados-elena-marti-zaro","20":"pa_disciplina-dibujo","21":"pa_estilo-metafisico","22":"pa_orientacion-vertical","23":"pa_tecnica-dibujo","24":"pa_tecnica-lapiz","25":"pa_tema-arquitectura","28":"instock","29":"sale","30":"sold-individually","31":"shipping-taxable","32":"purchasable","33":"product-type-simple"},"_links":{"self":[{"href":"https:\/\/forloveatart.com\/en\/wp-json\/wp\/v2\/product\/2022417","targetHints":{"allow":["GET"]}}],"collection":[{"href":"https:\/\/forloveatart.com\/en\/wp-json\/wp\/v2\/product"}],"about":[{"href":"https:\/\/forloveatart.com\/en\/wp-json\/wp\/v2\/types\/product"}],"version-history":[{"count":0,"href":"https:\/\/forloveatart.com\/en\/wp-json\/wp\/v2\/product\/2022417\/revisions"}],"wp:featuredmedia":[{"embeddable":true,"href":"https:\/\/forloveatart.com\/en\/wp-json\/wp\/v2\/media\/2022416"}],"wp:attachment":[{"href":"https:\/\/forloveatart.com\/en\/wp-json\/wp\/v2\/media?parent=2022417"}],"wp:term":[{"taxonomy":"product_brand","embeddable":true,"href":"https:\/\/forloveatart.com\/en\/wp-json\/wp\/v2\/product_brand?post=2022417"},{"taxonomy":"product_cat","embeddable":true,"href":"https:\/\/forloveatart.com\/en\/wp-json\/wp\/v2\/product_cat?post=2022417"},{"taxonomy":"product_tag","embeddable":true,"href":"https:\/\/forloveatart.com\/en\/wp-json\/wp\/v2\/product_tag?post=2022417"}],"curies":[{"name":"wp","href":"https:\/\/api.w.org\/{rel}","templated":true}]}}