{"id":2022451,"date":"2021-03-19T17:08:44","date_gmt":"2021-03-19T17:08:44","guid":{"rendered":"https:\/\/forloveatart.com\/?post_type=product&#038;p=2022451"},"modified":"2021-03-19T17:08:46","modified_gmt":"2021-03-19T17:08:46","slug":"retorno","status":"publish","type":"product","link":"https:\/\/forloveatart.com\/en\/producto\/retorno\/","title":{"rendered":"RETORNO"},"content":{"rendered":"<p>En este dibujo de grafito sobre papel, la autora retrata el recodo de una escalera, en el que aparece una puerta misteriosa. Pero no son cualquiera.<\/p>\n<p>Esta escena esta inspirada en la casa natal de la artista, a la que retorna despu\u00e9s de veinte a\u00f1os de ausencia. Este retorno supone para ella\u00a0 el reencuentro con su origen, un viaje al pasado.<\/p>\n<p>\u00a0El revivir las sensaciones, los olores, las visiones, los recuerdos se agolpan en su memoria.<\/p>\n<p>Su composici\u00f3n limpia y sencilla rozando la abstracci\u00f3n, su perspectiva clara y razonable , la t\u00e9cnica simple pero, muy bien empleada.<\/p>\n<p>Experiencia, belleza, placer , en su sencillez y sinceridad. Es lo que quiere contar esta obra.<\/p>\n","protected":false},"excerpt":{"rendered":"<p>Dibujo realizado en el a\u00f1o 2020, en grafito sobre papel hecho a mano de 500 g. Mide 70 x 50 cm. aproximadamente<\/p>\n","protected":false},"featured_media":2022447,"template":"","meta":[],"product_brand":[],"product_cat":[614,600,915],"product_tag":[911,928,912,720,922,891,926,927],"class_list":{"0":"post-2022451","1":"product","2":"type-product","3":"status-publish","4":"has-post-thumbnail","6":"product_cat-artistas","7":"product_cat-dibujo","8":"product_cat-elena-marti-zaro","9":"product_tag-arquitectura","10":"product_tag-escalera","11":"product_tag-geometria","12":"product_tag-grafito","13":"product_tag-metafisico","14":"product_tag-papel","15":"product_tag-perspectiva","16":"product_tag-profundidad","17":"product_shipping_class-caja","18":"pa_artistas-verificados-elena-marti-zaro","19":"pa_disciplina-dibujo","20":"pa_estilo-metafisico","21":"pa_orientacion-vertical","22":"pa_tecnica-dibujo","23":"pa_tema-arquitectura","26":"instock","27":"sold-individually","28":"shipping-taxable","29":"purchasable","30":"product-type-simple"},"_links":{"self":[{"href":"https:\/\/forloveatart.com\/en\/wp-json\/wp\/v2\/product\/2022451","targetHints":{"allow":["GET"]}}],"collection":[{"href":"https:\/\/forloveatart.com\/en\/wp-json\/wp\/v2\/product"}],"about":[{"href":"https:\/\/forloveatart.com\/en\/wp-json\/wp\/v2\/types\/product"}],"version-history":[{"count":0,"href":"https:\/\/forloveatart.com\/en\/wp-json\/wp\/v2\/product\/2022451\/revisions"}],"wp:featuredmedia":[{"embeddable":true,"href":"https:\/\/forloveatart.com\/en\/wp-json\/wp\/v2\/media\/2022447"}],"wp:attachment":[{"href":"https:\/\/forloveatart.com\/en\/wp-json\/wp\/v2\/media?parent=2022451"}],"wp:term":[{"taxonomy":"product_brand","embeddable":true,"href":"https:\/\/forloveatart.com\/en\/wp-json\/wp\/v2\/product_brand?post=2022451"},{"taxonomy":"product_cat","embeddable":true,"href":"https:\/\/forloveatart.com\/en\/wp-json\/wp\/v2\/product_cat?post=2022451"},{"taxonomy":"product_tag","embeddable":true,"href":"https:\/\/forloveatart.com\/en\/wp-json\/wp\/v2\/product_tag?post=2022451"}],"curies":[{"name":"wp","href":"https:\/\/api.w.org\/{rel}","templated":true}]}}