{"id":2022833,"date":"2021-05-05T09:37:10","date_gmt":"2021-05-05T09:37:10","guid":{"rendered":"https:\/\/forloveatart.com\/?post_type=product&#038;p=2022833"},"modified":"2021-05-05T09:37:13","modified_gmt":"2021-05-05T09:37:13","slug":"al-final-de-la-escalera","status":"publish","type":"product","link":"https:\/\/forloveatart.com\/en\/producto\/al-final-de-la-escalera\/","title":{"rendered":"AL FINAL DE LA ESCALERA"},"content":{"rendered":"<p>Esta pintura representa un fuerte contraluz desde un interior , que podr\u00eda ser cualquier lugar , un pasillo de un almac\u00e9n, un centro social, cualquier lugar por el que pasamos diariamente,\u00a0 que, se convierte en \u00fanico y singular, por la luz que entra en ese preciso momento por la cristalera , por la inspiraci\u00f3n que proporciona al artista.<\/p>\n<p>Inspiraci\u00f3n que le lleva a expresar un pensamiento filos\u00f3fico , metaf\u00edsico y espiritual.<\/p>\n<p>Con una composici\u00f3n casi abstracta , perspectiva profunda y colorido rico y sutil, el pintor expresa el transito delicado entre las luces y las sobras y viceversa.<\/p>\n<p>Luces y sombras , que forman parte\u00a0 del mundo, de la historia , de la vida en definitiva.<\/p>\n","protected":false},"excerpt":{"rendered":"<p>Esta obra esta realizada en el a\u00f1o 2019. mide 146 x 114 cm. T\u00e9cnica, oleo sobre tabla montada en bastidor\u00a0<\/p>\n","protected":false},"featured_media":2022825,"template":"","meta":[],"product_brand":[],"product_cat":[614,915,177],"product_tag":[911,965,967,917,966,912,913,926,927,934],"class_list":{"0":"post-2022833","1":"product","2":"type-product","3":"status-publish","4":"has-post-thumbnail","6":"product_cat-artistas","7":"product_cat-elena-marti-zaro","8":"product_cat-paintings","9":"product_tag-arquitectura","10":"product_tag-atmosfera","11":"product_tag-claroscuro","12":"product_tag-color","13":"product_tag-contraluz","14":"product_tag-geometria","15":"product_tag-luz","16":"product_tag-perspectiva","17":"product_tag-profundidad","18":"product_tag-simetria","19":"product_shipping_class-caja","20":"pa_artistas-verificados-elena-marti-zaro","21":"pa_disciplina-pintura","22":"pa_estilo-neometafisica","23":"pa_orientacion-vertical","24":"pa_tecnica-oleo","25":"pa_tema-luz","28":"instock","29":"sold-individually","30":"shipping-taxable","31":"purchasable","32":"product-type-simple"},"_links":{"self":[{"href":"https:\/\/forloveatart.com\/en\/wp-json\/wp\/v2\/product\/2022833","targetHints":{"allow":["GET"]}}],"collection":[{"href":"https:\/\/forloveatart.com\/en\/wp-json\/wp\/v2\/product"}],"about":[{"href":"https:\/\/forloveatart.com\/en\/wp-json\/wp\/v2\/types\/product"}],"version-history":[{"count":0,"href":"https:\/\/forloveatart.com\/en\/wp-json\/wp\/v2\/product\/2022833\/revisions"}],"wp:featuredmedia":[{"embeddable":true,"href":"https:\/\/forloveatart.com\/en\/wp-json\/wp\/v2\/media\/2022825"}],"wp:attachment":[{"href":"https:\/\/forloveatart.com\/en\/wp-json\/wp\/v2\/media?parent=2022833"}],"wp:term":[{"taxonomy":"product_brand","embeddable":true,"href":"https:\/\/forloveatart.com\/en\/wp-json\/wp\/v2\/product_brand?post=2022833"},{"taxonomy":"product_cat","embeddable":true,"href":"https:\/\/forloveatart.com\/en\/wp-json\/wp\/v2\/product_cat?post=2022833"},{"taxonomy":"product_tag","embeddable":true,"href":"https:\/\/forloveatart.com\/en\/wp-json\/wp\/v2\/product_tag?post=2022833"}],"curies":[{"name":"wp","href":"https:\/\/api.w.org\/{rel}","templated":true}]}}