{"id":2022844,"date":"2021-05-06T10:09:25","date_gmt":"2021-05-06T10:09:25","guid":{"rendered":"https:\/\/forloveatart.com\/?post_type=product&#038;p=2022844"},"modified":"2021-05-06T10:11:57","modified_gmt":"2021-05-06T10:11:57","slug":"transparencia","status":"publish","type":"product","link":"https:\/\/forloveatart.com\/en\/producto\/transparencia\/","title":{"rendered":"TRANSPARENCIA"},"content":{"rendered":"<p>Esta obra de E. Mart\u00ed Zaro representa cualquier calle de cualquier ciudad del mundo. En una instant\u00e1nea , la artista capta la luz y las sombras, las l\u00edneas y las geometr\u00edas y ve una composici\u00f3n perfecta. Las l\u00edneas verticales , casi como hendiduras en el muro, se equilibran con las horizontales representadas en las escaleras que aparecen al fondo y con los contraluces, el claroscuro, planos de luces y sombras .Todo ello compone una escena que a\u00a0 la artista le sugiere, en un instante, una historia , un secreto, un misterio. Un momento que se perpetua en cualquier lugar del mundo.<\/p>\n<p>Realizado en \u00f3leo y pastel sobre un papel hecho a mano le dan calidad mat\u00e9rica, corp\u00f3rea\u00a0 y a la vez\u00a0 ligera .<\/p>\n<p>El contraste entre las linea n\u00edtidas, solidas, rotundas y las delicadas transparencias de las sombras y luces , adem\u00e1s del casi mono cromatismo , hacen que la obra sea rotunda.<\/p>\n<p>El espacio del cuadro ordenado en planos conc\u00e9ntricos le dan una profundidad tanto pl\u00e1stica como\u00a0 conceptual\u00a0 que nos ofrece infinidad de lecturas.<\/p>\n","protected":false},"excerpt":{"rendered":"<p>\u00f3leo y pastel sobre papel hecho a mano de 500g. 76 x 56 cm. 2021<\/p>\n","protected":false},"featured_media":2022835,"template":"","meta":[],"product_brand":[],"product_cat":[614,915,177],"product_tag":[911,965,967,917,966,968,969,913,922,926,927,931],"class_list":{"0":"post-2022844","1":"product","2":"type-product","3":"status-publish","4":"has-post-thumbnail","6":"product_cat-artistas","7":"product_cat-elena-marti-zaro","8":"product_cat-paintings","9":"product_tag-arquitectura","10":"product_tag-atmosfera","11":"product_tag-claroscuro","12":"product_tag-color","13":"product_tag-contraluz","14":"product_tag-contraste","15":"product_tag-luminosidad","16":"product_tag-luz","17":"product_tag-metafisico","18":"product_tag-perspectiva","19":"product_tag-profundidad","20":"product_tag-transparencia","21":"product_shipping_class-caja","22":"pa_artistas-verificados-elena-marti-zaro","23":"pa_disciplina-pintura","24":"pa_estilo-neometafisica","25":"pa_orientacion-vertical","26":"pa_tecnica-oleo","27":"pa_tema-arquitectura","30":"instock","31":"sold-individually","32":"shipping-taxable","33":"purchasable","34":"product-type-simple"},"_links":{"self":[{"href":"https:\/\/forloveatart.com\/en\/wp-json\/wp\/v2\/product\/2022844","targetHints":{"allow":["GET"]}}],"collection":[{"href":"https:\/\/forloveatart.com\/en\/wp-json\/wp\/v2\/product"}],"about":[{"href":"https:\/\/forloveatart.com\/en\/wp-json\/wp\/v2\/types\/product"}],"version-history":[{"count":0,"href":"https:\/\/forloveatart.com\/en\/wp-json\/wp\/v2\/product\/2022844\/revisions"}],"wp:featuredmedia":[{"embeddable":true,"href":"https:\/\/forloveatart.com\/en\/wp-json\/wp\/v2\/media\/2022835"}],"wp:attachment":[{"href":"https:\/\/forloveatart.com\/en\/wp-json\/wp\/v2\/media?parent=2022844"}],"wp:term":[{"taxonomy":"product_brand","embeddable":true,"href":"https:\/\/forloveatart.com\/en\/wp-json\/wp\/v2\/product_brand?post=2022844"},{"taxonomy":"product_cat","embeddable":true,"href":"https:\/\/forloveatart.com\/en\/wp-json\/wp\/v2\/product_cat?post=2022844"},{"taxonomy":"product_tag","embeddable":true,"href":"https:\/\/forloveatart.com\/en\/wp-json\/wp\/v2\/product_tag?post=2022844"}],"curies":[{"name":"wp","href":"https:\/\/api.w.org\/{rel}","templated":true}]}}