{"id":2023038,"date":"2021-05-30T09:59:04","date_gmt":"2021-05-30T09:59:04","guid":{"rendered":"https:\/\/forloveatart.com\/?post_type=product&#038;p=2023038"},"modified":"2021-05-30T10:00:53","modified_gmt":"2021-05-30T10:00:53","slug":"transitos","status":"publish","type":"product","link":"https:\/\/forloveatart.com\/en\/producto\/transitos\/","title":{"rendered":"TRANSITOS"},"content":{"rendered":"<p>Tr\u00e1nsitos es una obra de Mart\u00ed Zaro, realizada en \u00f3leo y pastel al \u00f3leo sobre papel hecho a mano .<\/p>\n<p>\u00a0Su titulo habla mucho de su significado porque trata de los tr\u00e1nsitos de la vida y de la relaci\u00f3n entre ellos. Habla de los caminos emprendidos , terminados y retomados con una visi\u00f3n renovada.<\/p>\n<p>Estas transiciones vitales , la artista las representa como un t\u00fanel infinito que concluye en una gran luz de esperanza.<\/p>\n<p>La artista busca una composici\u00f3n muy equilibrada , una perspectiva frontal y consigue la profundidad. Profundidad que le otorga misterio y curiosidad para encontrar nuevos tesoros.<\/p>\n<p>E. Mart\u00ed Zaro plantea la obra con una sencillez casi barroca tanto en su concepto como en la plasticidad, por su sobriedad crom\u00e1tica y su rotundidad compositiva es una obra que se presta a la contemplaci\u00f3n y por lo tanto a la reflexi\u00f3n.<\/p>\n","protected":false},"excerpt":{"rendered":"<p>TRANSITOS, \u00f3leo y pastel al \u00f3leo, 76 x 56 cm, 2021<\/p>\n","protected":false},"featured_media":2023041,"template":"","meta":[],"product_brand":[],"product_cat":[614,915,177],"product_tag":[141,917,912,913,974,169,891,926,927],"class_list":{"0":"post-2023038","1":"product","2":"type-product","3":"status-publish","4":"has-post-thumbnail","6":"product_cat-artistas","7":"product_cat-elena-marti-zaro","8":"product_cat-paintings","9":"product_tag-arte-contemporaneo","10":"product_tag-color","11":"product_tag-geometria","12":"product_tag-luz","13":"product_tag-neometafisico","14":"product_tag-oleo","15":"product_tag-papel","16":"product_tag-perspectiva","17":"product_tag-profundidad","18":"product_shipping_class-caja","19":"pa_artistas-verificados-elena-marti-zaro","20":"pa_disciplina-pintura","21":"pa_estilo-metafisico","22":"pa_orientacion-vertical","23":"pa_tecnica-oleo","24":"pa_tema-espacial","27":"instock","28":"sold-individually","29":"shipping-taxable","30":"purchasable","31":"product-type-simple"},"_links":{"self":[{"href":"https:\/\/forloveatart.com\/en\/wp-json\/wp\/v2\/product\/2023038","targetHints":{"allow":["GET"]}}],"collection":[{"href":"https:\/\/forloveatart.com\/en\/wp-json\/wp\/v2\/product"}],"about":[{"href":"https:\/\/forloveatart.com\/en\/wp-json\/wp\/v2\/types\/product"}],"version-history":[{"count":2,"href":"https:\/\/forloveatart.com\/en\/wp-json\/wp\/v2\/product\/2023038\/revisions"}],"predecessor-version":[{"id":2023040,"href":"https:\/\/forloveatart.com\/en\/wp-json\/wp\/v2\/product\/2023038\/revisions\/2023040"}],"wp:featuredmedia":[{"embeddable":true,"href":"https:\/\/forloveatart.com\/en\/wp-json\/wp\/v2\/media\/2023041"}],"wp:attachment":[{"href":"https:\/\/forloveatart.com\/en\/wp-json\/wp\/v2\/media?parent=2023038"}],"wp:term":[{"taxonomy":"product_brand","embeddable":true,"href":"https:\/\/forloveatart.com\/en\/wp-json\/wp\/v2\/product_brand?post=2023038"},{"taxonomy":"product_cat","embeddable":true,"href":"https:\/\/forloveatart.com\/en\/wp-json\/wp\/v2\/product_cat?post=2023038"},{"taxonomy":"product_tag","embeddable":true,"href":"https:\/\/forloveatart.com\/en\/wp-json\/wp\/v2\/product_tag?post=2023038"}],"curies":[{"name":"wp","href":"https:\/\/api.w.org\/{rel}","templated":true}]}}