{"id":2023064,"date":"2021-05-30T10:42:06","date_gmt":"2021-05-30T10:42:06","guid":{"rendered":"https:\/\/forloveatart.com\/product\/ha-venido-mi-prima-que-prima-la-primavera\/"},"modified":"2021-11-09T09:50:29","modified_gmt":"2021-11-09T09:50:29","slug":"ha-venido-mi-prima-que-prima-la-primavera","status":"publish","type":"product","link":"https:\/\/forloveatart.com\/en\/producto\/ha-venido-mi-prima-que-prima-la-primavera\/","title":{"rendered":"Ha venido mi prima \u00bf Qu\u00e9 prima? La primavera"},"content":{"rendered":"<p>Pintura al \u00f3leo sobre lienzo con colores planos de primavera en los campos geom\u00e9tricos bajo un cielo de nubes.<\/p>\n","protected":false},"excerpt":{"rendered":"<p>Pintura al \u00f3leo sobre lienzo<\/p>\n<p>25 cm de alto por 30 cm. de largo.<\/p>\n","protected":false},"featured_media":2023561,"template":"","meta":[],"product_brand":[],"product_cat":[614,622,177],"product_tag":[141,906,905],"class_list":{"0":"post-2023064","1":"product","2":"type-product","3":"status-publish","4":"has-post-thumbnail","6":"product_cat-artistas","7":"product_cat-marietta-negueruela","8":"product_cat-paintings","9":"product_tag-arte-contemporaneo","10":"product_tag-pintura-geometrica","11":"product_tag-pintura-metafisica","12":"product_shipping_class-caja","13":"pa_artistas-verificados-marietta-negueruela","14":"pa_disciplina-pintura","15":"pa_estilo-geometrico","16":"pa_orientacion-horizontal","17":"pa_tecnica-oleo","18":"pa_tema-paisaje","21":"instock","22":"sold-individually","23":"shipping-taxable","24":"purchasable","25":"product-type-simple"},"_links":{"self":[{"href":"https:\/\/forloveatart.com\/en\/wp-json\/wp\/v2\/product\/2023064","targetHints":{"allow":["GET"]}}],"collection":[{"href":"https:\/\/forloveatart.com\/en\/wp-json\/wp\/v2\/product"}],"about":[{"href":"https:\/\/forloveatart.com\/en\/wp-json\/wp\/v2\/types\/product"}],"version-history":[{"count":1,"href":"https:\/\/forloveatart.com\/en\/wp-json\/wp\/v2\/product\/2023064\/revisions"}],"predecessor-version":[{"id":2023065,"href":"https:\/\/forloveatart.com\/en\/wp-json\/wp\/v2\/product\/2023064\/revisions\/2023065"}],"wp:featuredmedia":[{"embeddable":true,"href":"https:\/\/forloveatart.com\/en\/wp-json\/wp\/v2\/media\/2023561"}],"wp:attachment":[{"href":"https:\/\/forloveatart.com\/en\/wp-json\/wp\/v2\/media?parent=2023064"}],"wp:term":[{"taxonomy":"product_brand","embeddable":true,"href":"https:\/\/forloveatart.com\/en\/wp-json\/wp\/v2\/product_brand?post=2023064"},{"taxonomy":"product_cat","embeddable":true,"href":"https:\/\/forloveatart.com\/en\/wp-json\/wp\/v2\/product_cat?post=2023064"},{"taxonomy":"product_tag","embeddable":true,"href":"https:\/\/forloveatart.com\/en\/wp-json\/wp\/v2\/product_tag?post=2023064"}],"curies":[{"name":"wp","href":"https:\/\/api.w.org\/{rel}","templated":true}]}}